{"id":18340,"date":"2021-04-04T17:27:14","date_gmt":"2021-04-04T22:27:14","guid":{"rendered":"https:\/\/www.colegiohispano.edu.co\/newhispano\/siteweb\/?page_id=18340"},"modified":"2025-08-25T18:24:30","modified_gmt":"2025-08-25T23:24:30","slug":"deporte","status":"publish","type":"page","link":"https:\/\/www.colegiohispano.edu.co\/siteweb\/deporte\/","title":{"rendered":"Deporte"},"content":{"rendered":"<p>[vc_row dfd_row_config=&#8221;full_width_content_paddings&#8221; css=&#8221;.vc_custom_1461754707519{padding-right: 3% !important;padding-left: 3% !important;}&#8221;][vc_column]<div class=\"dfd-spacer-module\"  data-units=\"px\" data-wide_resolution=\"1280\" data-wide_size=\"10\" data-normal_resolution=\"1024\" data-normal_size=\"\" data-tablet_resolution=\"800\" data-tablet_size=\"\" data-mobile_resolution=\"480\" data-mobile_size=\"\" style=\"height: 10px;\"><\/div><div class=\"dfd-heading-shortcode\"><div class=\"dfd-heading-module-wrap  text-center style_02 dfd-heading-69d652172eaf1 dfd-disable-resposive-headings\" id=\"dfd-heading-69d652172eaf1\" ><div class=\"inline-block\"><div class=\"dfd-heading-module\"><h5 class=\"widget-title dfd-title \" style=\"\"><span style=\"color: #004693; font-style: italic;\"><span style=\"font-weight: 400;\">Educaci\u00f3n F\u00edsica, la Recreaci\u00f3n y Deporte<\/span><\/span><\/h5><\/div><\/div><\/div><script type=\"text\/javascript\">\r\n\t\t\t\t\t\t\t\t\t(function($) {\r\n\t\t\t\t\t\t\t\t\t\t$(\"head\").append(\"<style>.dfd-heading-69d652172eaf1.dfd-heading-module-wrap .dfd-heading-module .dfd-heading-delimiter {margin-top:10px;margin-bottom:10px;}<\/style>\");\r\n\t\t\t\t\t\t\t\t\t})(jQuery);\r\n\t\t\t\t\t\t\t\t<\/script><\/div>[\/vc_column][vc_column][vc_column_text]<span style=\"font-weight: 400;\">La Educaci\u00f3n F\u00edsica en el Colegio Hispanoamericano cumple con los objetivos y lineamientos institucionales. Uno de los objetivos es la formaci\u00f3n integral de los educandos a trav\u00e9s del movimiento, entendido \u00e9ste como la Educaci\u00f3n F\u00edsica, la Recreaci\u00f3n, los Deportes, los Festivales y los Juegos Intercolegiados.<\/span><\/p>\n<p><span style=\"font-weight: 400;\">Mediante estas actividades buscamos afianzar los valores en los estudiantes tales como el respeto, la responsabilidad, la tolerancia, la honestidad, la cooperaci\u00f3n, el compa\u00f1erismo, aplicaci\u00f3n del juego limpio en las actividades a nivel de Colegio\u00a0 en las cuales participamos, integraci\u00f3n con la comunidad estudiantil del Departamento.<\/span><\/p>\n<p><span style=\"font-weight: 400;\">Otro de los objetivos es buscar que el educando se apropie del conocimiento\u00a0 deportivo entendido este como la asimilaci\u00f3n del aspecto t\u00e9cnico y el mejoramiento f\u00edsico atl\u00e9tico que le servir\u00e1 para toda la vida.<\/span><\/p>\n<p><span style=\"font-weight: 400;\">Como podemos ver, bajo estas dos premisas est\u00e1 fundamentada el \u00c1rea de Educaci\u00f3n F\u00edsica en el Colegio Hispanoamericano, por lo cual tenemos estructurada\u00a0 desde el preescolar, pasando por la b\u00e1sica primaria y terminando en el grado once,\u00a0 donde lo programas y contenidos est\u00e1n correlacionados de acuerdo a los grados y a las etapas de crecimiento de los estudiantes.<\/span><\/p>\n<p><span style=\"font-weight: 400;\">Igualmente es de resaltar el excelente nivel deportivo a nivel de Festivales y Juegos Intercolegiados que presenta el Colegio; cada d\u00eda los logros en este campo van aumentando y es as\u00ed como en la actualidad somos los Campeones de la Asociaci\u00f3n de Colegios del Norte (entidad que agrupa a 8 colegios), subcampeones de los Juegos Intercolegiados de Santiago de Cali, Subcampeones de la copa Gatorade, en fin, ni para qu\u00e9 seguir enumerando m\u00e1s logros, solamente resta por decir que\u00a0 gracias al apoyo de la Instituci\u00f3n, al compromiso de los estudiantes, padres de familia y docentes del \u00c1rea de Educaci\u00f3n F\u00edsica hoy estamos llegando a la Excelencia Deportiva.<\/span>[\/vc_column_text]<div class=\"dfd-spacer-module\"  data-units=\"px\" data-wide_resolution=\"1280\" data-wide_size=\"90\" data-normal_resolution=\"1024\" data-normal_size=\"80\" data-tablet_resolution=\"800\" data-tablet_size=\"100\" data-mobile_resolution=\"480\" data-mobile_size=\"90\" style=\"height: 90px;\"><\/div><div class=\"dfd-heading-shortcode\"><div class=\"dfd-heading-module-wrap  text-center style_01 dfd-heading-69d652172ef43 dfd-disable-resposive-headings\" id=\"dfd-heading-69d652172ef43\" ><div class=\"inline-block\"><div class=\"dfd-heading-module\"><h5 class=\"widget-title dfd-title \" style=\"font-size: 40px; line-height: 40px; letter-spacing: -2px; \"><strong>Somos Hispanos <\/strong><\/p>\n<p><strong>en <\/strong><span style=\"color: #004693;\"><b><i>CercanIA<\/i><\/b><\/span><\/h5><\/div><\/div><\/div><script type=\"text\/javascript\">\r\n\t\t\t\t\t\t\t\t\t(function($) {\r\n\t\t\t\t\t\t\t\t\t\t$(\"head\").append(\"<style>.dfd-heading-69d652172ef43 .dfd-heading-module .widget-title {margin-bottom:15px;}.dfd-heading-69d652172ef43.dfd-heading-module-wrap .dfd-heading-module .dfd-heading-delimiter {margin-top:10px;margin-bottom:10px;}<\/style>\");\r\n\t\t\t\t\t\t\t\t\t})(jQuery);\r\n\t\t\t\t\t\t\t\t<\/script><\/div><div class=\"dfd-spacer-module\"  data-units=\"px\" data-wide_resolution=\"1280\" data-wide_size=\"30\" data-normal_resolution=\"1024\" data-normal_size=\"30\" data-tablet_resolution=\"800\" data-tablet_size=\"30\" data-mobile_resolution=\"480\" data-mobile_size=\"30\" style=\"height: 30px;\"><\/div>[\/vc_column][\/vc_row][vc_row][vc_column][\/vc_column][\/vc_row]<\/p>\n","protected":false},"excerpt":{"rendered":"<p>[vc_row dfd_row_config=&#8221;full_width_content_paddings&#8221; css=&#8221;.vc_custom_1461754707519{padding-right: 3% !important;padding-left: 3% !important;}&#8221;][vc_column][\/vc_column][vc_column][vc_column_text]La Educaci\u00f3n F\u00edsica en el Colegio Hispanoamericano cumple con los objetivos y lineamientos institucionales. Uno de los objetivos es la formaci\u00f3n integral de los<\/p>\n","protected":false},"author":1,"featured_media":0,"parent":0,"menu_order":0,"comment_status":"closed","ping_status":"closed","template":"page-custom-with-header.php","meta":[],"_links":{"self":[{"href":"https:\/\/www.colegiohispano.edu.co\/siteweb\/wp-json\/wp\/v2\/pages\/18340"}],"collection":[{"href":"https:\/\/www.colegiohispano.edu.co\/siteweb\/wp-json\/wp\/v2\/pages"}],"about":[{"href":"https:\/\/www.colegiohispano.edu.co\/siteweb\/wp-json\/wp\/v2\/types\/page"}],"author":[{"embeddable":true,"href":"https:\/\/www.colegiohispano.edu.co\/siteweb\/wp-json\/wp\/v2\/users\/1"}],"replies":[{"embeddable":true,"href":"https:\/\/www.colegiohispano.edu.co\/siteweb\/wp-json\/wp\/v2\/comments?post=18340"}],"version-history":[{"count":10,"href":"https:\/\/www.colegiohispano.edu.co\/siteweb\/wp-json\/wp\/v2\/pages\/18340\/revisions"}],"predecessor-version":[{"id":21071,"href":"https:\/\/www.colegiohispano.edu.co\/siteweb\/wp-json\/wp\/v2\/pages\/18340\/revisions\/21071"}],"wp:attachment":[{"href":"https:\/\/www.colegiohispano.edu.co\/siteweb\/wp-json\/wp\/v2\/media?parent=18340"}],"curies":[{"name":"wp","href":"https:\/\/api.w.org\/{rel}","templated":true}]}}