{"id":18347,"date":"2021-04-04T17:34:02","date_gmt":"2021-04-04T22:34:02","guid":{"rendered":"https:\/\/www.colegiohispano.edu.co\/newhispano\/siteweb\/?page_id=18347"},"modified":"2025-08-25T18:22:45","modified_gmt":"2025-08-25T23:22:45","slug":"matematicas","status":"publish","type":"page","link":"https:\/\/www.colegiohispano.edu.co\/siteweb\/matematicas\/","title":{"rendered":"Matem\u00e1ticas"},"content":{"rendered":"<p>[vc_row dfd_row_config=&#8221;full_width_content_paddings&#8221; css=&#8221;.vc_custom_1461754707519{padding-right: 3% !important;padding-left: 3% !important;}&#8221;][vc_column]<div class=\"dfd-heading-shortcode\"><div class=\"dfd-heading-module-wrap  text-center style_02 dfd-heading-69e635ac4ea66 dfd-disable-resposive-headings\" id=\"dfd-heading-69e635ac4ea66\" ><div class=\"inline-block\"><div class=\"dfd-heading-module\"><h5 class=\"widget-title dfd-title \" style=\"\"><span style=\"color: #004693; font-style: italic;\">Matem\u00e1ticas <\/span><\/h5><\/div><\/div><\/div><script type=\"text\/javascript\">\r\n\t\t\t\t\t\t\t\t\t(function($) {\r\n\t\t\t\t\t\t\t\t\t\t$(\"head\").append(\"<style>.dfd-heading-69e635ac4ea66.dfd-heading-module-wrap .dfd-heading-module .dfd-heading-delimiter {margin-top:10px;margin-bottom:10px;}<\/style>\");\r\n\t\t\t\t\t\t\t\t\t})(jQuery);\r\n\t\t\t\t\t\t\t\t<\/script><\/div>[vc_column_text]<span style=\"font-weight: 400;\">El Departamento de Matem\u00e1ticas enfatiza en la ense\u00f1anza del \u00e1rea a partir de actividades que propician espacios de socializaci\u00f3n del conocimiento en los cuales se consolida un sentimiento de superaci\u00f3n personal y se potencializan sus habilidades desde los diferentes tipos de pensamiento y procesos matem\u00e1ticos, fomentando actitudes de aprecio, seguridad y confianza hacia las matem\u00e1ticas para alcanzar un excelente desempe\u00f1o acad\u00e9mico.<\/span><\/p>\n<p><span style=\"font-weight: 400;\">Para ello el curr\u00edculo se desarrolla seg\u00fan lo planteado por el Ministerio de Educaci\u00f3n Nacional a partir de los Documentos N\u00b010 y N\u00b013 para el desarrollo infantil y las competencias en la primera infancia, los Lineamientos Curriculares (1998) y los Est\u00e1ndares B\u00e1sicos de Competencias en Matem\u00e1ticas (2006) para primaria y bachillerato.<\/span><\/p>\n<p><span style=\"font-weight: 400;\">Por otro lado, se incentiva la participaci\u00f3n de los estudiantes en las Olimpiadas de Matem\u00e1ticas organizadas por diferentes universidades y colegios a nivel nacional e internacional. Igualmente se promueve la participaci\u00f3n de los estudiantes en el Grupo \u00c9lite para la formaci\u00f3n de talentos auspiciado por la Universidad Antonio Nari\u00f1o.<\/span><\/p>\n<p><span style=\"font-weight: 400;\">El departamento de Matem\u00e1ticas, enfatiza en promover el\u00a0 aprendizaje din\u00e1mico e interactivo entre los alumnos y el docente que permitan mayor comprensi\u00f3n del \u00e1rea por parte de los estudiantes. Para esto se realizan actividades que propician espacios de socializaci\u00f3n del conocimiento, en los cuales se consolida un sentimiento de superaci\u00f3n personal y se potencializan sus habilidades desde los diferentes tipos de pensamiento y procesos matem\u00e1ticos, fomentando actitudes de aprecio, seguridad y confianza hacia las matem\u00e1ticas para alcanzar un excelente desempe\u00f1o acad\u00e9mico.<\/span>[\/vc_column_text][\/vc_column][vc_column]<div class=\"dfd-spacer-module\"  data-units=\"px\" data-wide_resolution=\"1280\" data-wide_size=\"90\" data-normal_resolution=\"1024\" data-normal_size=\"80\" data-tablet_resolution=\"800\" data-tablet_size=\"100\" data-mobile_resolution=\"480\" data-mobile_size=\"90\" style=\"height: 90px;\"><\/div><div class=\"dfd-heading-shortcode\"><div class=\"dfd-heading-module-wrap  text-center style_01 dfd-heading-69e635ac4f494 dfd-disable-resposive-headings\" id=\"dfd-heading-69e635ac4f494\" ><div class=\"inline-block\"><div class=\"dfd-heading-module\"><h5 class=\"widget-title dfd-title \" style=\"font-size: 40px; line-height: 40px; letter-spacing: -2px; \"><strong>Somos Hispanos <\/strong><\/p>\n<p><strong>en <\/strong><span style=\"color: #004693;\"><b><i>CercanIA<\/i><\/b><\/span><\/h5><\/div><\/div><\/div><script type=\"text\/javascript\">\r\n\t\t\t\t\t\t\t\t\t(function($) {\r\n\t\t\t\t\t\t\t\t\t\t$(\"head\").append(\"<style>.dfd-heading-69e635ac4f494 .dfd-heading-module .widget-title {margin-bottom:15px;}.dfd-heading-69e635ac4f494.dfd-heading-module-wrap .dfd-heading-module .dfd-heading-delimiter {margin-top:10px;margin-bottom:10px;}<\/style>\");\r\n\t\t\t\t\t\t\t\t\t})(jQuery);\r\n\t\t\t\t\t\t\t\t<\/script><\/div><div class=\"dfd-spacer-module\"  data-units=\"px\" data-wide_resolution=\"1280\" data-wide_size=\"30\" data-normal_resolution=\"1024\" data-normal_size=\"30\" data-tablet_resolution=\"800\" data-tablet_size=\"30\" data-mobile_resolution=\"480\" data-mobile_size=\"30\" style=\"height: 30px;\"><\/div>[\/vc_column][\/vc_row][vc_row][vc_column][\/vc_column][\/vc_row]<\/p>\n","protected":false},"excerpt":{"rendered":"<p>[vc_row dfd_row_config=&#8221;full_width_content_paddings&#8221; css=&#8221;.vc_custom_1461754707519{padding-right: 3% !important;padding-left: 3% !important;}&#8221;][vc_column][vc_column_text]El Departamento de Matem\u00e1ticas enfatiza en la ense\u00f1anza del \u00e1rea a partir de actividades que propician espacios de socializaci\u00f3n del conocimiento en los cuales<\/p>\n","protected":false},"author":1,"featured_media":20445,"parent":0,"menu_order":0,"comment_status":"closed","ping_status":"closed","template":"page-custom-with-header.php","meta":[],"_links":{"self":[{"href":"https:\/\/www.colegiohispano.edu.co\/siteweb\/wp-json\/wp\/v2\/pages\/18347"}],"collection":[{"href":"https:\/\/www.colegiohispano.edu.co\/siteweb\/wp-json\/wp\/v2\/pages"}],"about":[{"href":"https:\/\/www.colegiohispano.edu.co\/siteweb\/wp-json\/wp\/v2\/types\/page"}],"author":[{"embeddable":true,"href":"https:\/\/www.colegiohispano.edu.co\/siteweb\/wp-json\/wp\/v2\/users\/1"}],"replies":[{"embeddable":true,"href":"https:\/\/www.colegiohispano.edu.co\/siteweb\/wp-json\/wp\/v2\/comments?post=18347"}],"version-history":[{"count":8,"href":"https:\/\/www.colegiohispano.edu.co\/siteweb\/wp-json\/wp\/v2\/pages\/18347\/revisions"}],"predecessor-version":[{"id":20790,"href":"https:\/\/www.colegiohispano.edu.co\/siteweb\/wp-json\/wp\/v2\/pages\/18347\/revisions\/20790"}],"wp:featuredmedia":[{"embeddable":true,"href":"https:\/\/www.colegiohispano.edu.co\/siteweb\/wp-json\/wp\/v2\/media\/20445"}],"wp:attachment":[{"href":"https:\/\/www.colegiohispano.edu.co\/siteweb\/wp-json\/wp\/v2\/media?parent=18347"}],"curies":[{"name":"wp","href":"https:\/\/api.w.org\/{rel}","templated":true}]}}