{"id":18352,"date":"2021-04-04T17:38:20","date_gmt":"2021-04-04T22:38:20","guid":{"rendered":"https:\/\/www.colegiohispano.edu.co\/newhispano\/siteweb\/?page_id=18352"},"modified":"2025-08-25T18:23:27","modified_gmt":"2025-08-25T23:23:27","slug":"ciencias-naturales","status":"publish","type":"page","link":"https:\/\/www.colegiohispano.edu.co\/siteweb\/ciencias-naturales\/","title":{"rendered":"Ciencias Naturales"},"content":{"rendered":"<p>[vc_row dfd_row_config=&#8221;full_width_content_paddings&#8221; css=&#8221;.vc_custom_1461754707519{padding-right: 3% !important;padding-left: 3% !important;}&#8221;][vc_column]<div class=\"dfd-heading-shortcode\"><div class=\"dfd-heading-module-wrap  text-center style_02 dfd-heading-69f620d4bea02 dfd-disable-resposive-headings\" id=\"dfd-heading-69f620d4bea02\" ><div class=\"inline-block\"><div class=\"dfd-heading-module\"><h5 class=\"widget-title dfd-title \" style=\"\"><span style=\"color: #004693; font-style: italic;\">Ciencias Naturales <\/span><\/h5><\/div><\/div><\/div><script type=\"text\/javascript\">\r\n\t\t\t\t\t\t\t\t\t(function($) {\r\n\t\t\t\t\t\t\t\t\t\t$(\"head\").append(\"<style>.dfd-heading-69f620d4bea02.dfd-heading-module-wrap .dfd-heading-module .dfd-heading-delimiter {margin-top:10px;margin-bottom:10px;}<\/style>\");\r\n\t\t\t\t\t\t\t\t\t})(jQuery);\r\n\t\t\t\t\t\t\t\t<\/script><\/div>[vc_column_text]<span style=\"font-weight: 400;\">El Departamento de Ciencias Naturales del Colegio HISPANOAMERICANO planifica y desarrolla actividades que permiten a los estudiantes desarrollar procesos relacionados con el pensamiento cient\u00edfico, de tal modo que logren tener una visi\u00f3n del mundo natural, una concepci\u00f3n de s\u00ed mismos y de sus relaciones con la sociedad y la naturaleza, as\u00ed mismo, se busca generar en los estudiantes una actitud reflexiva acerca de la influencia que tiene el ser humano para la conservaci\u00f3n del medio ambiente.<\/span><\/p>\n<p><span style=\"font-weight: 400;\">Teniendo en cuenta los documentos propuestos por el MEN, para el \u00e1rea de Ciencias Naturales y Educaci\u00f3n Ambiental se han establecido las siguientes competencias espec\u00edficas, las cuales buscamos afianzar en los estudiantes: Uso comprensivo del conocimiento cient\u00edfico, explicaci\u00f3n de fen\u00f3menos e indagaci\u00f3n. Estas competencias son evaluadas por medio de las pruebas escritas en el contexto de las tem\u00e1ticas de los componentes biol\u00f3gico, qu\u00edmico y f\u00edsico.<\/span><\/p>\n<p><span style=\"font-weight: 400;\">Como recurso metodol\u00f3gico es de gran importancia para el Departamento de Ciencias Naturales el uso de las herramientas tecnol\u00f3gicas, como la plataforma Moodle, as\u00ed como, el uso de la tecnolog\u00eda propia de los laboratorios de f\u00edsica, qu\u00edmica y biolog\u00eda. Toda la propuesta metodol\u00f3gica est\u00e1 articulada a una evaluaci\u00f3n permanente cuyo objetivo es buscar la excelencia, la adecuada competencia y una visi\u00f3n cr\u00edtica de los aspectos cient\u00edficos-tecnol\u00f3gicos de la actualidad.<\/span><\/p>\n<p><span style=\"font-weight: 400;\">Desde el \u00e1rea de Ciencias Naturales tambi\u00e9n se busca participar en la formaci\u00f3n integral de los estudiantes acorde a las caracter\u00edsticas, necesidades y realidades de la poblaci\u00f3n estudiantil, formando acad\u00e9micamente y en valores, de tal forma que se contribuya a la consolidaci\u00f3n del perfil del estudiante Hispanoamericano que tiende a desarrollar caracter\u00edsticas tales como la autonom\u00eda, el liderazgo, la excelencia humana y acad\u00e9mica.<\/span>[\/vc_column_text]<div class=\"dfd-spacer-module\"  data-units=\"px\" data-wide_resolution=\"1280\" data-wide_size=\"10\" data-normal_resolution=\"1024\" data-normal_size=\"\" data-tablet_resolution=\"800\" data-tablet_size=\"\" data-mobile_resolution=\"480\" data-mobile_size=\"\" style=\"height: 10px;\"><\/div>[\/vc_column][vc_column]<div class=\"dfd-spacer-module\"  data-units=\"px\" data-wide_resolution=\"1280\" data-wide_size=\"90\" data-normal_resolution=\"1024\" data-normal_size=\"80\" data-tablet_resolution=\"800\" data-tablet_size=\"100\" data-mobile_resolution=\"480\" data-mobile_size=\"90\" style=\"height: 90px;\"><\/div><div class=\"dfd-heading-shortcode\"><div class=\"dfd-heading-module-wrap  text-center style_01 dfd-heading-69f620d4bf240 dfd-disable-resposive-headings\" id=\"dfd-heading-69f620d4bf240\" ><div class=\"inline-block\"><div class=\"dfd-heading-module\"><h5 class=\"widget-title dfd-title \" style=\"font-size: 40px; line-height: 40px; letter-spacing: -2px; \"><strong>Somos Hispanos <\/strong><\/p>\n<p><strong>en <\/strong><span style=\"color: #004693;\"><b><i>CercanIA<\/i><\/b><\/span><\/h5><\/div><\/div><\/div><script type=\"text\/javascript\">\r\n\t\t\t\t\t\t\t\t\t(function($) {\r\n\t\t\t\t\t\t\t\t\t\t$(\"head\").append(\"<style>.dfd-heading-69f620d4bf240 .dfd-heading-module .widget-title {margin-bottom:15px;}.dfd-heading-69f620d4bf240.dfd-heading-module-wrap .dfd-heading-module .dfd-heading-delimiter {margin-top:10px;margin-bottom:10px;}<\/style>\");\r\n\t\t\t\t\t\t\t\t\t})(jQuery);\r\n\t\t\t\t\t\t\t\t<\/script><\/div><div class=\"dfd-spacer-module\"  data-units=\"px\" data-wide_resolution=\"1280\" data-wide_size=\"30\" data-normal_resolution=\"1024\" data-normal_size=\"30\" data-tablet_resolution=\"800\" data-tablet_size=\"30\" data-mobile_resolution=\"480\" data-mobile_size=\"30\" style=\"height: 30px;\"><\/div><div class=\"dfd-spacer-module\"  data-units=\"px\" data-wide_resolution=\"1280\" data-wide_size=\"90\" data-normal_resolution=\"1024\" data-normal_size=\"80\" data-tablet_resolution=\"800\" data-tablet_size=\"90\" data-mobile_resolution=\"480\" data-mobile_size=\"80\" style=\"height: 90px;\"><\/div>[\/vc_column][\/vc_row][vc_row][vc_column][\/vc_column][\/vc_row]<\/p>\n","protected":false},"excerpt":{"rendered":"<p>[vc_row dfd_row_config=&#8221;full_width_content_paddings&#8221; css=&#8221;.vc_custom_1461754707519{padding-right: 3% !important;padding-left: 3% !important;}&#8221;][vc_column][vc_column_text]El Departamento de Ciencias Naturales del Colegio HISPANOAMERICANO planifica y desarrolla actividades que permiten a los estudiantes desarrollar procesos relacionados con el pensamiento cient\u00edfico,<\/p>\n","protected":false},"author":1,"featured_media":0,"parent":0,"menu_order":0,"comment_status":"closed","ping_status":"closed","template":"page-custom-with-header.php","meta":[],"_links":{"self":[{"href":"https:\/\/www.colegiohispano.edu.co\/siteweb\/wp-json\/wp\/v2\/pages\/18352"}],"collection":[{"href":"https:\/\/www.colegiohispano.edu.co\/siteweb\/wp-json\/wp\/v2\/pages"}],"about":[{"href":"https:\/\/www.colegiohispano.edu.co\/siteweb\/wp-json\/wp\/v2\/types\/page"}],"author":[{"embeddable":true,"href":"https:\/\/www.colegiohispano.edu.co\/siteweb\/wp-json\/wp\/v2\/users\/1"}],"replies":[{"embeddable":true,"href":"https:\/\/www.colegiohispano.edu.co\/siteweb\/wp-json\/wp\/v2\/comments?post=18352"}],"version-history":[{"count":10,"href":"https:\/\/www.colegiohispano.edu.co\/siteweb\/wp-json\/wp\/v2\/pages\/18352\/revisions"}],"predecessor-version":[{"id":21067,"href":"https:\/\/www.colegiohispano.edu.co\/siteweb\/wp-json\/wp\/v2\/pages\/18352\/revisions\/21067"}],"wp:attachment":[{"href":"https:\/\/www.colegiohispano.edu.co\/siteweb\/wp-json\/wp\/v2\/media?parent=18352"}],"curies":[{"name":"wp","href":"https:\/\/api.w.org\/{rel}","templated":true}]}}