{"id":18369,"date":"2021-04-04T17:46:19","date_gmt":"2021-04-04T22:46:19","guid":{"rendered":"https:\/\/www.colegiohispano.edu.co\/newhispano\/siteweb\/?page_id=18369"},"modified":"2025-08-27T15:42:28","modified_gmt":"2025-08-27T20:42:28","slug":"preescolar","status":"publish","type":"page","link":"https:\/\/www.colegiohispano.edu.co\/siteweb\/preescolar\/","title":{"rendered":"Preescolar"},"content":{"rendered":"<p>[vc_row dfd_row_config=&#8221;full_width_content_paddings&#8221; css=&#8221;.vc_custom_1461833292024{border-bottom-width: 1px !important;border-bottom-color: #e2e2e2 !important;border-bottom-style: solid !important;}&#8221;][vc_column][\/vc_column][\/vc_row][vc_row force_equal_height_columns=&#8221;main_row&#8221; mobile_destroy_equal_heights_resolution=&#8221;799&#8243; dfd_row_config=&#8221;full_width_content&#8221; mobile_destroy_equal_heights=&#8221;yes&#8221;][vc_column width=&#8221;1\/2&#8243; el_class=&#8221;dfd_col-tablet-12&#8243; offset=&#8221;vc_col-lg-6 vc_col-md-6 vc_col-xs-12&#8243; col_shadow=&#8221;box_shadow_enable:disable|shadow_horizontal:0|shadow_vertical:15|shadow_blur:50|shadow_spread:0|box_shadow_color:rgba(0%2C0%2C0%2C0.35)&#8221; col_shadow_hover=&#8221;box_shadow_enable:disable|shadow_horizontal:0|shadow_vertical:15|shadow_blur:50|shadow_spread:0|box_shadow_color:rgba(0%2C0%2C0%2C0.35)&#8221;]<div class=\"dfd-spacer-module\"  data-units=\"px\" data-wide_resolution=\"1280\" data-wide_size=\"0\" data-normal_resolution=\"1024\" data-normal_size=\"0\" data-tablet_resolution=\"800\" data-tablet_size=\"0\" data-mobile_resolution=\"480\" data-mobile_size=\"150\" style=\"height: 0px;\"><\/div><div id=\"dfd-single-image-module69d0994dcbbc3-1497\" class=\"dfd-single-image-module  image-center  dfd-img-lazy-load\" ><img src=\"data:image\/svg+xml;charset=utf-8,%3Csvg xmlns%3D'http%3A%2F%2Fwww.w3.org%2F2000%2Fsvg' viewBox%3D'0 0 1440 1800'%2F%3E\" data-src=\"https:\/\/www.colegiohispano.edu.co\/siteweb\/wordpress\/wp-content\/uploads\/2023\/11\/Prescolar2.jpg\" width=\"1440\" height=\"1800\"  alt=\"Image module\" \/><\/div><div class=\"dfd-spacer-module\"  data-units=\"px\" data-wide_resolution=\"1280\" data-wide_size=\"0\" data-normal_resolution=\"1024\" data-normal_size=\"0\" data-tablet_resolution=\"800\" data-tablet_size=\"0\" data-mobile_resolution=\"480\" data-mobile_size=\"150\" style=\"height: 0px;\"><\/div>[\/vc_column][vc_column width=&#8221;1\/2&#8243; css=&#8221;.vc_custom_1462025533627{padding-right: 8% !important;padding-left: 5% !important;}&#8221; el_class=&#8221;custom-change-padding20 dfd_col-tablet-12&#8243; offset=&#8221;vc_col-lg-6 vc_col-md-6 vc_col-xs-12&#8243;]<div class=\"dfd-heading-shortcode\"><div class=\"dfd-heading-module-wrap  text-left style_01 cr-animate-gen dfd-heading-69d0994dcbf47 dfd-disable-resposive-headings\" id=\"dfd-heading-69d0994dcbf47\" data-animate-type = \"transition.slideRightIn\" ><div class=\"inline-block\"><div class=\"dfd-heading-module\"><h5 class=\"widget-title dfd-title \" style=\"font-size: 55px; line-height: 55px; letter-spacing: -3px; \">Preescolar<\/h5><h3 class=\"widget-sub-title dfd-sub-title \" style=\"\">Directora Seccional Martha Lucia Montoya S\u00e1nchez<\/h3><div class=\"dfd-heading-delimiter dfd-img-lazy-load\"><\/div><\/div><\/div><\/div><script type=\"text\/javascript\">\r\n\t\t\t\t\t\t\t\t\t(function($) {\r\n\t\t\t\t\t\t\t\t\t\t$(\"head\").append(\"<style>.dfd-heading-69d0994dcbf47.dfd-heading-module-wrap .dfd-heading-module .dfd-heading-delimiter {border-bottom-style:solid;border-bottom-width:1px;width:100px;border-bottom-color:#dddddd;}.dfd-heading-69d0994dcbf47 .dfd-heading-module .widget-title {margin-bottom:15px;}@media (max-width: 799px){.dfd-heading-69d0994dcbf47 .dfd-title{font-size: 45px !important;letter-spacing: -2px !important;line-height: 45px !important;}}<\/style>\");\r\n\t\t\t\t\t\t\t\t\t})(jQuery);\r\n\t\t\t\t\t\t\t\t<\/script><\/div><div class=\"dfd-spacer-module\"  data-units=\"px\" data-wide_resolution=\"1280\" data-wide_size=\"19\" data-normal_resolution=\"1024\" data-normal_size=\"19\" data-tablet_resolution=\"800\" data-tablet_size=\"20\" data-mobile_resolution=\"480\" data-mobile_size=\"20\" style=\"height: 19px;\"><\/div>[vc_column_text item_animation=&#8221;transition.slideRightIn&#8221;]<\/p>\n<p style=\"text-align: left;\">En la sede Campestre, nuestros estudiantes aprenden en un ambiente natural gracias a experiencias significativas, donde la excelencia acad\u00e9mica y humana se articulan para formar seres humanos integrales comprometidos con su crecimiento y desarrollo.<\/p>\n<p>[\/vc_column_text][vc_column_text item_animation=&#8221;transition.slideRightIn&#8221;]<\/p>\n<blockquote>\n<p style=\"text-align: left;\">Edades:<\/p>\n<p>Para Preescolar , en el a\u00f1o lectivo, la edad cumplida aproximada al 31 de agosto debe ser:<\/p>\n<p>Pre-Jard\u00edn: 3 a\u00f1os<\/p>\n<p>Jard\u00edn: 4 a\u00f1os<\/p>\n<p>Transici\u00f3n: 5 a\u00f1os<\/p><\/blockquote>\n<p>[\/vc_column_text]<div id=\"dfd-button-69d0994dcc555\" class=\"dfd-button-module-wrap dfd-button-69d0994dcc555\"><div class=\"dfd-button-module  cr-animate-gen style_3 text-left dfd-horizontal dfd-top-to-bottom dfd-button-icon-left dfd-button-icon-hover-simple\"  data-animate-type=\"transition.slideRightIn\" ><a href=\"https:\/\/www.colegiohispano.edu.co\/siteweb\/admisiones\/\" title=\"Admisiones\" target=\"_blank\" class=\"dfd-button-link\"><span class=\"dfd-button-inner-cover\"><span class=\"dfd-button-text-main\">Admisiones<\/span><\/span><\/a><\/div><script type=\"text\/javascript\">\r\n\t\t\t\t\t\t\t\t\t(function($) {$(\"head\").append(\"<style>#dfd-button-69d0994dcc555.dfd-button-module-wrap .dfd-button-module .dfd-button-link .dfd-button-inner-cover .dfd-button-text-main, .dfd-button-69d0994dcc555.dfd-button-module-wrap .dfd-button-module .dfd-button-link .dfd-button-inner-cover .dfd-button-text-main, .dfd-button-69d0994dcc555.dfd-button-module-wrap .dfd-button-module .dfd-button-link .dfd-button-inner-cover .dfd-button-text-hover, #dfd-button-69d0994dcc555.dfd-button-module-wrap .dfd-button-module .dfd-button-link .dfd-button-inner-cover .dfd-button-text-hover {padding-left: 40px;}#dfd-button-69d0994dcc555.dfd-button-module-wrap .dfd-button-module .dfd-button-link .dfd-button-inner-cover .dfd-button-text-main, .dfd-button-69d0994dcc555.dfd-button-module-wrap .dfd-button-module .dfd-button-link .dfd-button-inner-cover .dfd-button-text-main, .dfd-button-69d0994dcc555.dfd-button-module-wrap .dfd-button-module .dfd-button-link .dfd-button-inner-cover .dfd-button-text-hover, #dfd-button-69d0994dcc555.dfd-button-module-wrap .dfd-button-module .dfd-button-link .dfd-button-inner-cover .dfd-button-text-hover {padding-right: 40px;}#dfd-button-69d0994dcc555.dfd-button-module-wrap .dfd-button-module .dfd-button-link .dfd-button-inner-cover .dfd-button-text-main,.dfd-button-69d0994dcc555.dfd-button-module-wrap .dfd-button-module .dfd-button-link .dfd-button-inner-cover .dfd-button-text-main {color: #282828}#dfd-button-69d0994dcc555.dfd-button-module-wrap .dfd-button-module .dfd-button-link .dfd-button-inner-cover,.dfd-button-69d0994dcc555.dfd-button-module-wrap .dfd-button-module .dfd-button-link .dfd-button-border-decoration,.dfd-button-69d0994dcc555.dfd-button-module-wrap .dfd-button-module .dfd-button-link .dfd-button-inner-cover {border-radius:0px;}#dfd-button-69d0994dcc555.dfd-button-module-wrap .dfd-button-module:not(.style_4) .dfd-button-link .dfd-button-inner-cover:before,#dfd-button-69d0994dcc555.dfd-button-module-wrap .dfd-button-module.style_4 .dfd-button-link .dfd-button-inner-cover:after,#dfd-button-69d0994dcc555.dfd-button-module-wrap .dfd-button-module.style_6 .dfd-button-link .dfd-button-inner-cover .dfd-button-text-main,.dfd-button-69d0994dcc555.dfd-button-module-wrap .dfd-button-module:not(.style_4) .dfd-button-link .dfd-button-inner-cover:before,.dfd-button-69d0994dcc555.dfd-button-module-wrap .dfd-button-module.style_4 .dfd-button-link .dfd-button-inner-cover:after,.dfd-button-69d0994dcc555.dfd-button-module-wrap .dfd-button-module.style_6 .dfd-button-link .dfd-button-inner-cover .dfd-button-text-main {background: #ffffff;border-style:solid;border-width:1px;border-radius:0px;border-color:#d3d3d3;}#dfd-button-69d0994dcc555.dfd-button-module-wrap .dfd-button-module:not(.style_6) .dfd-button-link:hover .dfd-button-inner-cover .dfd-button-text-main,#dfd-button-69d0994dcc555.dfd-button-module-wrap .dfd-button-module .dfd-button-link .dfd-button-inner-cover .dfd-button-text-hover,.dfd-button-69d0994dcc555.dfd-button-module-wrap .dfd-button-module:not(.style_6) .dfd-button-link:hover .dfd-button-inner-cover .dfd-button-text-main,.dfd-button-69d0994dcc555.dfd-button-module-wrap .dfd-button-module .dfd-button-link .dfd-button-inner-cover .dfd-button-text-hover {color: #000000;}#dfd-button-69d0994dcc555.dfd-button-module-wrap .dfd-button-module .dfd-button-link:hover .dfd-button-inner-cover,.dfd-button-69d0994dcc555.dfd-button-module-wrap .dfd-button-module .dfd-button-link:hover .dfd-button-border-decoration,.dfd-button-69d0994dcc555.dfd-button-module-wrap .dfd-button-module .dfd-button-link:hover .dfd-button-inner-cover {border-radius:0px;}#dfd-button-69d0994dcc555.dfd-button-module-wrap .dfd-button-module:not(.style_4) .dfd-button-link .dfd-button-inner-cover:after,#dfd-button-69d0994dcc555.dfd-button-module-wrap .dfd-button-module.style_4 .dfd-button-link .dfd-button-inner-cover:before,#dfd-button-69d0994dcc555.dfd-button-module-wrap .dfd-button-module .dfd-button-link .dfd-button-inner-cover .dfd-button-text-hover .dfd-button-69d0994dcc555.dfd-button-module-wrap .dfd-button-module:not(.style_4) .dfd-button-link .dfd-button-inner-cover:after,.dfd-button-69d0994dcc555.dfd-button-module-wrap .dfd-button-module.style_4 .dfd-button-link .dfd-button-inner-cover:before,.dfd-button-69d0994dcc555.dfd-button-module-wrap .dfd-button-module .dfd-button-link .dfd-button-inner-cover .dfd-button-text-hover {background: #004693;border-style:solid;border-width:1px;border-radius:0px;border-color:#353535;}#dfd-button-69d0994dcc555.dfd-button-module-wrap .dfd-button-module.style_3 .dfd-button-link:hover .dfd-button-inner-cover:before,#dfd-button-69d0994dcc555.dfd-button-module-wrap .dfd-button-module.style_4 .dfd-button-link:hover .dfd-button-inner-cover:before,.dfd-button-69d0994dcc555.dfd-button-module-wrap .dfd-button-module.style_3 .dfd-button-link:hover .dfd-button-inner-cover:before,.dfd-button-69d0994dcc555.dfd-button-module-wrap .dfd-button-module.style_4 .dfd-button-link:hover .dfd-button-inner-cover:before {border-style:solid;border-width:1px;border-radius:0px;border-color:#353535;}<\/style>\")\r\n\t\t\t\t\t\t\t\t\t})(jQuery);\r\n\t\t\t\t\t\t\t\t<\/script><\/div>[\/vc_column][\/vc_row][vc_row force_equal_height_columns=&#8221;main_row&#8221; mobile_destroy_equal_heights_resolution=&#8221;799&#8243; dfd_row_config=&#8221;full_width_content&#8221; mobile_destroy_equal_heights=&#8221;yes&#8221;][vc_column width=&#8221;1\/2&#8243; css=&#8221;.vc_custom_1462027383592{padding-right: 8% !important;padding-left: 5% !important;}&#8221; el_class=&#8221;custom-change-padding20 dfd_col-tablet-12&#8243; offset=&#8221;vc_col-lg-6 vc_col-md-6 vc_col-xs-12&#8243;]<div class=\"dfd-spacer-module\"  data-units=\"px\" data-wide_resolution=\"1280\" data-wide_size=\"120\" data-normal_resolution=\"1024\" data-normal_size=\"100\" data-tablet_resolution=\"800\" data-tablet_size=\"0\" data-mobile_resolution=\"480\" data-mobile_size=\"0\" style=\"height: 120px;\"><\/div><div class=\"dfd-heading-shortcode\"><div class=\"dfd-heading-module-wrap  text-left style_01 cr-animate-gen dfd-heading-69d0994dcc936 dfd-disable-resposive-headings\" id=\"dfd-heading-69d0994dcc936\" data-animate-type = \"transition.slideLeftIn\" ><div class=\"inline-block\"><div class=\"dfd-heading-module\"><h5 class=\"widget-title dfd-title \" style=\"font-size: 55px; line-height: 55px; letter-spacing: -3px; \">Secci\u00f3n Preescolar<\/h5><div class=\"dfd-heading-delimiter dfd-img-lazy-load\"><\/div><\/div><\/div><\/div><script type=\"text\/javascript\">\r\n\t\t\t\t\t\t\t\t\t(function($) {\r\n\t\t\t\t\t\t\t\t\t\t$(\"head\").append(\"<style>.dfd-heading-69d0994dcc936.dfd-heading-module-wrap .dfd-heading-module .dfd-heading-delimiter {border-bottom-style:solid;border-bottom-width:1px;width:100px;border-bottom-color:#dddddd;}.dfd-heading-69d0994dcc936 .dfd-heading-module .widget-title {margin-bottom:15px;}@media (max-width: 799px){.dfd-heading-69d0994dcc936 .dfd-title{font-size: 45px !important;letter-spacing: -2px !important;line-height: 45px !important;}}<\/style>\");\r\n\t\t\t\t\t\t\t\t\t})(jQuery);\r\n\t\t\t\t\t\t\t\t<\/script><\/div><div class=\"dfd-spacer-module\"  data-units=\"px\" data-wide_resolution=\"1280\" data-wide_size=\"20\" data-normal_resolution=\"1024\" data-normal_size=\"20\" data-tablet_resolution=\"800\" data-tablet_size=\"19\" data-mobile_resolution=\"480\" data-mobile_size=\"19\" style=\"height: 20px;\"><\/div>[vc_column_text item_animation=&#8221;transition.slideLeftIn&#8221;]<\/p>\n<table style=\"height: 592px;\" width=\"847\">\n<tbody>\n<tr>\n<td style=\"text-align: center;\"><strong>Curso<\/strong><\/td>\n<td style=\"text-align: center;\"><strong>Docente<\/strong><\/td>\n<td style=\"text-align: center;\"><strong>Correo<\/strong><\/td>\n<\/tr>\n<tr>\n<td><span style=\"font-weight: 400;\">Directora de Secci\u00f3n Preescolar<\/span><\/td>\n<td>Martha Lucia Montoya S\u00e1nchez<\/td>\n<td>dirpreescolar@colegiohispano.edu.co<\/td>\n<\/tr>\n<tr>\n<td>Pre-Jard\u00edn A<\/td>\n<td>Ariadna Gil Salguero<\/td>\n<td>agil@colegiohispano.edu.co<\/td>\n<\/tr>\n<tr>\n<td>Pre-Jard\u00edn A<\/td>\n<td>Carol Julieth Saavedra Arce<\/td>\n<td>csaavedra@colegiohispano.edu.co<\/td>\n<\/tr>\n<tr>\n<td>Pre-Jard\u00edn B<\/td>\n<td>Mar\u00eda Fernanda Guti\u00e9rrez Franco<\/td>\n<td>mgutierrez@colegiohispano.edu.co<\/td>\n<\/tr>\n<tr>\n<td>Pre-Jard\u00edn B<\/td>\n<td>Michelle Liseth G\u00f3mez Pab\u00f3n<\/td>\n<td>mgomez@colegiohispano.edu.co<\/td>\n<\/tr>\n<tr>\n<td>Docente de Ingl\u00e9s (Jard\u00edn A-B)<\/td>\n<td>Mayra Alejandra Londo\u00f1o Quintero<\/td>\n<td>mlondono@colegiohispano.edu.co<\/td>\n<\/tr>\n<tr>\n<td>Expresi\u00f3n Corporal (Pre-Jard\u00edn)<\/td>\n<td>Ivanna Mej\u00eda Echeverry<\/td>\n<td>imejia@colegiohispano.edu.co<\/td>\n<\/tr>\n<tr>\n<td>Jard\u00edn A<\/td>\n<td>Lina Teresa Hurtado Ante<\/td>\n<td>lhurtado@colegiohispano.edu.co<\/td>\n<\/tr>\n<tr>\n<td>Jard\u00edn B<\/td>\n<td>Anika Alejandra D\u00edaz Casa\u00f1as<\/td>\n<td>andiaz@colegiohispano.edu.co<\/td>\n<\/tr>\n<tr>\n<td>Transici\u00f3n A<\/td>\n<td><span style=\"font-weight: 400;\">Stephania Garc\u00e9s Jaramillo <\/span><\/td>\n<td>sgarces@colegiohispano.edu.co<\/td>\n<\/tr>\n<tr>\n<td>Transici\u00f3n B<\/td>\n<td>Karen Valencia G\u00f3mez<\/td>\n<td>kvalencia@colegiohispano.edu.co<\/td>\n<\/tr>\n<tr>\n<td>Transici\u00f3n C<\/td>\n<td>Lizeth Leal Granobles<\/td>\n<td>lleal@colegiohispano.edu.co<\/td>\n<\/tr>\n<tr>\n<td>Transici\u00f3n D<\/td>\n<td>Diana Marcela Mu\u00f1oz Daza<\/td>\n<td>dcaicedo@colegiohispano.edu.co<\/td>\n<\/tr>\n<tr>\n<td>Transici\u00f3n D<\/td>\n<td>Carolina Rodr\u00edguez Campo<\/td>\n<td>caramirez@colegiohispano.edu.co<\/td>\n<\/tr>\n<tr>\n<td>Docente de Ingl\u00e9s Transici\u00f3n (A-B-C-D)<\/td>\n<td>Anyi Lorena Pantoja Mel\u00e9ndez<\/td>\n<td>apantoja@colegiohispano.edu.co<\/td>\n<\/tr>\n<tr>\n<td>Docente Tecnolog\u00eda en Inform\u00e1tica (Jard\u00edn-Transici\u00f3n)<\/td>\n<td>Mayra Alejandra Londo\u00f1o Quintero<\/td>\n<td>mlondono@colegiohispano.edu.co<\/td>\n<\/tr>\n<tr>\n<td>Expresi\u00f3n Corporal Jard\u00edn Y Transici\u00f3n<\/td>\n<td>Melissa Ver\u00f3nica Valenzuela Leiva<\/td>\n<td>mvalenzuela@colegiohispano.edu.co<\/td>\n<\/tr>\n<tr>\n<td>Expresi\u00f3n Corporal Pre Jard\u00edn<\/td>\n<td>Ivanna Mej\u00eda Echeverry<\/td>\n<td>imejia@colegiohispano.edu.co<\/td>\n<\/tr>\n<tr>\n<td>Expresi\u00f3n Art\u00edstica<\/td>\n<td>Evelyn Prado Rodr\u00edguez<\/td>\n<td>eprado@colegiohispano.edu.co<\/td>\n<\/tr>\n<tr>\n<td>Educaci\u00f3n F\u00edsica<\/td>\n<td>Melissa Ver\u00f3nica Valenzuela Leiva<\/td>\n<td>mvalenzuela@colegiohispano.edu.co<\/td>\n<\/tr>\n<\/tbody>\n<\/table>\n<p>[\/vc_column_text][\/vc_column][vc_column width=&#8221;1\/2&#8243; el_class=&#8221;dfd_col-tablet-12&#8243; offset=&#8221;vc_col-lg-6 vc_col-md-6 vc_col-xs-12&#8243; col_shadow=&#8221;box_shadow_enable:disable|shadow_horizontal:0|shadow_vertical:15|shadow_blur:50|shadow_spread:0|box_shadow_color:rgba(0%2C0%2C0%2C0.35)&#8221; col_shadow_hover=&#8221;box_shadow_enable:disable|shadow_horizontal:0|shadow_vertical:15|shadow_blur:50|shadow_spread:0|box_shadow_color:rgba(0%2C0%2C0%2C0.35)&#8221;]<div class=\"dfd-spacer-module\"  data-units=\"px\" data-wide_resolution=\"1280\" data-wide_size=\"0\" data-normal_resolution=\"1024\" data-normal_size=\"0\" data-tablet_resolution=\"800\" data-tablet_size=\"0\" data-mobile_resolution=\"480\" data-mobile_size=\"150\" style=\"height: 0px;\"><\/div><div id=\"dfd-single-image-module69d0994dce14b-971\" class=\"dfd-single-image-module  image-center  dfd-img-lazy-load\" ><img src=\"data:image\/svg+xml;charset=utf-8,%3Csvg xmlns%3D'http%3A%2F%2Fwww.w3.org%2F2000%2Fsvg' viewBox%3D'0 0 1440 1800'%2F%3E\" data-src=\"https:\/\/www.colegiohispano.edu.co\/siteweb\/wordpress\/wp-content\/uploads\/2023\/11\/Prescolar.jpg\" width=\"1440\" height=\"1800\"  alt=\"Image module\" \/><\/div><div class=\"dfd-spacer-module\"  data-units=\"px\" data-wide_resolution=\"1280\" data-wide_size=\"0\" data-normal_resolution=\"1024\" data-normal_size=\"0\" data-tablet_resolution=\"800\" data-tablet_size=\"0\" data-mobile_resolution=\"480\" data-mobile_size=\"150\" style=\"height: 0px;\"><\/div>[\/vc_column][\/vc_row][vc_row css=&#8221;.vc_custom_1462027641009{border-top-width: 1px !important;padding-right: 20px !important;padding-left: 20px !important;border-top-color: #dddddd !important;border-top-style: solid !important;}&#8221;][vc_column column_responsive_mobile_classes=&#8221;dfd-remove-left-padding,dfd-remove-right-padding&#8221; column_responsive_mobile_resolutions=&#8221;dfd-apply-mobile&#8221;]<div class=\"dfd-spacer-module\"  data-units=\"px\" data-wide_resolution=\"1280\" data-wide_size=\"90\" data-normal_resolution=\"1024\" data-normal_size=\"80\" data-tablet_resolution=\"800\" data-tablet_size=\"70\" data-mobile_resolution=\"480\" data-mobile_size=\"80\" style=\"height: 90px;\"><\/div><div class=\"dfd-heading-shortcode\"><div class=\"dfd-heading-module-wrap  text-center style_01 dfd-heading-69d0994dce722 dfd-disable-resposive-headings\" id=\"dfd-heading-69d0994dce722\" ><div class=\"inline-block\"><div class=\"dfd-heading-module\"><h5 class=\"widget-title dfd-title \" style=\"font-family:Playfair Display; font-size: 45px; line-height: 45px; \"><strong>Somos Hispanos <\/strong><\/p>\n<p><strong>en <\/strong><span style=\"color: #004693;\"><b><i>CercanIA<\/i><\/b><\/span><\/h5><\/div><\/div><\/div><script type=\"text\/javascript\">\r\n\t\t\t\t\t\t\t\t\t(function($) {\r\n\t\t\t\t\t\t\t\t\t\t$(\"head\").append(\"<style>.dfd-heading-69d0994dce722 .dfd-heading-module .widget-title {margin-bottom:25px;}.dfd-heading-69d0994dce722.dfd-heading-module-wrap .dfd-heading-module .dfd-heading-delimiter {margin-top:10px;margin-bottom:10px;}@media (max-width: 799px){.dfd-heading-69d0994dce722 .dfd-title{font-size: 32px !important;letter-spacing: 0px !important;line-height: 38px !important;}}<\/style>\");\r\n\t\t\t\t\t\t\t\t\t})(jQuery);\r\n\t\t\t\t\t\t\t\t<\/script><\/div>[\/vc_column][\/vc_row]<\/p>\n","protected":false},"excerpt":{"rendered":"<p>[vc_row dfd_row_config=&#8221;full_width_content_paddings&#8221; css=&#8221;.vc_custom_1461833292024{border-bottom-width: 1px !important;border-bottom-color: #e2e2e2 !important;border-bottom-style: solid !important;}&#8221;][vc_column][\/vc_column][\/vc_row][vc_row force_equal_height_columns=&#8221;main_row&#8221; mobile_destroy_equal_heights_resolution=&#8221;799&#8243; dfd_row_config=&#8221;full_width_content&#8221; mobile_destroy_equal_heights=&#8221;yes&#8221;][vc_column width=&#8221;1\/2&#8243; el_class=&#8221;dfd_col-tablet-12&#8243; offset=&#8221;vc_col-lg-6 vc_col-md-6 vc_col-xs-12&#8243; col_shadow=&#8221;box_shadow_enable:disable|shadow_horizontal:0|shadow_vertical:15|shadow_blur:50|shadow_spread:0|box_shadow_color:rgba(0%2C0%2C0%2C0.35)&#8221; col_shadow_hover=&#8221;box_shadow_enable:disable|shadow_horizontal:0|shadow_vertical:15|shadow_blur:50|shadow_spread:0|box_shadow_color:rgba(0%2C0%2C0%2C0.35)&#8221;][\/vc_column][vc_column width=&#8221;1\/2&#8243; css=&#8221;.vc_custom_1462025533627{padding-right: 8% !important;padding-left: 5% !important;}&#8221; el_class=&#8221;custom-change-padding20 dfd_col-tablet-12&#8243; offset=&#8221;vc_col-lg-6 vc_col-md-6<\/p>\n","protected":false},"author":1,"featured_media":0,"parent":0,"menu_order":0,"comment_status":"closed","ping_status":"closed","template":"page-custom-with-header.php","meta":[],"_links":{"self":[{"href":"https:\/\/www.colegiohispano.edu.co\/siteweb\/wp-json\/wp\/v2\/pages\/18369"}],"collection":[{"href":"https:\/\/www.colegiohispano.edu.co\/siteweb\/wp-json\/wp\/v2\/pages"}],"about":[{"href":"https:\/\/www.colegiohispano.edu.co\/siteweb\/wp-json\/wp\/v2\/types\/page"}],"author":[{"embeddable":true,"href":"https:\/\/www.colegiohispano.edu.co\/siteweb\/wp-json\/wp\/v2\/users\/1"}],"replies":[{"embeddable":true,"href":"https:\/\/www.colegiohispano.edu.co\/siteweb\/wp-json\/wp\/v2\/comments?post=18369"}],"version-history":[{"count":35,"href":"https:\/\/www.colegiohispano.edu.co\/siteweb\/wp-json\/wp\/v2\/pages\/18369\/revisions"}],"predecessor-version":[{"id":21084,"href":"https:\/\/www.colegiohispano.edu.co\/siteweb\/wp-json\/wp\/v2\/pages\/18369\/revisions\/21084"}],"wp:attachment":[{"href":"https:\/\/www.colegiohispano.edu.co\/siteweb\/wp-json\/wp\/v2\/media?parent=18369"}],"curies":[{"name":"wp","href":"https:\/\/api.w.org\/{rel}","templated":true}]}}