{"id":18611,"date":"2021-08-30T14:38:49","date_gmt":"2021-08-30T19:38:49","guid":{"rendered":"https:\/\/www.colegiohispano.edu.co\/siteweb\/?page_id=18611"},"modified":"2024-09-04T09:37:33","modified_gmt":"2024-09-04T14:37:33","slug":"admisiones","status":"publish","type":"page","link":"https:\/\/www.colegiohispano.edu.co\/siteweb\/admisiones\/","title":{"rendered":"Fortalezas Institucionales"},"content":{"rendered":"<p>[vc_row dfd_row_config=&#8221;full_width_content_paddings&#8221; css=&#8221;.vc_custom_1461833292024{border-bottom-width: 1px !important;border-bottom-color: #e2e2e2 !important;border-bottom-style: solid !important;}&#8221;][vc_column]<div class=\"dfd-spacer-module\"  data-units=\"px\" data-wide_resolution=\"1280\" data-wide_size=\"80\" data-normal_resolution=\"1024\" data-normal_size=\"70\" data-tablet_resolution=\"800\" data-tablet_size=\"60\" data-mobile_resolution=\"480\" data-mobile_size=\"75\" style=\"height: 80px;\"><\/div><div class=\"dfd-heading-shortcode\"><div class=\"dfd-heading-module-wrap  text-left style_01 cr-animate-gen dfd-heading-69e64d97f3254 dfd-disable-resposive-headings\" id=\"dfd-heading-69e64d97f3254\" data-animate-type = \"transition.slideRightIn\" ><div class=\"inline-block\"><div class=\"dfd-heading-module\"><h5 class=\"widget-title dfd-title \" style=\"font-size: 55px; line-height: 55px; letter-spacing: -3px; \">Admisiones<\/h5><div class=\"dfd-heading-delimiter dfd-img-lazy-load\"><\/div><\/div><\/div><\/div><script type=\"text\/javascript\">\r\n\t\t\t\t\t\t\t\t\t(function($) {\r\n\t\t\t\t\t\t\t\t\t\t$(\"head\").append(\"<style>.dfd-heading-69e64d97f3254.dfd-heading-module-wrap .dfd-heading-module .dfd-heading-delimiter {border-bottom-style:solid;border-bottom-width:1px;width:100px;border-bottom-color:#dddddd;}.dfd-heading-69e64d97f3254 .dfd-heading-module .widget-title {margin-bottom:15px;}@media (max-width: 799px){.dfd-heading-69e64d97f3254 .dfd-title{font-size: 45px !important;letter-spacing: -2px !important;line-height: 45px !important;}}<\/style>\");\r\n\t\t\t\t\t\t\t\t\t})(jQuery);\r\n\t\t\t\t\t\t\t\t<\/script><\/div>[vc_column_text item_animation=&#8221;transition.slideRightIn&#8221;]<\/p>\n<p style=\"text-align: left;\"><span style=\"font-weight: 400;\">El Colegio Hispanoamericano, es reconocido por apuntar siempre a la excelencia bajo los valores y principios \u00e9ticos y morales s\u00f3lidos necesarios para la sociedad actual. Nuestro Proyecto Educativo, responde a un entorno competitivo, por lo cual hacemos \u00e9nfasis en el aprendizaje din\u00e1mico, anal\u00edtico y l\u00fadico en \u00e1reas como ingl\u00e9s, tecnolog\u00eda e inform\u00e1tica, formaci\u00f3n deportiva y art\u00edstica.<\/span><\/p>\n<p><span style=\"font-weight: 400;\">El Proyecto Educativo del Colegio Hispanoamericano est\u00e1 cimentado en valores y principios \u00e9ticos y morales s\u00f3lidos necesarios para la sociedad actual. Responde de igual manera a un entorno competitivo donde el ingl\u00e9s, las nuevas tecnolog\u00edas y las nuevas corrientes pedag\u00f3gicas se ponen al servicio del proceso de ense\u00f1anza y aprendizaje en un entorno de profundo respeto por lo ambiental y lo social.<\/span>[\/vc_column_text]<div class=\"dfd-spacer-module\"  data-units=\"px\" data-wide_resolution=\"1280\" data-wide_size=\"30\" data-normal_resolution=\"1024\" data-normal_size=\"30\" data-tablet_resolution=\"800\" data-tablet_size=\"30\" data-mobile_resolution=\"480\" data-mobile_size=\"30\" style=\"height: 30px;\"><\/div>[\/vc_column][\/vc_row][vc_row force_equal_height_columns=&#8221;main_row&#8221; mobile_destroy_equal_heights_resolution=&#8221;799&#8243; dfd_row_config=&#8221;full_width_content&#8221; mobile_destroy_equal_heights=&#8221;yes&#8221;][vc_column width=&#8221;1\/2&#8243; css=&#8221;.vc_custom_1462025533627{padding-right: 8% !important;padding-left: 5% !important;}&#8221; el_class=&#8221;custom-change-padding20 dfd_col-tablet-12&#8243; offset=&#8221;vc_col-lg-6 vc_col-md-6 vc_col-xs-12&#8243;]<div class=\"dfd-spacer-module\"  data-units=\"px\" data-wide_resolution=\"1280\" data-wide_size=\"120\" data-normal_resolution=\"1024\" data-normal_size=\"100\" data-tablet_resolution=\"800\" data-tablet_size=\"90\" data-mobile_resolution=\"480\" data-mobile_size=\"80\" style=\"height: 120px;\"><\/div><div class=\"dfd-heading-shortcode\"><div class=\"dfd-heading-module-wrap  text-left style_01 cr-animate-gen dfd-heading-69e64d97f3ba2 dfd-disable-resposive-headings\" id=\"dfd-heading-69e64d97f3ba2\" data-animate-type = \"transition.slideRightIn\" ><div class=\"inline-block\"><div class=\"dfd-heading-module\"><h5 class=\"widget-title dfd-title \" style=\"font-size: 55px; line-height: 55px; letter-spacing: -3px; \">Alto \u00e9nfasis en ingl\u00e9s<\/h5><div class=\"dfd-heading-delimiter dfd-img-lazy-load\"><\/div><\/div><\/div><\/div><script type=\"text\/javascript\">\r\n\t\t\t\t\t\t\t\t\t(function($) {\r\n\t\t\t\t\t\t\t\t\t\t$(\"head\").append(\"<style>.dfd-heading-69e64d97f3ba2.dfd-heading-module-wrap .dfd-heading-module .dfd-heading-delimiter {border-bottom-style:solid;border-bottom-width:1px;width:100px;border-bottom-color:#dddddd;}.dfd-heading-69e64d97f3ba2 .dfd-heading-module .widget-title {margin-bottom:15px;}@media (max-width: 799px){.dfd-heading-69e64d97f3ba2 .dfd-title{font-size: 45px !important;letter-spacing: -2px !important;line-height: 45px !important;}}<\/style>\");\r\n\t\t\t\t\t\t\t\t\t})(jQuery);\r\n\t\t\t\t\t\t\t\t<\/script><\/div><div class=\"dfd-spacer-module\"  data-units=\"px\" data-wide_resolution=\"1280\" data-wide_size=\"19\" data-normal_resolution=\"1024\" data-normal_size=\"19\" data-tablet_resolution=\"800\" data-tablet_size=\"20\" data-mobile_resolution=\"480\" data-mobile_size=\"20\" style=\"height: 19px;\"><\/div>[vc_column_text item_animation=&#8221;transition.slideRightIn&#8221;]El programa de Ingl\u00e9s busca desarrollar la competencia comunicativa en sus estudiantes a trav\u00e9s de las habilidades de comprensi\u00f3n (escucha y lectura) y producci\u00f3n (expresi\u00f3n oral y escrita) desde contextos reales de interacci\u00f3n, con el prop\u00f3sito de intercambiar ideas y sentimientos, haci\u00e9ndose conscientes de la importancia del Ingl\u00e9s en su vida cotidiana.<\/p>\n<p>Desde el Preescolar se plantea una metodolog\u00eda din\u00e1mica y l\u00fadica enfocada principalmente a desarrollar las habilidades orales y de escucha, sin descuidar la lectura y escritura, a trav\u00e9s de la asociaci\u00f3n de im\u00e1genes, logrando una apropiaci\u00f3n de las estructuras del idioma de manera perdurable.[\/vc_column_text]<div class=\"animation-container \" ><div id=\"video-player-69e64d9800059-4057\" class=\"dfd-videoplayer style-1  text-center \"><div class=\"dfd-video-content video-content\" id=\"module_video_69e64d98000eb\"><div class=\"dfd-video-box no-thumb\"  ><div class=\"wpb_video_wrapper\"><iframe title=\"LENGUA EXTRANJERA\" width=\"1200\" height=\"675\" src=\"https:\/\/www.youtube.com\/embed\/lzjNvgIRYPU?feature=oembed\" frameborder=\"0\" allow=\"accelerometer; autoplay; clipboard-write; encrypted-media; gyroscope; picture-in-picture\" allowfullscreen><\/iframe><\/div><\/div><\/div><\/div><\/div><script type=\"text\/javascript\">\r\n\t\t\t\t\t\t\t(function($) {\r\n\t\t\t\t\t\t\t\t$(\"head\").append(\"<style><\/style>\");\r\n\t\t\t\t\t\t\t\t$(document).ready(function(){\r\n\t\t\t\t\t\t\t\t\tDFD_VideoModule.init(\"module_video_69e64d98000eb\",\"video-player-69e64d9800059-4057\");\r\n\t\t\t\t\t\t\t\t});\r\n\t\t\t\t\t\t\t})(jQuery);\r\n\t\t\t\t\t\t<\/script>[\/vc_column][vc_column width=&#8221;1\/2&#8243; el_class=&#8221;dfd_col-tablet-12&#8243; offset=&#8221;vc_col-lg-6 vc_col-md-6 vc_col-xs-12&#8243; col_shadow=&#8221;box_shadow_enable:disable|shadow_horizontal:0|shadow_vertical:15|shadow_blur:50|shadow_spread:0|box_shadow_color:rgba(0%2C0%2C0%2C0.35)&#8221; col_shadow_hover=&#8221;box_shadow_enable:disable|shadow_horizontal:0|shadow_vertical:15|shadow_blur:50|shadow_spread:0|box_shadow_color:rgba(0%2C0%2C0%2C0.35)&#8221;]<div class=\"dfd-spacer-module\"  data-units=\"px\" data-wide_resolution=\"1280\" data-wide_size=\"0\" data-normal_resolution=\"1024\" data-normal_size=\"0\" data-tablet_resolution=\"800\" data-tablet_size=\"0\" data-mobile_resolution=\"480\" data-mobile_size=\"150\" style=\"height: 0px;\"><\/div><div class=\"dfd-spacer-module\"  data-units=\"px\" data-wide_resolution=\"1280\" data-wide_size=\"0\" data-normal_resolution=\"1024\" data-normal_size=\"0\" data-tablet_resolution=\"800\" data-tablet_size=\"0\" data-mobile_resolution=\"480\" data-mobile_size=\"150\" style=\"height: 0px;\"><\/div><div class=\"dfd-spacer-module\"  data-units=\"px\" data-wide_resolution=\"1280\" data-wide_size=\"0\" data-normal_resolution=\"1024\" data-normal_size=\"0\" data-tablet_resolution=\"800\" data-tablet_size=\"0\" data-mobile_resolution=\"480\" data-mobile_size=\"150\" style=\"height: 0px;\"><\/div>[dfd_logo_carousel list_fields=&#8221;%5B%7B%22icon_image_id%22%3A%2218612%22%2C%22description%22%3A%22Image%20short%20description%20which%20will%20be%20visible%20on%20the%20back%20side.%20%22%7D%2C%7B%22icon_image_id%22%3A%2218633%22%2C%22description%22%3A%22Image%20short%20description%20which%20will%20be%20visible%20on%20the%20back%20side.%20%22%7D%2C%7B%22icon_image_id%22%3A%2218632%22%2C%22description%22%3A%22Image%20short%20description%20which%20will%20be%20visible%20on%20the%20back%20side.%20%22%7D%5D&#8221; main_style=&#8221;style-2&#8243;][\/vc_column][\/vc_row][vc_row force_equal_height_columns=&#8221;main_row&#8221; mobile_destroy_equal_heights_resolution=&#8221;799&#8243; dfd_row_config=&#8221;full_width_content&#8221; mobile_destroy_equal_heights=&#8221;yes&#8221;][vc_column width=&#8221;1\/2&#8243; el_class=&#8221;dfd_col-tablet-12&#8243; offset=&#8221;vc_col-lg-6 vc_col-md-6 vc_col-xs-12&#8243; col_shadow=&#8221;box_shadow_enable:disable|shadow_horizontal:0|shadow_vertical:15|shadow_blur:50|shadow_spread:0|box_shadow_color:rgba(0%2C0%2C0%2C0.35)&#8221; col_shadow_hover=&#8221;box_shadow_enable:disable|shadow_horizontal:0|shadow_vertical:15|shadow_blur:50|shadow_spread:0|box_shadow_color:rgba(0%2C0%2C0%2C0.35)&#8221;]<div class=\"dfd-spacer-module\"  data-units=\"px\" data-wide_resolution=\"1280\" data-wide_size=\"0\" data-normal_resolution=\"1024\" data-normal_size=\"0\" data-tablet_resolution=\"800\" data-tablet_size=\"0\" data-mobile_resolution=\"480\" data-mobile_size=\"150\" style=\"height: 0px;\"><\/div><div id=\"dfd-single-image-module69e64d9802971-2669\" class=\"dfd-single-image-module  image-center  dfd-img-lazy-load\" ><img src=\"data:image\/svg+xml;charset=utf-8,%3Csvg xmlns%3D'http%3A%2F%2Fwww.w3.org%2F2000%2Fsvg' viewBox%3D'0 0 2992 2000'%2F%3E\" data-src=\"https:\/\/www.colegiohispano.edu.co\/siteweb\/wordpress\/wp-content\/uploads\/2023\/11\/FeriadeRoboticaSTEAM_PrimeraInfancia-14.jpg\" width=\"2992\" height=\"2000\"  alt=\"Image module\" \/><\/div>[\/vc_column][vc_column width=&#8221;1\/2&#8243; css=&#8221;.vc_custom_1462027383592{padding-right: 8% !important;padding-left: 5% !important;}&#8221; el_class=&#8221;custom-change-padding20 dfd_col-tablet-12&#8243; offset=&#8221;vc_col-lg-6 vc_col-md-6 vc_col-xs-12&#8243;]<div class=\"dfd-spacer-module\"  data-units=\"px\" data-wide_resolution=\"1280\" data-wide_size=\"120\" data-normal_resolution=\"1024\" data-normal_size=\"100\" data-tablet_resolution=\"800\" data-tablet_size=\"0\" data-mobile_resolution=\"480\" data-mobile_size=\"0\" style=\"height: 120px;\"><\/div><div class=\"dfd-heading-shortcode\"><div class=\"dfd-heading-module-wrap  text-left style_01 cr-animate-gen dfd-heading-69e64d9802e29 dfd-disable-resposive-headings\" id=\"dfd-heading-69e64d9802e29\" data-animate-type = \"transition.slideLeftIn\" ><div class=\"inline-block\"><div class=\"dfd-heading-module\"><h5 class=\"widget-title dfd-title \" style=\"font-size: 55px; line-height: 55px; letter-spacing: -3px; \">Formaci\u00f3n Tecnol\u00f3gica<\/h5><div class=\"dfd-heading-delimiter dfd-img-lazy-load\"><\/div><\/div><\/div><\/div><script type=\"text\/javascript\">\r\n\t\t\t\t\t\t\t\t\t(function($) {\r\n\t\t\t\t\t\t\t\t\t\t$(\"head\").append(\"<style>.dfd-heading-69e64d9802e29.dfd-heading-module-wrap .dfd-heading-module .dfd-heading-delimiter {border-bottom-style:solid;border-bottom-width:1px;width:100px;border-bottom-color:#dddddd;}.dfd-heading-69e64d9802e29 .dfd-heading-module .widget-title {margin-bottom:15px;}@media (max-width: 799px){.dfd-heading-69e64d9802e29 .dfd-title{font-size: 45px !important;letter-spacing: -2px !important;line-height: 45px !important;}}<\/style>\");\r\n\t\t\t\t\t\t\t\t\t})(jQuery);\r\n\t\t\t\t\t\t\t\t<\/script><\/div><div class=\"dfd-spacer-module\"  data-units=\"px\" data-wide_resolution=\"1280\" data-wide_size=\"20\" data-normal_resolution=\"1024\" data-normal_size=\"20\" data-tablet_resolution=\"800\" data-tablet_size=\"19\" data-mobile_resolution=\"480\" data-mobile_size=\"19\" style=\"height: 20px;\"><\/div>[vc_column_text item_animation=&#8221;transition.slideLeftIn&#8221;]<span style=\"font-weight: 400;\">Desarrollo de habilidades en el dominio de las nuevas tecnolog\u00edas de la informaci\u00f3n y la comunicaci\u00f3n. Se potencia la resoluci\u00f3n de problemas a trav\u00e9s de cuatro ejes tem\u00e1ticos: Tecnol\u00f3gico, ofim\u00e1tica, programaci\u00f3n y dise\u00f1o web, con ejercicios que involucran la rob\u00f3tica como eje transversal, buscando un fortalecimiento de conocimientos y actitudes para el manejo y aplicaci\u00f3n de las TIC.<\/span>[\/vc_column_text]<div class=\"animation-container \" ><div id=\"video-player-69e64d9803562-7417\" class=\"dfd-videoplayer style-1  text-center \"><div class=\"dfd-video-content video-content\" id=\"module_video_69e64d98035e6\"><div class=\"dfd-video-box no-thumb\"  ><div class=\"wpb_video_wrapper\"><iframe title=\"INFORM\u00c1TICA \/ ROB\u00d3TICA\" width=\"1200\" height=\"675\" src=\"https:\/\/www.youtube.com\/embed\/FbhdXZIlPk8?feature=oembed\" frameborder=\"0\" allow=\"accelerometer; autoplay; clipboard-write; encrypted-media; gyroscope; picture-in-picture\" allowfullscreen><\/iframe><\/div><\/div><\/div><\/div><\/div><script type=\"text\/javascript\">\r\n\t\t\t\t\t\t\t(function($) {\r\n\t\t\t\t\t\t\t\t$(\"head\").append(\"<style><\/style>\");\r\n\t\t\t\t\t\t\t\t$(document).ready(function(){\r\n\t\t\t\t\t\t\t\t\tDFD_VideoModule.init(\"module_video_69e64d98035e6\",\"video-player-69e64d9803562-7417\");\r\n\t\t\t\t\t\t\t\t});\r\n\t\t\t\t\t\t\t})(jQuery);\r\n\t\t\t\t\t\t<\/script><div class=\"dfd-spacer-module\"  data-units=\"px\" data-wide_resolution=\"1280\" data-wide_size=\"120\" data-normal_resolution=\"1024\" data-normal_size=\"100\" data-tablet_resolution=\"800\" data-tablet_size=\"90\" data-mobile_resolution=\"480\" data-mobile_size=\"80\" style=\"height: 120px;\"><\/div>[\/vc_column][\/vc_row][vc_row force_equal_height_columns=&#8221;main_row&#8221; mobile_destroy_equal_heights_resolution=&#8221;799&#8243; dfd_row_config=&#8221;full_width_content&#8221; mobile_destroy_equal_heights=&#8221;yes&#8221;][vc_column width=&#8221;1\/2&#8243; el_class=&#8221;dfd_col-tablet-12&#8243; offset=&#8221;vc_col-lg-6 vc_col-md-6 vc_col-xs-12&#8243; col_shadow=&#8221;box_shadow_enable:disable|shadow_horizontal:0|shadow_vertical:15|shadow_blur:50|shadow_spread:0|box_shadow_color:rgba(0%2C0%2C0%2C0.35)&#8221; col_shadow_hover=&#8221;box_shadow_enable:disable|shadow_horizontal:0|shadow_vertical:15|shadow_blur:50|shadow_spread:0|box_shadow_color:rgba(0%2C0%2C0%2C0.35)&#8221;]<div class=\"dfd-spacer-module\"  data-units=\"px\" data-wide_resolution=\"1280\" data-wide_size=\"120\" data-normal_resolution=\"1024\" data-normal_size=\"100\" data-tablet_resolution=\"800\" data-tablet_size=\"90\" data-mobile_resolution=\"480\" data-mobile_size=\"80\" style=\"height: 120px;\"><\/div><div class=\"dfd-heading-shortcode\"><div class=\"dfd-heading-module-wrap  text-left style_01 cr-animate-gen dfd-heading-69e64d9804732 dfd-disable-resposive-headings\" id=\"dfd-heading-69e64d9804732\" data-animate-type = \"transition.slideRightIn\" ><div class=\"inline-block\"><div class=\"dfd-heading-module\"><h5 class=\"widget-title dfd-title \" style=\"font-size: 55px; line-height: 55px; letter-spacing: -3px; \"><\/p>\n<p style=\"padding-left: 40px;\">Formaci\u00f3n Deportiva<\/p>\n<p><\/h5><div class=\"dfd-heading-delimiter dfd-img-lazy-load\"><\/div><\/div><\/div><\/div><script type=\"text\/javascript\">\r\n\t\t\t\t\t\t\t\t\t(function($) {\r\n\t\t\t\t\t\t\t\t\t\t$(\"head\").append(\"<style>.dfd-heading-69e64d9804732.dfd-heading-module-wrap .dfd-heading-module .dfd-heading-delimiter {border-bottom-style:solid;border-bottom-width:1px;width:100px;border-bottom-color:#dddddd;}.dfd-heading-69e64d9804732 .dfd-heading-module .widget-title {margin-bottom:15px;}@media (max-width: 799px){.dfd-heading-69e64d9804732 .dfd-title{font-size: 45px !important;letter-spacing: -2px !important;line-height: 45px !important;}}<\/style>\");\r\n\t\t\t\t\t\t\t\t\t})(jQuery);\r\n\t\t\t\t\t\t\t\t<\/script><\/div>[vc_column_text item_animation=&#8221;transition.slideRightIn&#8221;]<\/p>\n<p style=\"padding-left: 40px;\">Mediante los deportes buscamos afianzar valores como el respeto, la responsabilidad, la tolerancia, la honestidad, la cooperaci\u00f3n, el compa\u00f1erismo, aplicaci\u00f3n del juego limpio en las actividades que practicamos.<\/p>\n<p style=\"padding-left: 40px;\">En nuestras instalaciones contamos con piscinas semi-ol\u00edmpica e infantil, canchas de f\u00fatbol, baloncesto, voleibol, coliseo y amplias zonas verdes en nuestra Sede Campestre que cuenta con un \u00e1rea de 75.000m2.<\/p>\n<p style=\"padding-left: 40px;\">Los deportes que puedan practicar nuestros estudiantes son:<\/p>\n<p style=\"padding-left: 40px;\"><strong>Preescolar, 1\u00b0 y 2\u00b0<\/strong><br \/>\nNataci\u00f3n<br \/>\nPatinaje<br \/>\nF\u00fatbol<\/p>\n<p style=\"padding-left: 40px;\"><strong>Grados 4\u00b0 a 11\u00b0<\/strong><br \/>\nVoleibol<br \/>\nF\u00fatbol<br \/>\nNataci\u00f3n<br \/>\nBaloncesto<\/p>\n<p>[\/vc_column_text][\/vc_column][vc_column width=&#8221;1\/2&#8243; css=&#8221;.vc_custom_1462027481803{padding-right: 8% !important;padding-left: 5% !important;}&#8221; el_class=&#8221;custom-change-padding20 dfd_col-tablet-12&#8243; offset=&#8221;vc_col-lg-6 vc_col-md-6 vc_col-xs-12&#8243;]<div class=\"dfd-spacer-module\"  data-units=\"px\" data-wide_resolution=\"1280\" data-wide_size=\"120\" data-normal_resolution=\"1024\" data-normal_size=\"100\" data-tablet_resolution=\"800\" data-tablet_size=\"80\" data-mobile_resolution=\"480\" data-mobile_size=\"80\" style=\"height: 120px;\"><\/div><div id=\"dfd-single-image-module69e64d9805800-8309\" class=\"dfd-single-image-module  image-center  dfd-img-lazy-load\" ><img src=\"data:image\/svg+xml;charset=utf-8,%3Csvg xmlns%3D'http%3A%2F%2Fwww.w3.org%2F2000%2Fsvg' viewBox%3D'0 0 5204 3471'%2F%3E\" data-src=\"https:\/\/www.colegiohispano.edu.co\/siteweb\/wordpress\/wp-content\/uploads\/2023\/11\/DSC00614.jpg\" width=\"5204\" height=\"3471\"  alt=\"Image module\" \/><\/div><div class=\"animation-container \" ><div id=\"video-player-69e64d9805aca-5772\" class=\"dfd-videoplayer style-1  text-center \"><div class=\"dfd-video-content video-content\" id=\"module_video_69e64d9805b4f\"><div class=\"dfd-video-box no-thumb\"  ><div class=\"wpb_video_wrapper\"><iframe title=\"DEPORTES\" width=\"1200\" height=\"675\" src=\"https:\/\/www.youtube.com\/embed\/B_jozydq-YM?feature=oembed\" frameborder=\"0\" allow=\"accelerometer; autoplay; clipboard-write; encrypted-media; gyroscope; picture-in-picture\" allowfullscreen><\/iframe><\/div><\/div><\/div><\/div><\/div><script type=\"text\/javascript\">\r\n\t\t\t\t\t\t\t(function($) {\r\n\t\t\t\t\t\t\t\t$(\"head\").append(\"<style><\/style>\");\r\n\t\t\t\t\t\t\t\t$(document).ready(function(){\r\n\t\t\t\t\t\t\t\t\tDFD_VideoModule.init(\"module_video_69e64d9805b4f\",\"video-player-69e64d9805aca-5772\");\r\n\t\t\t\t\t\t\t\t});\r\n\t\t\t\t\t\t\t})(jQuery);\r\n\t\t\t\t\t\t<\/script><div class=\"dfd-spacer-module\"  data-units=\"px\" data-wide_resolution=\"1280\" data-wide_size=\"120\" data-normal_resolution=\"1024\" data-normal_size=\"100\" data-tablet_resolution=\"800\" data-tablet_size=\"80\" data-mobile_resolution=\"480\" data-mobile_size=\"80\" style=\"height: 120px;\"><\/div>[\/vc_column][\/vc_row][vc_row force_equal_height_columns=&#8221;main_row&#8221; mobile_destroy_equal_heights_resolution=&#8221;799&#8243; dfd_row_config=&#8221;full_width_content&#8221; mobile_destroy_equal_heights=&#8221;yes&#8221;][vc_column width=&#8221;1\/2&#8243; css=&#8221;.vc_custom_1462027481803{padding-right: 8% !important;padding-left: 5% !important;}&#8221; el_class=&#8221;custom-change-padding20 dfd_col-tablet-12&#8243; offset=&#8221;vc_col-lg-6 vc_col-md-6 vc_col-xs-12&#8243;]<div class=\"dfd-spacer-module\"  data-units=\"px\" data-wide_resolution=\"1280\" data-wide_size=\"120\" data-normal_resolution=\"1024\" data-normal_size=\"100\" data-tablet_resolution=\"800\" data-tablet_size=\"80\" data-mobile_resolution=\"480\" data-mobile_size=\"80\" style=\"height: 120px;\"><\/div><div id=\"dfd-single-image-module69e64d9807417-35\" class=\"dfd-single-image-module  image-center  dfd-img-lazy-load\" ><img src=\"data:image\/svg+xml;charset=utf-8,%3Csvg xmlns%3D'http%3A%2F%2Fwww.w3.org%2F2000%2Fsvg' viewBox%3D'0 0 7952 5304'%2F%3E\" data-src=\"https:\/\/www.colegiohispano.edu.co\/siteweb\/wordpress\/wp-content\/uploads\/2023\/11\/DSC00490.jpg\" width=\"7952\" height=\"5304\"  alt=\"Image module\" \/><\/div><div class=\"dfd-spacer-module\"  data-units=\"px\" data-wide_resolution=\"1280\" data-wide_size=\"120\" data-normal_resolution=\"1024\" data-normal_size=\"100\" data-tablet_resolution=\"800\" data-tablet_size=\"80\" data-mobile_resolution=\"480\" data-mobile_size=\"80\" style=\"height: 120px;\"><\/div>[\/vc_column][vc_column width=&#8221;1\/2&#8243; el_class=&#8221;dfd_col-tablet-12&#8243; offset=&#8221;vc_col-lg-6 vc_col-md-6 vc_col-xs-12&#8243; col_shadow=&#8221;box_shadow_enable:disable|shadow_horizontal:0|shadow_vertical:15|shadow_blur:50|shadow_spread:0|box_shadow_color:rgba(0%2C0%2C0%2C0.35)&#8221; col_shadow_hover=&#8221;box_shadow_enable:disable|shadow_horizontal:0|shadow_vertical:15|shadow_blur:50|shadow_spread:0|box_shadow_color:rgba(0%2C0%2C0%2C0.35)&#8221;]<div class=\"dfd-heading-shortcode\"><div class=\"dfd-heading-module-wrap  text-left style_01 cr-animate-gen dfd-heading-69e64d98078ba dfd-disable-resposive-headings\" id=\"dfd-heading-69e64d98078ba\" data-animate-type = \"transition.slideRightIn\" ><div class=\"inline-block\"><div class=\"dfd-heading-module\"><h5 class=\"widget-title dfd-title \" style=\"font-size: 55px; line-height: 55px; letter-spacing: -3px; \">Formaci\u00f3n Art\u00edstica<\/h5><div class=\"dfd-heading-delimiter dfd-img-lazy-load\"><\/div><\/div><\/div><\/div><script type=\"text\/javascript\">\r\n\t\t\t\t\t\t\t\t\t(function($) {\r\n\t\t\t\t\t\t\t\t\t\t$(\"head\").append(\"<style>.dfd-heading-69e64d98078ba.dfd-heading-module-wrap .dfd-heading-module .dfd-heading-delimiter {border-bottom-style:solid;border-bottom-width:1px;width:100px;border-bottom-color:#dddddd;}.dfd-heading-69e64d98078ba .dfd-heading-module .widget-title {margin-bottom:15px;}@media (max-width: 799px){.dfd-heading-69e64d98078ba .dfd-title{font-size: 45px !important;letter-spacing: -2px !important;line-height: 45px !important;}}<\/style>\");\r\n\t\t\t\t\t\t\t\t\t})(jQuery);\r\n\t\t\t\t\t\t\t\t<\/script><\/div><div class=\"dfd-spacer-module\"  data-units=\"px\" data-wide_resolution=\"1280\" data-wide_size=\"20\" data-normal_resolution=\"1024\" data-normal_size=\"20\" data-tablet_resolution=\"800\" data-tablet_size=\"19\" data-mobile_resolution=\"480\" data-mobile_size=\"19\" style=\"height: 20px;\"><\/div>[vc_column_text item_animation=&#8221;transition.slideRightIn&#8221;]Amplia formaci\u00f3n art\u00edstica a trav\u00e9s de actividades propias de las expresiones art\u00edsticas (teatro, danza, m\u00fasica y artes pl\u00e1sticas).[\/vc_column_text]<div class=\"dfd-spacer-module\"  data-units=\"px\" data-wide_resolution=\"1280\" data-wide_size=\"0\" data-normal_resolution=\"1024\" data-normal_size=\"0\" data-tablet_resolution=\"800\" data-tablet_size=\"0\" data-mobile_resolution=\"480\" data-mobile_size=\"150\" style=\"height: 0px;\"><\/div><div class=\"animation-container \" ><div id=\"video-player-69e64d980814c-6783\" class=\"dfd-videoplayer style-1  text-center \"><div class=\"dfd-video-content video-content\" id=\"module_video_69e64d98081cc\"><div class=\"dfd-video-box no-thumb\"  ><div class=\"wpb_video_wrapper\"><iframe title=\"ART\u00cdSTICA Y EXPRESI\u00d3N CORPORAL\" width=\"1200\" height=\"675\" src=\"https:\/\/www.youtube.com\/embed\/q9qCbNAc3-Q?feature=oembed\" frameborder=\"0\" allow=\"accelerometer; autoplay; clipboard-write; encrypted-media; gyroscope; picture-in-picture\" allowfullscreen><\/iframe><\/div><\/div><\/div><\/div><\/div><script type=\"text\/javascript\">\r\n\t\t\t\t\t\t\t(function($) {\r\n\t\t\t\t\t\t\t\t$(\"head\").append(\"<style><\/style>\");\r\n\t\t\t\t\t\t\t\t$(document).ready(function(){\r\n\t\t\t\t\t\t\t\t\tDFD_VideoModule.init(\"module_video_69e64d98081cc\",\"video-player-69e64d980814c-6783\");\r\n\t\t\t\t\t\t\t\t});\r\n\t\t\t\t\t\t\t})(jQuery);\r\n\t\t\t\t\t\t<\/script>[\/vc_column][\/vc_row]<\/p>\n","protected":false},"excerpt":{"rendered":"<p>[vc_row dfd_row_config=&#8221;full_width_content_paddings&#8221; css=&#8221;.vc_custom_1461833292024{border-bottom-width: 1px !important;border-bottom-color: #e2e2e2 !important;border-bottom-style: solid !important;}&#8221;][vc_column][vc_column_text item_animation=&#8221;transition.slideRightIn&#8221;] El Colegio Hispanoamericano, es reconocido por apuntar siempre a la excelencia bajo los valores y principios \u00e9ticos y morales s\u00f3lidos<\/p>\n","protected":false},"author":1,"featured_media":0,"parent":0,"menu_order":0,"comment_status":"closed","ping_status":"closed","template":"page-custom-with-header.php","meta":[],"_links":{"self":[{"href":"https:\/\/www.colegiohispano.edu.co\/siteweb\/wp-json\/wp\/v2\/pages\/18611"}],"collection":[{"href":"https:\/\/www.colegiohispano.edu.co\/siteweb\/wp-json\/wp\/v2\/pages"}],"about":[{"href":"https:\/\/www.colegiohispano.edu.co\/siteweb\/wp-json\/wp\/v2\/types\/page"}],"author":[{"embeddable":true,"href":"https:\/\/www.colegiohispano.edu.co\/siteweb\/wp-json\/wp\/v2\/users\/1"}],"replies":[{"embeddable":true,"href":"https:\/\/www.colegiohispano.edu.co\/siteweb\/wp-json\/wp\/v2\/comments?post=18611"}],"version-history":[{"count":45,"href":"https:\/\/www.colegiohispano.edu.co\/siteweb\/wp-json\/wp\/v2\/pages\/18611\/revisions"}],"predecessor-version":[{"id":20787,"href":"https:\/\/www.colegiohispano.edu.co\/siteweb\/wp-json\/wp\/v2\/pages\/18611\/revisions\/20787"}],"wp:attachment":[{"href":"https:\/\/www.colegiohispano.edu.co\/siteweb\/wp-json\/wp\/v2\/media?parent=18611"}],"curies":[{"name":"wp","href":"https:\/\/api.w.org\/{rel}","templated":true}]}}