{"id":18741,"date":"2021-09-10T10:40:00","date_gmt":"2021-09-10T15:40:00","guid":{"rendered":"https:\/\/www.colegiohispano.edu.co\/siteweb\/?page_id=18741"},"modified":"2025-08-25T18:32:30","modified_gmt":"2025-08-25T23:32:30","slug":"psicologia","status":"publish","type":"page","link":"https:\/\/www.colegiohispano.edu.co\/siteweb\/psicologia\/","title":{"rendered":"Psicolog\u00eda"},"content":{"rendered":"<p>[vc_row dfd_row_config=&#8221;full_width_content_paddings&#8221; css=&#8221;.vc_custom_1461754707519{padding-right: 3% !important;padding-left: 3% !important;}&#8221;][vc_column]<div class=\"dfd-spacer-module\"  data-units=\"px\" data-wide_resolution=\"1280\" data-wide_size=\"10\" data-normal_resolution=\"1024\" data-normal_size=\"\" data-tablet_resolution=\"800\" data-tablet_size=\"\" data-mobile_resolution=\"480\" data-mobile_size=\"\" style=\"height: 10px;\"><\/div><div class=\"dfd-heading-shortcode\"><div class=\"dfd-heading-module-wrap  text-center style_02 dfd-heading-69d652174847b dfd-disable-resposive-headings\" id=\"dfd-heading-69d652174847b\" ><div class=\"inline-block\"><div class=\"dfd-heading-module\"><h5 class=\"widget-title dfd-title \" style=\"\"><span style=\"color: #004693; font-style: italic;\">Psicolog\u00eda\u00a0<\/span><\/h5><\/div><\/div><\/div><script type=\"text\/javascript\">\r\n\t\t\t\t\t\t\t\t\t(function($) {\r\n\t\t\t\t\t\t\t\t\t\t$(\"head\").append(\"<style>.dfd-heading-69d652174847b.dfd-heading-module-wrap .dfd-heading-module .dfd-heading-delimiter {margin-top:10px;margin-bottom:10px;}<\/style>\");\r\n\t\t\t\t\t\t\t\t\t})(jQuery);\r\n\t\t\t\t\t\t\t\t<\/script><\/div>[vc_column_text]El Departamento de Psicolog\u00eda del Colegio Hispanoamericano est\u00e1 conformado por dos profesionales en Psicolog\u00eda, quienes prestan el servicio de atenci\u00f3n a la poblaci\u00f3n de las diferentes secciones acad\u00e9micas: preescolar, b\u00e1sica primaria, b\u00e1sica secundaria y media<br \/>\nvocacional.<\/p>\n<p>El servicio de Psicolog\u00eda lidera la propuesta institucional de formaci\u00f3n integral de los estudiantes en los componentes planteados<br \/>\npara el perfil del estudiante hispanoamericano: Autonom\u00eda, Liderazgo,<br \/>\nExcelencia Humana, Excelencia Acad\u00e9mica y Ciudadan\u00eda Digital. Se dise\u00f1an actividades,<br \/>\nplanes y programas ajust\u00e1ndolos cada a\u00f1o a las caracter\u00edsticas, necesidades y realidades de la poblaci\u00f3n estudiantil:<\/p>\n<p>Charlas, talleres, convivencias y c\u00edrculos de di\u00e1logo<\/p>\n<p><img decoding=\"async\" loading=\"lazy\" class=\"alignnone size-large wp-image-21055\" src=\"https:\/\/www.colegiohispano.edu.co\/siteweb\/wordpress\/wp-content\/uploads\/2025\/08\/MFI-CON-CIRCULOS-EXTERNOS-1024x1024.png\" alt=\"\" width=\"1024\" height=\"1024\" srcset=\"https:\/\/www.colegiohispano.edu.co\/siteweb\/wordpress\/wp-content\/uploads\/2025\/08\/MFI-CON-CIRCULOS-EXTERNOS-1024x1024.png 1024w, https:\/\/www.colegiohispano.edu.co\/siteweb\/wordpress\/wp-content\/uploads\/2025\/08\/MFI-CON-CIRCULOS-EXTERNOS-300x300.png 300w, https:\/\/www.colegiohispano.edu.co\/siteweb\/wordpress\/wp-content\/uploads\/2025\/08\/MFI-CON-CIRCULOS-EXTERNOS-150x150.png 150w, https:\/\/www.colegiohispano.edu.co\/siteweb\/wordpress\/wp-content\/uploads\/2025\/08\/MFI-CON-CIRCULOS-EXTERNOS-768x768.png 768w, https:\/\/www.colegiohispano.edu.co\/siteweb\/wordpress\/wp-content\/uploads\/2025\/08\/MFI-CON-CIRCULOS-EXTERNOS-1536x1536.png 1536w, https:\/\/www.colegiohispano.edu.co\/siteweb\/wordpress\/wp-content\/uploads\/2025\/08\/MFI-CON-CIRCULOS-EXTERNOS-2048x2048.png 2048w\" sizes=\"(max-width: 1024px) 100vw, 1024px\" \/>[\/vc_column_text][\/vc_column][vc_column]<div class=\"dfd-spacer-module\"  data-units=\"px\" data-wide_resolution=\"1280\" data-wide_size=\"90\" data-normal_resolution=\"1024\" data-normal_size=\"80\" data-tablet_resolution=\"800\" data-tablet_size=\"100\" data-mobile_resolution=\"480\" data-mobile_size=\"90\" style=\"height: 90px;\"><\/div><div class=\"dfd-heading-shortcode\"><div class=\"dfd-heading-module-wrap  text-center style_01 dfd-heading-69d6521748afe dfd-disable-resposive-headings\" id=\"dfd-heading-69d6521748afe\" ><div class=\"inline-block\"><div class=\"dfd-heading-module\"><h5 class=\"widget-title dfd-title \" style=\"font-size: 40px; line-height: 40px; letter-spacing: -2px; \"><strong>Somos Hispanos <\/strong><\/p>\n<p><strong>en <\/strong><span style=\"color: #004693;\"><b><i>CercanIA<\/i><\/b><\/span><\/h5><\/div><\/div><\/div><script type=\"text\/javascript\">\r\n\t\t\t\t\t\t\t\t\t(function($) {\r\n\t\t\t\t\t\t\t\t\t\t$(\"head\").append(\"<style>.dfd-heading-69d6521748afe .dfd-heading-module .widget-title {margin-bottom:15px;}.dfd-heading-69d6521748afe.dfd-heading-module-wrap .dfd-heading-module .dfd-heading-delimiter {margin-top:10px;margin-bottom:10px;}<\/style>\");\r\n\t\t\t\t\t\t\t\t\t})(jQuery);\r\n\t\t\t\t\t\t\t\t<\/script><\/div><div class=\"dfd-spacer-module\"  data-units=\"px\" data-wide_resolution=\"1280\" data-wide_size=\"30\" data-normal_resolution=\"1024\" data-normal_size=\"30\" data-tablet_resolution=\"800\" data-tablet_size=\"30\" data-mobile_resolution=\"480\" data-mobile_size=\"30\" style=\"height: 30px;\"><\/div>[\/vc_column][\/vc_row][vc_row][vc_column][\/vc_column][\/vc_row]<\/p>\n","protected":false},"excerpt":{"rendered":"<p>[vc_row dfd_row_config=&#8221;full_width_content_paddings&#8221; css=&#8221;.vc_custom_1461754707519{padding-right: 3% !important;padding-left: 3% !important;}&#8221;][vc_column][vc_column_text]El Departamento de Psicolog\u00eda del Colegio Hispanoamericano est\u00e1 conformado por dos profesionales en Psicolog\u00eda, quienes prestan el servicio de atenci\u00f3n a la poblaci\u00f3n de<\/p>\n","protected":false},"author":1,"featured_media":21074,"parent":0,"menu_order":0,"comment_status":"closed","ping_status":"closed","template":"page-custom-with-header.php","meta":[],"_links":{"self":[{"href":"https:\/\/www.colegiohispano.edu.co\/siteweb\/wp-json\/wp\/v2\/pages\/18741"}],"collection":[{"href":"https:\/\/www.colegiohispano.edu.co\/siteweb\/wp-json\/wp\/v2\/pages"}],"about":[{"href":"https:\/\/www.colegiohispano.edu.co\/siteweb\/wp-json\/wp\/v2\/types\/page"}],"author":[{"embeddable":true,"href":"https:\/\/www.colegiohispano.edu.co\/siteweb\/wp-json\/wp\/v2\/users\/1"}],"replies":[{"embeddable":true,"href":"https:\/\/www.colegiohispano.edu.co\/siteweb\/wp-json\/wp\/v2\/comments?post=18741"}],"version-history":[{"count":7,"href":"https:\/\/www.colegiohispano.edu.co\/siteweb\/wp-json\/wp\/v2\/pages\/18741\/revisions"}],"predecessor-version":[{"id":21075,"href":"https:\/\/www.colegiohispano.edu.co\/siteweb\/wp-json\/wp\/v2\/pages\/18741\/revisions\/21075"}],"wp:featuredmedia":[{"embeddable":true,"href":"https:\/\/www.colegiohispano.edu.co\/siteweb\/wp-json\/wp\/v2\/media\/21074"}],"wp:attachment":[{"href":"https:\/\/www.colegiohispano.edu.co\/siteweb\/wp-json\/wp\/v2\/media?parent=18741"}],"curies":[{"name":"wp","href":"https:\/\/api.w.org\/{rel}","templated":true}]}}