{"id":18761,"date":"2021-09-10T11:36:26","date_gmt":"2021-09-10T16:36:26","guid":{"rendered":"https:\/\/www.colegiohispano.edu.co\/siteweb\/?page_id=18761"},"modified":"2025-08-25T18:34:17","modified_gmt":"2025-08-25T23:34:17","slug":"brigada-de-emergencia","status":"publish","type":"page","link":"https:\/\/www.colegiohispano.edu.co\/siteweb\/brigada-de-emergencia\/","title":{"rendered":"Brigada de emergencia"},"content":{"rendered":"<p>[vc_row dfd_row_config=&#8221;full_width_content_paddings&#8221; css=&#8221;.vc_custom_1461754707519{padding-right: 3% !important;padding-left: 3% !important;}&#8221;][vc_column]<div class=\"dfd-spacer-module\"  data-units=\"px\" data-wide_resolution=\"1280\" data-wide_size=\"10\" data-normal_resolution=\"1024\" data-normal_size=\"\" data-tablet_resolution=\"800\" data-tablet_size=\"\" data-mobile_resolution=\"480\" data-mobile_size=\"\" style=\"height: 10px;\"><\/div><div class=\"dfd-heading-shortcode\"><div class=\"dfd-heading-module-wrap  text-center style_02 dfd-heading-69f6210e9b598 dfd-disable-resposive-headings\" id=\"dfd-heading-69f6210e9b598\" ><div class=\"inline-block\"><div class=\"dfd-heading-module\"><h5 class=\"widget-title dfd-title \" style=\"\"><span style=\"color: #004693; font-style: italic;\">Brigada de emergencia\u00a0<\/span><\/h5><\/div><\/div><\/div><script type=\"text\/javascript\">\r\n\t\t\t\t\t\t\t\t\t(function($) {\r\n\t\t\t\t\t\t\t\t\t\t$(\"head\").append(\"<style>.dfd-heading-69f6210e9b598.dfd-heading-module-wrap .dfd-heading-module .dfd-heading-delimiter {margin-top:10px;margin-bottom:10px;}<\/style>\");\r\n\t\t\t\t\t\t\t\t\t})(jQuery);\r\n\t\t\t\t\t\t\t\t<\/script><\/div>[vc_column_text]La Brigada de Emergencia es una organizaci\u00f3n de personas debidamente motivadas, capacitadas y preparadas, para dar respuesta a situaciones de emergencia.<\/p>\n<p>BRIGADISTA HISPANOAMERICANO<\/p>\n<p>Es una persona proactiva con dinamismo y caracter\u00edsticas de l\u00edder en su entorno, quien de forma solidaria participa voluntariamente en tareas de prevenci\u00f3n y atenci\u00f3n de emergencias en las diferentes sedes del Colegio.<\/p>\n<p style=\"text-align: center;\"><strong>\u00a0<span style=\"color: #004693; font-style: italic;\">Gu\u00eda de evacuaci\u00f3n &#8211; Sede Prados del Norte\u00a0<\/span><\/strong><\/p>\n<div style=\"position: relative; padding-top: max(60%,326px); height: 0; width: 100%;\"><iframe style=\"position: absolute; border: none; width: 100%; height: 100%; left: 0; right: 0; top: 0; bottom: 0;\" src=\"https:\/\/e.issuu.com\/embed.html?backgroundColor=%23004693&amp;backgroundColorFullscreen=%23004693&amp;d=plegable_gu_a_evacuaci_n_en_caso_de_sismo_2022-202&amp;doAutoflipPages=true&amp;hideIssuuLogo=true&amp;showOtherPublicationsAsSuggestions=true&amp;u=colegiohispanoamericano\" sandbox=\"allow-top-navigation allow-top-navigation-by-user-activation allow-downloads allow-scripts allow-same-origin allow-popups allow-modals allow-popups-to-escape-sandbox allow-forms\" allowfullscreen=\"allowfullscreen\"><\/iframe><\/div>\n<div style=\"text-align: center;\"><\/div>\n<div style=\"text-align: center;\"><strong><span style=\"color: #004693; font-style: italic;\">Gu\u00eda de evacuaci\u00f3n &#8211; Sede Arroyohondo<\/span><\/strong><\/div>\n<div><\/div>\n<div style=\"position: relative; padding-top: max(60%,326px); height: 0; width: 100%;\"><iframe style=\"position: absolute; border: none; width: 100%; height: 100%; left: 0; right: 0; top: 0; bottom: 0;\" src=\"https:\/\/e.issuu.com\/embed.html?backgroundColor=%23004693&amp;backgroundColorFullscreen=%23004693&amp;d=plegable_gu_a_evacuaci_n_en_caso_de_15b66d29b0a32c&amp;hideIssuuLogo=true&amp;hideShareButton=true&amp;showOtherPublicationsAsSuggestions=true&amp;u=colegiohispanoamericano\" sandbox=\"allow-top-navigation allow-top-navigation-by-user-activation allow-downloads allow-scripts allow-same-origin allow-popups allow-modals allow-popups-to-escape-sandbox allow-forms\" allowfullscreen=\"allowfullscreen\"><\/iframe><\/div>\n<p>[\/vc_column_text][\/vc_column][vc_column]<div class=\"dfd-spacer-module\"  data-units=\"px\" data-wide_resolution=\"1280\" data-wide_size=\"90\" data-normal_resolution=\"1024\" data-normal_size=\"80\" data-tablet_resolution=\"800\" data-tablet_size=\"100\" data-mobile_resolution=\"480\" data-mobile_size=\"90\" style=\"height: 90px;\"><\/div><div class=\"dfd-heading-shortcode\"><div class=\"dfd-heading-module-wrap  text-center style_01 dfd-heading-69f6210e9ba25 dfd-disable-resposive-headings\" id=\"dfd-heading-69f6210e9ba25\" ><div class=\"inline-block\"><div class=\"dfd-heading-module\"><h5 class=\"widget-title dfd-title \" style=\"font-size: 40px; line-height: 40px; letter-spacing: -2px; \"><strong>Somos Hispanos <\/strong><\/p>\n<p><strong>en <\/strong><span style=\"color: #004693;\"><b><i>CercanIA<\/i><\/b><\/span><\/p>\n<p><\/h5><\/div><\/div><\/div><script type=\"text\/javascript\">\r\n\t\t\t\t\t\t\t\t\t(function($) {\r\n\t\t\t\t\t\t\t\t\t\t$(\"head\").append(\"<style>.dfd-heading-69f6210e9ba25 .dfd-heading-module .widget-title {margin-bottom:15px;}.dfd-heading-69f6210e9ba25.dfd-heading-module-wrap .dfd-heading-module .dfd-heading-delimiter {margin-top:10px;margin-bottom:10px;}<\/style>\");\r\n\t\t\t\t\t\t\t\t\t})(jQuery);\r\n\t\t\t\t\t\t\t\t<\/script><\/div><div class=\"dfd-spacer-module\"  data-units=\"px\" data-wide_resolution=\"1280\" data-wide_size=\"30\" data-normal_resolution=\"1024\" data-normal_size=\"30\" data-tablet_resolution=\"800\" data-tablet_size=\"30\" data-mobile_resolution=\"480\" data-mobile_size=\"30\" style=\"height: 30px;\"><\/div>[\/vc_column][\/vc_row][vc_row][vc_column][\/vc_column][\/vc_row]<\/p>\n","protected":false},"excerpt":{"rendered":"<p>[vc_row dfd_row_config=&#8221;full_width_content_paddings&#8221; css=&#8221;.vc_custom_1461754707519{padding-right: 3% !important;padding-left: 3% !important;}&#8221;][vc_column][vc_column_text]La Brigada de Emergencia es una organizaci\u00f3n de personas debidamente motivadas, capacitadas y preparadas, para dar respuesta a situaciones de emergencia. BRIGADISTA HISPANOAMERICANO Es<\/p>\n","protected":false},"author":1,"featured_media":18768,"parent":0,"menu_order":0,"comment_status":"closed","ping_status":"closed","template":"page-custom-with-header.php","meta":[],"_links":{"self":[{"href":"https:\/\/www.colegiohispano.edu.co\/siteweb\/wp-json\/wp\/v2\/pages\/18761"}],"collection":[{"href":"https:\/\/www.colegiohispano.edu.co\/siteweb\/wp-json\/wp\/v2\/pages"}],"about":[{"href":"https:\/\/www.colegiohispano.edu.co\/siteweb\/wp-json\/wp\/v2\/types\/page"}],"author":[{"embeddable":true,"href":"https:\/\/www.colegiohispano.edu.co\/siteweb\/wp-json\/wp\/v2\/users\/1"}],"replies":[{"embeddable":true,"href":"https:\/\/www.colegiohispano.edu.co\/siteweb\/wp-json\/wp\/v2\/comments?post=18761"}],"version-history":[{"count":8,"href":"https:\/\/www.colegiohispano.edu.co\/siteweb\/wp-json\/wp\/v2\/pages\/18761\/revisions"}],"predecessor-version":[{"id":21077,"href":"https:\/\/www.colegiohispano.edu.co\/siteweb\/wp-json\/wp\/v2\/pages\/18761\/revisions\/21077"}],"wp:featuredmedia":[{"embeddable":true,"href":"https:\/\/www.colegiohispano.edu.co\/siteweb\/wp-json\/wp\/v2\/media\/18768"}],"wp:attachment":[{"href":"https:\/\/www.colegiohispano.edu.co\/siteweb\/wp-json\/wp\/v2\/media?parent=18761"}],"curies":[{"name":"wp","href":"https:\/\/api.w.org\/{rel}","templated":true}]}}