{"id":18769,"date":"2021-09-10T15:57:27","date_gmt":"2021-09-10T20:57:27","guid":{"rendered":"https:\/\/www.colegiohispano.edu.co\/siteweb\/?page_id=18769"},"modified":"2025-08-25T18:33:44","modified_gmt":"2025-08-25T23:33:44","slug":"enfermeria","status":"publish","type":"page","link":"https:\/\/www.colegiohispano.edu.co\/siteweb\/enfermeria\/","title":{"rendered":"Enfermer\u00eda"},"content":{"rendered":"<p>[vc_row dfd_row_config=&#8221;full_width_content_paddings&#8221; css=&#8221;.vc_custom_1461754707519{padding-right: 3% !important;padding-left: 3% !important;}&#8221;][vc_column]<div class=\"dfd-spacer-module\"  data-units=\"px\" data-wide_resolution=\"1280\" data-wide_size=\"10\" data-normal_resolution=\"1024\" data-normal_size=\"\" data-tablet_resolution=\"800\" data-tablet_size=\"\" data-mobile_resolution=\"480\" data-mobile_size=\"\" style=\"height: 10px;\"><\/div><div class=\"dfd-heading-shortcode\"><div class=\"dfd-heading-module-wrap  text-center style_02 dfd-heading-69f6210447a63 dfd-disable-resposive-headings\" id=\"dfd-heading-69f6210447a63\" ><div class=\"inline-block\"><div class=\"dfd-heading-module\"><h5 class=\"widget-title dfd-title \" style=\"\"><span style=\"color: #004693; font-style: italic;\"><span style=\"font-weight: 400;\">Enfermer\u00eda\u00a0<\/span><\/span><\/h5><\/div><\/div><\/div><script type=\"text\/javascript\">\r\n\t\t\t\t\t\t\t\t\t(function($) {\r\n\t\t\t\t\t\t\t\t\t\t$(\"head\").append(\"<style>.dfd-heading-69f6210447a63.dfd-heading-module-wrap .dfd-heading-module .dfd-heading-delimiter {margin-top:10px;margin-bottom:10px;}<\/style>\");\r\n\t\t\t\t\t\t\t\t\t})(jQuery);\r\n\t\t\t\t\t\t\t\t<\/script><\/div>[\/vc_column][vc_column][vc_column_text]En ambas sede de nuestro Colegio contamos con enfermer\u00eda, con una profesional capacitada que se encuentra de manera permanente para la atenci\u00f3n de los ni\u00f1os.<\/p>\n<p>En las enfermer\u00edas se brinda una atenci\u00f3n que cumple con todos los protocolos de bioseguridad.<\/p>\n<p>Si se presenta una condici\u00f3n de salud que requiera comunicaci\u00f3n con la familia, la enfermera correspondiente se contactar\u00e1 con los padres de familia para informar acerca del estado de salud del estudiante y tomar en conjunto las decisiones que sean necesarias para su bienestar y tranquilidad.<\/p>\n<p>Adem\u00e1s, el Colegio con \u00e1rea protegida CEM &#8211; Emergencia M\u00e9dica.<\/p>\n<p>Consulte el protocolo de enfermer\u00eda en el siguiente enlace:[\/vc_column_text]<div id=\"dfd-button-69f621044819b\" class=\"dfd-button-module-wrap dfd-button-69f621044819b\"><div class=\"dfd-button-module  style_3 text-center dfd-horizontal dfd-top-to-bottom dfd-button-icon-left dfd-button-icon-hover-simple\" ><a href=\"http:\/\/zeus.colegiohispano.edu.co\/DocsPDF\/Generales\/P_SST_MPT_01_v02.pdf\" title=\"Protocolos Enfermer\u00eda\" target=\"_blank\" class=\"dfd-button-link\"><span class=\"dfd-button-inner-cover\"><span class=\"dfd-button-text-main\">Consulta Aqu\u00ed los protocolos de Enfermer\u00eda<\/span><\/span><\/a><\/div><script type=\"text\/javascript\">\r\n\t\t\t\t\t\t\t\t\t(function($) {$(\"head\").append(\"<style>#dfd-button-69f621044819b.dfd-button-module-wrap .dfd-button-module .dfd-button-link .dfd-button-inner-cover .dfd-button-text-main,.dfd-button-69f621044819b.dfd-button-module-wrap .dfd-button-module .dfd-button-link .dfd-button-inner-cover .dfd-button-text-main {color: #000000}#dfd-button-69f621044819b.dfd-button-module-wrap .dfd-button-module .dfd-button-link .dfd-button-inner-cover,.dfd-button-69f621044819b.dfd-button-module-wrap .dfd-button-module .dfd-button-link .dfd-button-border-decoration,.dfd-button-69f621044819b.dfd-button-module-wrap .dfd-button-module .dfd-button-link .dfd-button-inner-cover {border-radius:2px;}#dfd-button-69f621044819b.dfd-button-module-wrap .dfd-button-module:not(.style_4) .dfd-button-link .dfd-button-inner-cover:before,#dfd-button-69f621044819b.dfd-button-module-wrap .dfd-button-module.style_4 .dfd-button-link .dfd-button-inner-cover:after,#dfd-button-69f621044819b.dfd-button-module-wrap .dfd-button-module.style_6 .dfd-button-link .dfd-button-inner-cover .dfd-button-text-main,.dfd-button-69f621044819b.dfd-button-module-wrap .dfd-button-module:not(.style_4) .dfd-button-link .dfd-button-inner-cover:before,.dfd-button-69f621044819b.dfd-button-module-wrap .dfd-button-module.style_4 .dfd-button-link .dfd-button-inner-cover:after,.dfd-button-69f621044819b.dfd-button-module-wrap .dfd-button-module.style_6 .dfd-button-link .dfd-button-inner-cover .dfd-button-text-main {background: #ffffff;border-style:solid;border-width:1px;border-radius:2px;border-color:#1b1b1b;}#dfd-button-69f621044819b.dfd-button-module-wrap .dfd-button-module:not(.style_6) .dfd-button-link:hover .dfd-button-inner-cover .dfd-button-text-main,#dfd-button-69f621044819b.dfd-button-module-wrap .dfd-button-module .dfd-button-link .dfd-button-inner-cover .dfd-button-text-hover,.dfd-button-69f621044819b.dfd-button-module-wrap .dfd-button-module:not(.style_6) .dfd-button-link:hover .dfd-button-inner-cover .dfd-button-text-main,.dfd-button-69f621044819b.dfd-button-module-wrap .dfd-button-module .dfd-button-link .dfd-button-inner-cover .dfd-button-text-hover {color: #ffffff;}#dfd-button-69f621044819b.dfd-button-module-wrap .dfd-button-module .dfd-button-link:hover .dfd-button-inner-cover,.dfd-button-69f621044819b.dfd-button-module-wrap .dfd-button-module .dfd-button-link:hover .dfd-button-border-decoration,.dfd-button-69f621044819b.dfd-button-module-wrap .dfd-button-module .dfd-button-link:hover .dfd-button-inner-cover {border-radius:2px;}#dfd-button-69f621044819b.dfd-button-module-wrap .dfd-button-module:not(.style_4) .dfd-button-link .dfd-button-inner-cover:after,#dfd-button-69f621044819b.dfd-button-module-wrap .dfd-button-module.style_4 .dfd-button-link .dfd-button-inner-cover:before,#dfd-button-69f621044819b.dfd-button-module-wrap .dfd-button-module .dfd-button-link .dfd-button-inner-cover .dfd-button-text-hover .dfd-button-69f621044819b.dfd-button-module-wrap .dfd-button-module:not(.style_4) .dfd-button-link .dfd-button-inner-cover:after,.dfd-button-69f621044819b.dfd-button-module-wrap .dfd-button-module.style_4 .dfd-button-link .dfd-button-inner-cover:before,.dfd-button-69f621044819b.dfd-button-module-wrap .dfd-button-module .dfd-button-link .dfd-button-inner-cover .dfd-button-text-hover {background: #004693;border-style:solid;border-width:1px;border-radius:2px;border-color:#c39f76;}#dfd-button-69f621044819b.dfd-button-module-wrap .dfd-button-module.style_3 .dfd-button-link:hover .dfd-button-inner-cover:before,#dfd-button-69f621044819b.dfd-button-module-wrap .dfd-button-module.style_4 .dfd-button-link:hover .dfd-button-inner-cover:before,.dfd-button-69f621044819b.dfd-button-module-wrap .dfd-button-module.style_3 .dfd-button-link:hover .dfd-button-inner-cover:before,.dfd-button-69f621044819b.dfd-button-module-wrap .dfd-button-module.style_4 .dfd-button-link:hover .dfd-button-inner-cover:before {border-style:solid;border-width:1px;border-radius:2px;border-color:#c39f76;}<\/style>\")\r\n\t\t\t\t\t\t\t\t\t})(jQuery);\r\n\t\t\t\t\t\t\t\t<\/script><\/div><div class=\"dfd-spacer-module\"  data-units=\"px\" data-wide_resolution=\"1280\" data-wide_size=\"90\" data-normal_resolution=\"1024\" data-normal_size=\"80\" data-tablet_resolution=\"800\" data-tablet_size=\"100\" data-mobile_resolution=\"480\" data-mobile_size=\"90\" style=\"height: 90px;\"><\/div><div class=\"dfd-heading-shortcode\"><div class=\"dfd-heading-module-wrap  text-center style_01 dfd-heading-69f6210448871 dfd-disable-resposive-headings\" id=\"dfd-heading-69f6210448871\" ><div class=\"inline-block\"><div class=\"dfd-heading-module\"><h5 class=\"widget-title dfd-title \" style=\"font-size: 40px; line-height: 40px; letter-spacing: -2px; \"><strong>Somos Hispanos <\/strong><\/p>\n<p><strong>en <\/strong><span style=\"color: #004693;\"><b><i>CercanIA<\/i><\/b><\/span><\/h5><\/div><\/div><\/div><script type=\"text\/javascript\">\r\n\t\t\t\t\t\t\t\t\t(function($) {\r\n\t\t\t\t\t\t\t\t\t\t$(\"head\").append(\"<style>.dfd-heading-69f6210448871 .dfd-heading-module .widget-title {margin-bottom:15px;}.dfd-heading-69f6210448871.dfd-heading-module-wrap .dfd-heading-module .dfd-heading-delimiter {margin-top:10px;margin-bottom:10px;}<\/style>\");\r\n\t\t\t\t\t\t\t\t\t})(jQuery);\r\n\t\t\t\t\t\t\t\t<\/script><\/div><div class=\"dfd-spacer-module\"  data-units=\"px\" data-wide_resolution=\"1280\" data-wide_size=\"30\" data-normal_resolution=\"1024\" data-normal_size=\"30\" data-tablet_resolution=\"800\" data-tablet_size=\"30\" data-mobile_resolution=\"480\" data-mobile_size=\"30\" style=\"height: 30px;\"><\/div>[\/vc_column][\/vc_row][vc_row][vc_column][\/vc_column][\/vc_row]<\/p>\n","protected":false},"excerpt":{"rendered":"<p>[vc_row dfd_row_config=&#8221;full_width_content_paddings&#8221; css=&#8221;.vc_custom_1461754707519{padding-right: 3% !important;padding-left: 3% !important;}&#8221;][vc_column][\/vc_column][vc_column][vc_column_text]En ambas sede de nuestro Colegio contamos con enfermer\u00eda, con una profesional capacitada que se encuentra de manera permanente para la atenci\u00f3n de los<\/p>\n","protected":false},"author":1,"featured_media":18770,"parent":0,"menu_order":0,"comment_status":"closed","ping_status":"closed","template":"page-custom-with-header.php","meta":[],"_links":{"self":[{"href":"https:\/\/www.colegiohispano.edu.co\/siteweb\/wp-json\/wp\/v2\/pages\/18769"}],"collection":[{"href":"https:\/\/www.colegiohispano.edu.co\/siteweb\/wp-json\/wp\/v2\/pages"}],"about":[{"href":"https:\/\/www.colegiohispano.edu.co\/siteweb\/wp-json\/wp\/v2\/types\/page"}],"author":[{"embeddable":true,"href":"https:\/\/www.colegiohispano.edu.co\/siteweb\/wp-json\/wp\/v2\/users\/1"}],"replies":[{"embeddable":true,"href":"https:\/\/www.colegiohispano.edu.co\/siteweb\/wp-json\/wp\/v2\/comments?post=18769"}],"version-history":[{"count":9,"href":"https:\/\/www.colegiohispano.edu.co\/siteweb\/wp-json\/wp\/v2\/pages\/18769\/revisions"}],"predecessor-version":[{"id":21076,"href":"https:\/\/www.colegiohispano.edu.co\/siteweb\/wp-json\/wp\/v2\/pages\/18769\/revisions\/21076"}],"wp:featuredmedia":[{"embeddable":true,"href":"https:\/\/www.colegiohispano.edu.co\/siteweb\/wp-json\/wp\/v2\/media\/18770"}],"wp:attachment":[{"href":"https:\/\/www.colegiohispano.edu.co\/siteweb\/wp-json\/wp\/v2\/media?parent=18769"}],"curies":[{"name":"wp","href":"https:\/\/api.w.org\/{rel}","templated":true}]}}