{"id":18800,"date":"2021-09-11T09:40:32","date_gmt":"2021-09-11T14:40:32","guid":{"rendered":"https:\/\/www.colegiohispano.edu.co\/siteweb\/?page_id=18800"},"modified":"2025-09-05T15:03:09","modified_gmt":"2025-09-05T20:03:09","slug":"bachillerato-2","status":"publish","type":"page","link":"https:\/\/www.colegiohispano.edu.co\/siteweb\/bachillerato-2\/","title":{"rendered":"Bachillerato"},"content":{"rendered":"<p>[vc_row dfd_row_config=&#8221;full_width_content_paddings&#8221; css=&#8221;.vc_custom_1461833292024{border-bottom-width: 1px !important;border-bottom-color: #e2e2e2 !important;border-bottom-style: solid !important;}&#8221;][vc_column][\/vc_column][\/vc_row][vc_row force_equal_height_columns=&#8221;main_row&#8221; mobile_destroy_equal_heights_resolution=&#8221;799&#8243; dfd_row_config=&#8221;full_width_content&#8221; mobile_destroy_equal_heights=&#8221;yes&#8221;][vc_column width=&#8221;1\/2&#8243; el_class=&#8221;dfd_col-tablet-12&#8243; offset=&#8221;vc_col-lg-6 vc_col-md-6 vc_col-xs-12&#8243; col_shadow=&#8221;box_shadow_enable:disable|shadow_horizontal:0|shadow_vertical:15|shadow_blur:50|shadow_spread:0|box_shadow_color:rgba(0%2C0%2C0%2C0.35)&#8221; col_shadow_hover=&#8221;box_shadow_enable:disable|shadow_horizontal:0|shadow_vertical:15|shadow_blur:50|shadow_spread:0|box_shadow_color:rgba(0%2C0%2C0%2C0.35)&#8221;]<div class=\"dfd-spacer-module\"  data-units=\"px\" data-wide_resolution=\"1280\" data-wide_size=\"0\" data-normal_resolution=\"1024\" data-normal_size=\"0\" data-tablet_resolution=\"800\" data-tablet_size=\"0\" data-mobile_resolution=\"480\" data-mobile_size=\"150\" style=\"height: 0px;\"><\/div><div id=\"dfd-single-image-module69f620dacd1cd-6880\" class=\"dfd-single-image-module  image-center  dfd-img-lazy-load\" ><img src=\"data:image\/svg+xml;charset=utf-8,%3Csvg xmlns%3D'http%3A%2F%2Fwww.w3.org%2F2000%2Fsvg' viewBox%3D'0 0 1440 1440'%2F%3E\" data-src=\"https:\/\/www.colegiohispano.edu.co\/siteweb\/wordpress\/wp-content\/uploads\/2023\/11\/Bto.jpg\" width=\"1440\" height=\"1440\"  alt=\"Image module\" \/><\/div><div class=\"dfd-spacer-module\"  data-units=\"px\" data-wide_resolution=\"1280\" data-wide_size=\"0\" data-normal_resolution=\"1024\" data-normal_size=\"0\" data-tablet_resolution=\"800\" data-tablet_size=\"0\" data-mobile_resolution=\"480\" data-mobile_size=\"150\" style=\"height: 0px;\"><\/div>[\/vc_column][vc_column width=&#8221;1\/2&#8243; css=&#8221;.vc_custom_1462025533627{padding-right: 8% !important;padding-left: 5% !important;}&#8221; el_class=&#8221;custom-change-padding20 dfd_col-tablet-12&#8243; offset=&#8221;vc_col-lg-6 vc_col-md-6 vc_col-xs-12&#8243;]<div class=\"dfd-heading-shortcode\"><div class=\"dfd-heading-module-wrap  text-left style_01 cr-animate-gen dfd-heading-69f620dacd73b dfd-disable-resposive-headings\" id=\"dfd-heading-69f620dacd73b\" data-animate-type = \"transition.slideRightIn\" ><div class=\"inline-block\"><div class=\"dfd-heading-module\"><h5 class=\"widget-title dfd-title \" style=\"font-size: 55px; line-height: 55px; letter-spacing: -3px; \">Bachillerato<\/h5><h3 class=\"widget-sub-title dfd-sub-title \" style=\"\">Directora seccional: Ana Isabel Henao - Director de Convivencia: Javier Antonio Meza<\/h3><div class=\"dfd-heading-delimiter dfd-img-lazy-load\"><\/div><\/div><\/div><\/div><script type=\"text\/javascript\">\r\n\t\t\t\t\t\t\t\t\t(function($) {\r\n\t\t\t\t\t\t\t\t\t\t$(\"head\").append(\"<style>.dfd-heading-69f620dacd73b.dfd-heading-module-wrap .dfd-heading-module .dfd-heading-delimiter {border-bottom-style:solid;border-bottom-width:1px;width:100px;border-bottom-color:#dddddd;}.dfd-heading-69f620dacd73b .dfd-heading-module .widget-title {margin-bottom:15px;}@media (max-width: 799px){.dfd-heading-69f620dacd73b .dfd-title{font-size: 45px !important;letter-spacing: -2px !important;line-height: 45px !important;}}<\/style>\");\r\n\t\t\t\t\t\t\t\t\t})(jQuery);\r\n\t\t\t\t\t\t\t\t<\/script><\/div><div class=\"dfd-spacer-module\"  data-units=\"px\" data-wide_resolution=\"1280\" data-wide_size=\"19\" data-normal_resolution=\"1024\" data-normal_size=\"19\" data-tablet_resolution=\"800\" data-tablet_size=\"20\" data-mobile_resolution=\"480\" data-mobile_size=\"20\" style=\"height: 19px;\"><\/div>[vc_column_text item_animation=&#8221;transition.slideRightIn&#8221;]El Colegio Hispanoamericano figura como un escenario educativo que ha venido fortaleciendo sus procesos acad\u00e9micos en sus 69 a\u00f1os de servicio educativo a toda la comunidad circunscrita en el municipio Santiago de Cali y sus alrededores, prestando su servicio.[\/vc_column_text][vc_column_text item_animation=&#8221;transition.slideRightIn&#8221;]<\/p>\n<blockquote><p>Nuestra instituci\u00f3n se destaca por su amplia y reconocida trayectoria acad\u00e9mica y formativa de estudiantes integrales y con fortalezas que les hace merecedores de numerosos reconocimientos a nivel nacional, como es el caso de las becas otorgadas por universidades privadas de todo el pa\u00eds, (ICESI, Aut\u00f3noma, San Buenaventura, Javeriana, Rosario, entre otras).<\/p><\/blockquote>\n<p>[\/vc_column_text]<div id=\"dfd-button-69f620dace0fd\" class=\"dfd-button-module-wrap dfd-button-69f620dace0fd\"><div class=\"dfd-button-module  cr-animate-gen style_3 text-left dfd-horizontal dfd-top-to-bottom dfd-button-icon-left dfd-button-icon-hover-simple\"  data-animate-type=\"transition.slideRightIn\" ><a href=\"https:\/\/www.colegiohispano.edu.co\/siteweb\/admisiones\/\" title=\"Admisiones\" target=\"_blank\" class=\"dfd-button-link\"><span class=\"dfd-button-inner-cover\"><span class=\"dfd-button-text-main\">Admisiones<\/span><\/span><\/a><\/div><script type=\"text\/javascript\">\r\n\t\t\t\t\t\t\t\t\t(function($) {$(\"head\").append(\"<style>#dfd-button-69f620dace0fd.dfd-button-module-wrap .dfd-button-module .dfd-button-link .dfd-button-inner-cover .dfd-button-text-main, .dfd-button-69f620dace0fd.dfd-button-module-wrap .dfd-button-module .dfd-button-link .dfd-button-inner-cover .dfd-button-text-main, .dfd-button-69f620dace0fd.dfd-button-module-wrap .dfd-button-module .dfd-button-link .dfd-button-inner-cover .dfd-button-text-hover, #dfd-button-69f620dace0fd.dfd-button-module-wrap .dfd-button-module .dfd-button-link .dfd-button-inner-cover .dfd-button-text-hover {padding-left: 40px;}#dfd-button-69f620dace0fd.dfd-button-module-wrap .dfd-button-module .dfd-button-link .dfd-button-inner-cover .dfd-button-text-main, .dfd-button-69f620dace0fd.dfd-button-module-wrap .dfd-button-module .dfd-button-link .dfd-button-inner-cover .dfd-button-text-main, .dfd-button-69f620dace0fd.dfd-button-module-wrap .dfd-button-module .dfd-button-link .dfd-button-inner-cover .dfd-button-text-hover, #dfd-button-69f620dace0fd.dfd-button-module-wrap .dfd-button-module .dfd-button-link .dfd-button-inner-cover .dfd-button-text-hover {padding-right: 40px;}#dfd-button-69f620dace0fd.dfd-button-module-wrap .dfd-button-module .dfd-button-link .dfd-button-inner-cover .dfd-button-text-main,.dfd-button-69f620dace0fd.dfd-button-module-wrap .dfd-button-module .dfd-button-link .dfd-button-inner-cover .dfd-button-text-main {color: #282828}#dfd-button-69f620dace0fd.dfd-button-module-wrap .dfd-button-module .dfd-button-link .dfd-button-inner-cover,.dfd-button-69f620dace0fd.dfd-button-module-wrap .dfd-button-module .dfd-button-link .dfd-button-border-decoration,.dfd-button-69f620dace0fd.dfd-button-module-wrap .dfd-button-module .dfd-button-link .dfd-button-inner-cover {border-radius:0px;}#dfd-button-69f620dace0fd.dfd-button-module-wrap .dfd-button-module:not(.style_4) .dfd-button-link .dfd-button-inner-cover:before,#dfd-button-69f620dace0fd.dfd-button-module-wrap .dfd-button-module.style_4 .dfd-button-link .dfd-button-inner-cover:after,#dfd-button-69f620dace0fd.dfd-button-module-wrap .dfd-button-module.style_6 .dfd-button-link .dfd-button-inner-cover .dfd-button-text-main,.dfd-button-69f620dace0fd.dfd-button-module-wrap .dfd-button-module:not(.style_4) .dfd-button-link .dfd-button-inner-cover:before,.dfd-button-69f620dace0fd.dfd-button-module-wrap .dfd-button-module.style_4 .dfd-button-link .dfd-button-inner-cover:after,.dfd-button-69f620dace0fd.dfd-button-module-wrap .dfd-button-module.style_6 .dfd-button-link .dfd-button-inner-cover .dfd-button-text-main {background: #ffffff;border-style:solid;border-width:1px;border-radius:0px;border-color:#d3d3d3;}#dfd-button-69f620dace0fd.dfd-button-module-wrap .dfd-button-module:not(.style_6) .dfd-button-link:hover .dfd-button-inner-cover .dfd-button-text-main,#dfd-button-69f620dace0fd.dfd-button-module-wrap .dfd-button-module .dfd-button-link .dfd-button-inner-cover .dfd-button-text-hover,.dfd-button-69f620dace0fd.dfd-button-module-wrap .dfd-button-module:not(.style_6) .dfd-button-link:hover .dfd-button-inner-cover .dfd-button-text-main,.dfd-button-69f620dace0fd.dfd-button-module-wrap .dfd-button-module .dfd-button-link .dfd-button-inner-cover .dfd-button-text-hover {color: #000000;}#dfd-button-69f620dace0fd.dfd-button-module-wrap .dfd-button-module .dfd-button-link:hover .dfd-button-inner-cover,.dfd-button-69f620dace0fd.dfd-button-module-wrap .dfd-button-module .dfd-button-link:hover .dfd-button-border-decoration,.dfd-button-69f620dace0fd.dfd-button-module-wrap .dfd-button-module .dfd-button-link:hover .dfd-button-inner-cover {border-radius:0px;}#dfd-button-69f620dace0fd.dfd-button-module-wrap .dfd-button-module:not(.style_4) .dfd-button-link .dfd-button-inner-cover:after,#dfd-button-69f620dace0fd.dfd-button-module-wrap .dfd-button-module.style_4 .dfd-button-link .dfd-button-inner-cover:before,#dfd-button-69f620dace0fd.dfd-button-module-wrap .dfd-button-module .dfd-button-link .dfd-button-inner-cover .dfd-button-text-hover .dfd-button-69f620dace0fd.dfd-button-module-wrap .dfd-button-module:not(.style_4) .dfd-button-link .dfd-button-inner-cover:after,.dfd-button-69f620dace0fd.dfd-button-module-wrap .dfd-button-module.style_4 .dfd-button-link .dfd-button-inner-cover:before,.dfd-button-69f620dace0fd.dfd-button-module-wrap .dfd-button-module .dfd-button-link .dfd-button-inner-cover .dfd-button-text-hover {background: #004693;border-style:solid;border-width:1px;border-radius:0px;border-color:#353535;}#dfd-button-69f620dace0fd.dfd-button-module-wrap .dfd-button-module.style_3 .dfd-button-link:hover .dfd-button-inner-cover:before,#dfd-button-69f620dace0fd.dfd-button-module-wrap .dfd-button-module.style_4 .dfd-button-link:hover .dfd-button-inner-cover:before,.dfd-button-69f620dace0fd.dfd-button-module-wrap .dfd-button-module.style_3 .dfd-button-link:hover .dfd-button-inner-cover:before,.dfd-button-69f620dace0fd.dfd-button-module-wrap .dfd-button-module.style_4 .dfd-button-link:hover .dfd-button-inner-cover:before {border-style:solid;border-width:1px;border-radius:0px;border-color:#353535;}<\/style>\")\r\n\t\t\t\t\t\t\t\t\t})(jQuery);\r\n\t\t\t\t\t\t\t\t<\/script><\/div>[\/vc_column][\/vc_row][vc_row force_equal_height_columns=&#8221;main_row&#8221; mobile_destroy_equal_heights_resolution=&#8221;799&#8243; dfd_row_config=&#8221;full_width_content&#8221; mobile_destroy_equal_heights=&#8221;yes&#8221;][vc_column width=&#8221;1\/2&#8243; css=&#8221;.vc_custom_1462027383592{padding-right: 8% !important;padding-left: 5% !important;}&#8221; el_class=&#8221;custom-change-padding20 dfd_col-tablet-12&#8243; offset=&#8221;vc_col-lg-6 vc_col-md-6 vc_col-xs-12&#8243;]<div class=\"dfd-spacer-module\"  data-units=\"px\" data-wide_resolution=\"1280\" data-wide_size=\"120\" data-normal_resolution=\"1024\" data-normal_size=\"100\" data-tablet_resolution=\"800\" data-tablet_size=\"0\" data-mobile_resolution=\"480\" data-mobile_size=\"0\" style=\"height: 120px;\"><\/div><div class=\"dfd-heading-shortcode\"><div class=\"dfd-heading-module-wrap  text-left style_01 cr-animate-gen dfd-heading-69f620dace833 dfd-disable-resposive-headings\" id=\"dfd-heading-69f620dace833\" data-animate-type = \"transition.slideLeftIn\" ><div class=\"inline-block\"><div class=\"dfd-heading-module\"><h5 class=\"widget-title dfd-title \" style=\"font-size: 55px; line-height: 55px; letter-spacing: -3px; \">Directores de grupo<\/h5><div class=\"dfd-heading-delimiter dfd-img-lazy-load\"><\/div><\/div><\/div><\/div><script type=\"text\/javascript\">\r\n\t\t\t\t\t\t\t\t\t(function($) {\r\n\t\t\t\t\t\t\t\t\t\t$(\"head\").append(\"<style>.dfd-heading-69f620dace833.dfd-heading-module-wrap .dfd-heading-module .dfd-heading-delimiter {border-bottom-style:solid;border-bottom-width:1px;width:100px;border-bottom-color:#dddddd;}.dfd-heading-69f620dace833 .dfd-heading-module .widget-title {margin-bottom:15px;}@media (max-width: 799px){.dfd-heading-69f620dace833 .dfd-title{font-size: 45px !important;letter-spacing: -2px !important;line-height: 45px !important;}}<\/style>\");\r\n\t\t\t\t\t\t\t\t\t})(jQuery);\r\n\t\t\t\t\t\t\t\t<\/script><\/div><div class=\"dfd-spacer-module\"  data-units=\"px\" data-wide_resolution=\"1280\" data-wide_size=\"20\" data-normal_resolution=\"1024\" data-normal_size=\"20\" data-tablet_resolution=\"800\" data-tablet_size=\"19\" data-mobile_resolution=\"480\" data-mobile_size=\"19\" style=\"height: 20px;\"><\/div>[vc_column_text item_animation=&#8221;transition.slideLeftIn&#8221;]<\/p>\n<table style=\"height: 375px; border-color: ##004693;\" width=\"712\">\n<tbody>\n<tr>\n<td style=\"text-align: center;\"><strong>Curso<\/strong><\/td>\n<td style=\"text-align: center;\"><strong>Docente<\/strong><\/td>\n<td style=\"text-align: center;\"><strong>Correo<\/strong><\/td>\n<\/tr>\n<tr>\n<td><span style=\"font-weight: 400;\">Rector del Colegio y profesor de F\u00edsica 9\u00b0.<\/span><\/td>\n<td>Hugo de Jes\u00fas Botero Quiceno<\/td>\n<td>rectoria@colegiohispano.edu.co<\/td>\n<\/tr>\n<tr>\n<td><span style=\"font-weight: 400;\">Directora Acad\u00e9mica de Bachillerato y profesora de Qu\u00edmica 11A y 11B.<\/span><\/td>\n<td>Ana Isabel Henao Valencia<\/td>\n<td>dirbachillerato@colegiohispano.edu.co<\/td>\n<\/tr>\n<tr>\n<td><span style=\"font-weight: 400;\">Director de Convivencia\u00a0 y Profesor de Qu\u00edmica en 9\u00b0<\/span><\/td>\n<td>Javier Antonio Meza Molano<\/td>\n<td>dirconvivencia@colegiohispano.edu.co<\/td>\n<\/tr>\n<tr>\n<td><span style=\"font-weight: 400;\">Profesora de Ingl\u00e9s en 7\u00b0, 9C y 10C.<\/span><\/td>\n<td>M\u00f3nica Pe\u00f1uela Medina<\/td>\n<td>mpenuela@colegiohispano.edu.co<\/td>\n<\/tr>\n<tr>\n<td><span style=\"font-weight: 400;\">Profesor de Ingl\u00e9s en 7\u00b0 , 9C y 10C.\u00a0 Director de grupo 7A.<\/span><\/td>\n<td>Andr\u00e9s Felipe Ospina Beltr\u00e1n<\/td>\n<td>aospina@colegiohispano.edu.<\/td>\n<\/tr>\n<tr>\n<td><span style=\"font-weight: 400;\">Profesor de Matem\u00e1ticas en\u00a0 6\u00b0 y\u00a0 8A. Director de grupo 6A<\/span><\/td>\n<td>Carlos Esteban Montenegro Narv\u00e1ez<\/td>\n<td>cmontenegro@colegiohispano.edu.co<\/td>\n<\/tr>\n<tr>\n<td><span style=\"font-weight: 400;\">Profesora de Matem\u00e1ticas\u00a0 en\u00a0 8B y 9\u00b0. Directora de grupo 9B<\/span><\/td>\n<td>Sandra Jeimmi Trujillo Ram\u00edrez<\/td>\n<td>strujillo@colegiohispano.edu.co<\/td>\n<\/tr>\n<tr>\n<td><span style=\"font-weight: 400;\">Profesora del laboratorio de Ciencias Naturales. <\/span><\/td>\n<td>Mariana Rosero Bola\u00f1os<\/td>\n<td>mrosero@colegiohispano.edu.co<\/td>\n<\/tr>\n<tr>\n<td><span style=\"font-weight: 400;\">Profesor de Ingl\u00e9s en 6\u00b0, 10A y 10B. Director de grupo 6C<\/span><\/td>\n<td>Germ\u00e1n Garc\u00eda Pab\u00f3n<\/td>\n<td>ggarcia@colegiohispano.edu.co<\/td>\n<\/tr>\n<tr>\n<td><span style=\"font-weight: 400;\">Profesora de Ingl\u00e9s en 6\u00b0, 10A y 10B.<\/span><\/td>\n<td>Ana Sof\u00eda Tabares Uribe<\/td>\n<td>atabares@colegiohispano.edu.co<\/td>\n<\/tr>\n<tr>\n<td><span style=\"font-weight: 400;\">Profesora de Lengua Castellana en 7\u00b0, 8C y 9A. Directora de grupo 7C.<\/span><\/td>\n<td>Ang\u00e9lica Nieva Berm\u00fadez<\/td>\n<td>anieva@colegiohispano.edu.co<\/td>\n<\/tr>\n<tr>\n<td>Profesora de Matem\u00e1ticas en 8B y 9\u00b0. Directora de grupo de 9C.<\/td>\n<td>Sandra Jeimmi Trujillo<\/td>\n<td>strujillo@colegiohispano.edu.co<\/td>\n<\/tr>\n<tr>\n<td><span style=\"font-weight: 400;\">Profesora de Lengua Castellana en 6\u00b0, 8A y 8B. Directora de grupo 8A<\/span><\/td>\n<td>Mar\u00eda Claudia Mosquera Ortiz<\/td>\n<td>mmosquera@colegiohispano.edu.co<\/td>\n<\/tr>\n<tr>\n<td><span style=\"font-weight: 400;\">Profesora de Ciencias Pol\u00edticas y Econ\u00f3micas en 10\u00b0 y 11\u00b0. Jefe del Departamento de Ciencias Sociales. Directora de grupo 10A.<\/span><\/td>\n<td>Claudia Paola Rodr\u00edguez Morales<\/td>\n<td>crodriguez@colegiohispano.edu.co<\/td>\n<\/tr>\n<tr>\n<td><span style=\"font-weight: 400;\">Profesora de Matem\u00e1ticas de 10\u00b0 y 11\u00b0. Directora de grupo 11C<\/span><\/td>\n<td>Marcela Quintana Tasc\u00f3n<\/td>\n<td>mquintana@colegiohispano.edu.co<\/td>\n<\/tr>\n<tr>\n<td><span style=\"font-weight: 400;\">Profesora de Matem\u00e1ticas de 10\u00b0. Asesora pedag\u00f3gica del Departamento de matem\u00e1ticas.<\/span><\/td>\n<td>Kelly Patricia Murillo<\/td>\n<td>kmurillo@colegiohispano.edu.co<\/td>\n<\/tr>\n<tr>\n<td><span style=\"font-weight: 400;\">Profesor de Matem\u00e1ticas en 7\u00b0 y\u00a0 8C. <\/span><span style=\"font-weight: 400;\">Jefe del Departamento de Matem\u00e1ticas. Director de grupo 7B.<\/span><\/td>\n<td>Fabio Sanabria Munar<\/td>\n<td>fsanabria@colegiohispano.edu.co<\/td>\n<\/tr>\n<tr>\n<td><span style=\"font-weight: 400;\">Profesor de F\u00edsica en 10\u00b0 y 11\u00b0. Jefe del Departamento de Ciencias Naturales. Director de grupo 11B.<\/span><\/td>\n<td>Francisco Javier Calle Var\u00f3n<\/td>\n<td>fcalle@colegiohispano.edu.co<\/td>\n<\/tr>\n<tr>\n<td><span style=\"font-weight: 400;\">Profesor de Lengua Castellana en 10B y 10C. Coordinador de Educaci\u00f3n Art\u00edstica. <\/span><\/td>\n<td>William Salazar R\u00edos<\/td>\n<td>wsalazar@colegiohispano.edu.co<\/td>\n<\/tr>\n<tr>\n<td><span style=\"font-weight: 400;\">Profesor de Lengua Castellana en 9B, 9C y 11\u00b0. Jefe del Departamento de lengua castellana. Director de grupo 11A.<\/span><\/td>\n<td>V\u00edctor Hugo Valencia Moreno<\/td>\n<td>vvalencia@colegiohispano.edu.co<\/td>\n<\/tr>\n<tr>\n<td><span style=\"font-weight: 400;\">Profesora de Ingl\u00e9s en 11\u00b0. Coordinadora del \u00e1rea de Lengua\u00a0 Extranjera. <\/span><\/td>\n<td>Claudia Patricia Cubillos Rodr\u00edguez<\/td>\n<td>ccubillos@colegiohispano.edu.co<\/td>\n<\/tr>\n<tr>\n<td><span style=\"font-weight: 400;\">Profesora de Ingl\u00e9s en 8\u00b0, 9A y 9B.<\/span><\/td>\n<td>Carol Lyseth Vel\u00e1squez Gonz\u00e1lez<\/td>\n<td>cvelasquez@colegiohispano.edu.co<\/td>\n<\/tr>\n<tr>\n<td><span style=\"font-weight: 400;\">Profesora de Ingl\u00e9s en 8\u00b0, 9A y 9B. Directora de grupo 8C.<\/span><\/td>\n<td>Lorena Palacio Arce<\/td>\n<td>lpalacio@colegiohispano.edu.co<\/td>\n<\/tr>\n<tr>\n<td><span style=\"font-weight: 400;\">Profesor de Geograf\u00eda e Historia de Espa\u00f1a en 8\u00b0y 9\u00b0. Profesor de dibujo art\u00edstico<\/span><\/td>\n<td>Juan Carlos Escobar Arango<\/td>\n<td>jescobar@colegiohispano.edu.co<\/td>\n<\/tr>\n<tr>\n<td><span style=\"font-weight: 400;\">Profesor de Ciencias Sociales, Democracia, C\u00e1tedra de Paz y Competencias Ciudadanas en 8\u00b0 y 9\u00b0. Director de grupo 8B.<\/span><\/td>\n<td>Milton Fabi\u00e1n Murillo Moreno<\/td>\n<td>mmurillo@colegiohispano.edu.co<\/td>\n<\/tr>\n<tr>\n<td><span style=\"font-weight: 400;\">Profesora de Ciencias Sociales, Democracia, C\u00e1tedra de Paz y Competencias Ciudadanas en 6\u00b0 y 7\u00b0. Directora de grupo 6B.<\/span><\/td>\n<td>Diana Lorena Duque Hern\u00e1ndez<\/td>\n<td>dduque@colegiohispano.edu.co<\/td>\n<\/tr>\n<tr>\n<td><span style=\"font-weight: 400;\">Profesora de Educaci\u00f3n Religiosa en 6\u00b0, 7\u00b0, 8\u00b0 y 9\u00b0. <\/span><\/td>\n<td>Jennifer Morales Agredo<\/td>\n<td>jmorales@colegiohispano.edu.co<\/td>\n<\/tr>\n<tr>\n<td>Profesor de Tecnolog\u00eda e Inform\u00e1tica en 10\u00b0 y 11\u00b0. Coordinador del Departamento de Tecnolog\u00eda e Inform\u00e1tica.<\/td>\n<td>Eguibar Aldebith Astaiza Montilla<\/td>\n<td>eastaiza@colegiohispano.edu.co<\/td>\n<\/tr>\n<tr>\n<td><span style=\"font-weight: 400;\">Profesor de Tecnolog\u00eda e Inform\u00e1tica en 6\u00b0, 7\u00b0, 8\u00b0 y 9\u00b0. Director de grupo 9A.<\/span><\/td>\n<td>H\u00e9ctor Fabio Hern\u00e1ndez Ca\u00f1as<\/td>\n<td>hhernandez@colegiohispano.edu.co<\/td>\n<\/tr>\n<tr>\n<td><span style=\"font-weight: 400;\">Profesora de Biolog\u00eda en 10\u00b0 y 11\u00b0. Profesora de qu\u00edmica 10\u00b0 y 11A. Directora de grupo 10B.<\/span><\/td>\n<td>Claudia Fernanda Angrino Trivi\u00f1o<\/td>\n<td>cangrino@colegiohispano.edu.co<\/td>\n<\/tr>\n<tr>\n<td>Profesora de Ciencias Naturales en 6\u00b0.<\/td>\n<td>Mayra Lizeth Salazar Andrade<\/td>\n<td>mlsalazar@colegiohispano.edu.co<\/td>\n<\/tr>\n<tr>\n<td><span style=\"font-weight: 400;\">Profesor de Ciencias Naturales en 7\u00b0, 8\u00b0 y 9\u00b0. Director de grupo 9C.<\/span><\/td>\n<td>Luis Fernando Villacis Andrade<\/td>\n<td>lvillacis@colegiohispano.edu.co<\/td>\n<\/tr>\n<tr>\n<td><span style=\"font-weight: 400;\">Profesor de filosof\u00eda en 10\u00b0, 11\u00b0 y lengua Castellana en 10A. Director de grupo 10C.<\/span><\/td>\n<td>Robi Nelson Osorio Ardila<\/td>\n<td>rosorio@colegiohispano.edu.co<\/td>\n<\/tr>\n<tr>\n<td><span style=\"font-weight: 400;\">Coordinador de deportes\u00a0<\/span><\/td>\n<td>C\u00e9sar Augusto Mar\u00edn<\/td>\n<td>cmarin@colegiohispano.edu.co<\/td>\n<\/tr>\n<\/tbody>\n<\/table>\n<p>[\/vc_column_text][\/vc_column][vc_column width=&#8221;1\/2&#8243; el_class=&#8221;dfd_col-tablet-12&#8243; offset=&#8221;vc_col-lg-6 vc_col-md-6 vc_col-xs-12&#8243; col_shadow=&#8221;box_shadow_enable:disable|shadow_horizontal:0|shadow_vertical:15|shadow_blur:50|shadow_spread:0|box_shadow_color:rgba(0%2C0%2C0%2C0.35)&#8221; col_shadow_hover=&#8221;box_shadow_enable:disable|shadow_horizontal:0|shadow_vertical:15|shadow_blur:50|shadow_spread:0|box_shadow_color:rgba(0%2C0%2C0%2C0.35)&#8221;]<div class=\"dfd-spacer-module\"  data-units=\"px\" data-wide_resolution=\"1280\" data-wide_size=\"0\" data-normal_resolution=\"1024\" data-normal_size=\"0\" data-tablet_resolution=\"800\" data-tablet_size=\"0\" data-mobile_resolution=\"480\" data-mobile_size=\"150\" style=\"height: 0px;\"><\/div><div id=\"dfd-single-image-module69f620dacfb27-9416\" class=\"dfd-single-image-module  image-center  dfd-img-lazy-load\" ><img src=\"data:image\/svg+xml;charset=utf-8,%3Csvg xmlns%3D'http%3A%2F%2Fwww.w3.org%2F2000%2Fsvg' viewBox%3D'0 0 1440 1440'%2F%3E\" data-src=\"https:\/\/www.colegiohispano.edu.co\/siteweb\/wordpress\/wp-content\/uploads\/2023\/11\/bto1.jpg\" width=\"1440\" height=\"1440\"  alt=\"Image module\" \/><\/div><div class=\"dfd-spacer-module\"  data-units=\"px\" data-wide_resolution=\"1280\" data-wide_size=\"0\" data-normal_resolution=\"1024\" data-normal_size=\"0\" data-tablet_resolution=\"800\" data-tablet_size=\"0\" data-mobile_resolution=\"480\" data-mobile_size=\"150\" style=\"height: 0px;\"><\/div>[\/vc_column][\/vc_row][vc_row css=&#8221;.vc_custom_1462027641009{border-top-width: 1px !important;padding-right: 20px !important;padding-left: 20px !important;border-top-color: #dddddd !important;border-top-style: solid !important;}&#8221;][vc_column column_responsive_mobile_classes=&#8221;dfd-remove-left-padding,dfd-remove-right-padding&#8221; column_responsive_mobile_resolutions=&#8221;dfd-apply-mobile&#8221;]<div class=\"dfd-spacer-module\"  data-units=\"px\" data-wide_resolution=\"1280\" data-wide_size=\"90\" data-normal_resolution=\"1024\" data-normal_size=\"80\" data-tablet_resolution=\"800\" data-tablet_size=\"70\" data-mobile_resolution=\"480\" data-mobile_size=\"80\" style=\"height: 90px;\"><\/div><div class=\"dfd-spacer-module\"  data-units=\"px\" data-wide_resolution=\"1280\" data-wide_size=\"90\" data-normal_resolution=\"1024\" data-normal_size=\"80\" data-tablet_resolution=\"800\" data-tablet_size=\"70\" data-mobile_resolution=\"480\" data-mobile_size=\"80\" style=\"height: 90px;\"><\/div><div class=\"dfd-heading-shortcode\"><div class=\"dfd-heading-module-wrap  text-center style_01 dfd-heading-69f620dad0285 dfd-disable-resposive-headings\" id=\"dfd-heading-69f620dad0285\" ><div class=\"inline-block\"><div class=\"dfd-heading-module\"><h5 class=\"widget-title dfd-title \" style=\"font-family:Playfair Display; font-size: 45px; line-height: 45px; \"><strong>Somos Hispanos <\/strong><br \/>\n<strong>en <\/strong><span style=\"color: #004693;\"><b><i>CercanIA<\/i><\/b><\/span><\/h5><\/div><\/div><\/div><script type=\"text\/javascript\">\r\n\t\t\t\t\t\t\t\t\t(function($) {\r\n\t\t\t\t\t\t\t\t\t\t$(\"head\").append(\"<style>.dfd-heading-69f620dad0285 .dfd-heading-module .widget-title {margin-bottom:25px;}.dfd-heading-69f620dad0285.dfd-heading-module-wrap .dfd-heading-module .dfd-heading-delimiter {margin-top:10px;margin-bottom:10px;}@media (max-width: 799px){.dfd-heading-69f620dad0285 .dfd-title{font-size: 32px !important;letter-spacing: 0px !important;line-height: 38px !important;}}<\/style>\");\r\n\t\t\t\t\t\t\t\t\t})(jQuery);\r\n\t\t\t\t\t\t\t\t<\/script><\/div>[\/vc_column][\/vc_row]<\/p>\n","protected":false},"excerpt":{"rendered":"<p>[vc_row dfd_row_config=&#8221;full_width_content_paddings&#8221; css=&#8221;.vc_custom_1461833292024{border-bottom-width: 1px !important;border-bottom-color: #e2e2e2 !important;border-bottom-style: solid !important;}&#8221;][vc_column][\/vc_column][\/vc_row][vc_row force_equal_height_columns=&#8221;main_row&#8221; mobile_destroy_equal_heights_resolution=&#8221;799&#8243; dfd_row_config=&#8221;full_width_content&#8221; mobile_destroy_equal_heights=&#8221;yes&#8221;][vc_column width=&#8221;1\/2&#8243; el_class=&#8221;dfd_col-tablet-12&#8243; offset=&#8221;vc_col-lg-6 vc_col-md-6 vc_col-xs-12&#8243; col_shadow=&#8221;box_shadow_enable:disable|shadow_horizontal:0|shadow_vertical:15|shadow_blur:50|shadow_spread:0|box_shadow_color:rgba(0%2C0%2C0%2C0.35)&#8221; col_shadow_hover=&#8221;box_shadow_enable:disable|shadow_horizontal:0|shadow_vertical:15|shadow_blur:50|shadow_spread:0|box_shadow_color:rgba(0%2C0%2C0%2C0.35)&#8221;][\/vc_column][vc_column width=&#8221;1\/2&#8243; css=&#8221;.vc_custom_1462025533627{padding-right: 8% !important;padding-left: 5% !important;}&#8221; el_class=&#8221;custom-change-padding20 dfd_col-tablet-12&#8243; offset=&#8221;vc_col-lg-6 vc_col-md-6<\/p>\n","protected":false},"author":1,"featured_media":18796,"parent":0,"menu_order":0,"comment_status":"closed","ping_status":"closed","template":"page-custom-with-header.php","meta":[],"_links":{"self":[{"href":"https:\/\/www.colegiohispano.edu.co\/siteweb\/wp-json\/wp\/v2\/pages\/18800"}],"collection":[{"href":"https:\/\/www.colegiohispano.edu.co\/siteweb\/wp-json\/wp\/v2\/pages"}],"about":[{"href":"https:\/\/www.colegiohispano.edu.co\/siteweb\/wp-json\/wp\/v2\/types\/page"}],"author":[{"embeddable":true,"href":"https:\/\/www.colegiohispano.edu.co\/siteweb\/wp-json\/wp\/v2\/users\/1"}],"replies":[{"embeddable":true,"href":"https:\/\/www.colegiohispano.edu.co\/siteweb\/wp-json\/wp\/v2\/comments?post=18800"}],"version-history":[{"count":21,"href":"https:\/\/www.colegiohispano.edu.co\/siteweb\/wp-json\/wp\/v2\/pages\/18800\/revisions"}],"predecessor-version":[{"id":21097,"href":"https:\/\/www.colegiohispano.edu.co\/siteweb\/wp-json\/wp\/v2\/pages\/18800\/revisions\/21097"}],"wp:featuredmedia":[{"embeddable":true,"href":"https:\/\/www.colegiohispano.edu.co\/siteweb\/wp-json\/wp\/v2\/media\/18796"}],"wp:attachment":[{"href":"https:\/\/www.colegiohispano.edu.co\/siteweb\/wp-json\/wp\/v2\/media?parent=18800"}],"curies":[{"name":"wp","href":"https:\/\/api.w.org\/{rel}","templated":true}]}}