{"id":18936,"date":"2021-09-14T22:46:17","date_gmt":"2021-09-15T03:46:17","guid":{"rendered":"https:\/\/www.colegiohispano.edu.co\/siteweb\/?page_id=18936"},"modified":"2025-12-05T10:53:17","modified_gmt":"2025-12-05T15:53:17","slug":"directorio-institucional","status":"publish","type":"page","link":"https:\/\/www.colegiohispano.edu.co\/siteweb\/directorio-institucional\/","title":{"rendered":"Directorio Institucional"},"content":{"rendered":"<p>[vc_row dfd_row_config=&#8221;full_width_content_paddings&#8221; css=&#8221;.vc_custom_1461833292024{border-bottom-width: 1px !important;border-bottom-color: #e2e2e2 !important;border-bottom-style: solid !important;}&#8221;][vc_column][\/vc_column][\/vc_row][vc_row force_equal_height_columns=&#8221;main_row&#8221; mobile_destroy_equal_heights_resolution=&#8221;799&#8243; dfd_row_config=&#8221;full_width_content&#8221; mobile_destroy_equal_heights=&#8221;yes&#8221;][vc_column width=&#8221;1\/2&#8243; el_class=&#8221;dfd_col-tablet-12&#8243; offset=&#8221;vc_col-lg-6 vc_col-md-6 vc_col-xs-12&#8243; col_shadow=&#8221;box_shadow_enable:disable|shadow_horizontal:0|shadow_vertical:15|shadow_blur:50|shadow_spread:0|box_shadow_color:rgba(0%2C0%2C0%2C0.35)&#8221; col_shadow_hover=&#8221;box_shadow_enable:disable|shadow_horizontal:0|shadow_vertical:15|shadow_blur:50|shadow_spread:0|box_shadow_color:rgba(0%2C0%2C0%2C0.35)&#8221;]<div class=\"dfd-spacer-module\"  data-units=\"px\" data-wide_resolution=\"1280\" data-wide_size=\"0\" data-normal_resolution=\"1024\" data-normal_size=\"0\" data-tablet_resolution=\"800\" data-tablet_size=\"0\" data-mobile_resolution=\"480\" data-mobile_size=\"150\" style=\"height: 0px;\"><\/div><div id=\"dfd-single-image-module69e64ef6b0f59-5831\" class=\"dfd-single-image-module  image-center  dfd-img-lazy-load\" ><img src=\"data:image\/svg+xml;charset=utf-8,%3Csvg xmlns%3D'http%3A%2F%2Fwww.w3.org%2F2000%2Fsvg' viewBox%3D'0 0 1024 683'%2F%3E\" data-src=\"https:\/\/www.colegiohispano.edu.co\/siteweb\/wordpress\/wp-content\/uploads\/2021\/08\/institucional_2.jpg\" width=\"1024\" height=\"683\"  alt=\"Image module\" \/><\/div><div class=\"dfd-spacer-module\"  data-units=\"px\" data-wide_resolution=\"1280\" data-wide_size=\"0\" data-normal_resolution=\"1024\" data-normal_size=\"0\" data-tablet_resolution=\"800\" data-tablet_size=\"0\" data-mobile_resolution=\"480\" data-mobile_size=\"150\" style=\"height: 0px;\"><\/div>[\/vc_column][vc_column width=&#8221;1\/2&#8243; css=&#8221;.vc_custom_1462025533627{padding-right: 8% !important;padding-left: 5% !important;}&#8221; el_class=&#8221;custom-change-padding20 dfd_col-tablet-12&#8243; offset=&#8221;vc_col-lg-6 vc_col-md-6 vc_col-xs-12&#8243;]<div class=\"dfd-heading-shortcode\"><div class=\"dfd-heading-module-wrap  text-left style_01 cr-animate-gen dfd-heading-69e64ef6b1470 dfd-disable-resposive-headings\" id=\"dfd-heading-69e64ef6b1470\" data-animate-type = \"transition.slideRightIn\" ><div class=\"inline-block\"><div class=\"dfd-heading-module\"><h5 class=\"widget-title dfd-title \" style=\"font-size: 55px; line-height: 55px; letter-spacing: -3px; \">Directorio Institucional<\/h5><h3 class=\"widget-sub-title dfd-sub-title \" style=\"\">Rector Hugo de Jes\u00fas Botero<\/h3><div class=\"dfd-heading-delimiter dfd-img-lazy-load\"><\/div><\/div><\/div><\/div><script type=\"text\/javascript\">\r\n\t\t\t\t\t\t\t\t\t(function($) {\r\n\t\t\t\t\t\t\t\t\t\t$(\"head\").append(\"<style>.dfd-heading-69e64ef6b1470.dfd-heading-module-wrap .dfd-heading-module .dfd-heading-delimiter {border-bottom-style:solid;border-bottom-width:1px;width:100px;border-bottom-color:#dddddd;}.dfd-heading-69e64ef6b1470 .dfd-heading-module .widget-title {margin-bottom:15px;}@media (max-width: 799px){.dfd-heading-69e64ef6b1470 .dfd-title{font-size: 45px !important;letter-spacing: -2px !important;line-height: 45px !important;}}<\/style>\");\r\n\t\t\t\t\t\t\t\t\t})(jQuery);\r\n\t\t\t\t\t\t\t\t<\/script><\/div><div class=\"dfd-spacer-module\"  data-units=\"px\" data-wide_resolution=\"1280\" data-wide_size=\"19\" data-normal_resolution=\"1024\" data-normal_size=\"19\" data-tablet_resolution=\"800\" data-tablet_size=\"20\" data-mobile_resolution=\"480\" data-mobile_size=\"20\" style=\"height: 19px;\"><\/div>[vc_column_text item_animation=&#8221;transition.slideRightIn&#8221;]El Colegio Hispanoamericano est\u00e1 constituido por directivos, educadores, educandos, personal administrativo, de servicio y padres de familia.[\/vc_column_text][vc_column_text item_animation=&#8221;transition.slideRightIn&#8221;]<\/p>\n<blockquote><p>Cada uno, desde su propia misi\u00f3n, debe colaborar en las distintas tareas que son necesarias para hacer del Colegio una comunidad educativa donde sea posible, d\u00eda a d\u00eda, el progreso de todos los que en \u00e9l conviven, basado en la responsabilidad, el respeto mutuo, la libertad, el di\u00e1logo y la tolerancia, condiciones indispensables para la realizaci\u00f3n de una eficaz labor educativa.<\/p><\/blockquote>\n<p>[\/vc_column_text]<div id=\"dfd-button-69e64ef6b1d2b\" class=\"dfd-button-module-wrap dfd-button-69e64ef6b1d2b\"><div class=\"dfd-button-module  cr-animate-gen style_3 text-left dfd-horizontal dfd-top-to-bottom dfd-button-icon-left dfd-button-icon-hover-simple\"  data-animate-type=\"transition.slideRightIn\" ><a href=\"https:\/\/www.colegiohispano.edu.co\/siteweb\/admisiones\/\" title=\"Admisiones\" target=\"_blank\" class=\"dfd-button-link\"><span class=\"dfd-button-inner-cover\"><span class=\"dfd-button-text-main\">Admisiones<\/span><\/span><\/a><\/div><script type=\"text\/javascript\">\r\n\t\t\t\t\t\t\t\t\t(function($) {$(\"head\").append(\"<style>#dfd-button-69e64ef6b1d2b.dfd-button-module-wrap .dfd-button-module .dfd-button-link .dfd-button-inner-cover .dfd-button-text-main, .dfd-button-69e64ef6b1d2b.dfd-button-module-wrap .dfd-button-module .dfd-button-link .dfd-button-inner-cover .dfd-button-text-main, .dfd-button-69e64ef6b1d2b.dfd-button-module-wrap .dfd-button-module .dfd-button-link .dfd-button-inner-cover .dfd-button-text-hover, #dfd-button-69e64ef6b1d2b.dfd-button-module-wrap .dfd-button-module .dfd-button-link .dfd-button-inner-cover .dfd-button-text-hover {padding-left: 40px;}#dfd-button-69e64ef6b1d2b.dfd-button-module-wrap .dfd-button-module .dfd-button-link .dfd-button-inner-cover .dfd-button-text-main, .dfd-button-69e64ef6b1d2b.dfd-button-module-wrap .dfd-button-module .dfd-button-link .dfd-button-inner-cover .dfd-button-text-main, .dfd-button-69e64ef6b1d2b.dfd-button-module-wrap .dfd-button-module .dfd-button-link .dfd-button-inner-cover .dfd-button-text-hover, #dfd-button-69e64ef6b1d2b.dfd-button-module-wrap .dfd-button-module .dfd-button-link .dfd-button-inner-cover .dfd-button-text-hover {padding-right: 40px;}#dfd-button-69e64ef6b1d2b.dfd-button-module-wrap .dfd-button-module .dfd-button-link .dfd-button-inner-cover .dfd-button-text-main,.dfd-button-69e64ef6b1d2b.dfd-button-module-wrap .dfd-button-module .dfd-button-link .dfd-button-inner-cover .dfd-button-text-main {color: #282828}#dfd-button-69e64ef6b1d2b.dfd-button-module-wrap .dfd-button-module .dfd-button-link .dfd-button-inner-cover,.dfd-button-69e64ef6b1d2b.dfd-button-module-wrap .dfd-button-module .dfd-button-link .dfd-button-border-decoration,.dfd-button-69e64ef6b1d2b.dfd-button-module-wrap .dfd-button-module .dfd-button-link .dfd-button-inner-cover {border-radius:0px;}#dfd-button-69e64ef6b1d2b.dfd-button-module-wrap .dfd-button-module:not(.style_4) .dfd-button-link .dfd-button-inner-cover:before,#dfd-button-69e64ef6b1d2b.dfd-button-module-wrap .dfd-button-module.style_4 .dfd-button-link .dfd-button-inner-cover:after,#dfd-button-69e64ef6b1d2b.dfd-button-module-wrap .dfd-button-module.style_6 .dfd-button-link .dfd-button-inner-cover .dfd-button-text-main,.dfd-button-69e64ef6b1d2b.dfd-button-module-wrap .dfd-button-module:not(.style_4) .dfd-button-link .dfd-button-inner-cover:before,.dfd-button-69e64ef6b1d2b.dfd-button-module-wrap .dfd-button-module.style_4 .dfd-button-link .dfd-button-inner-cover:after,.dfd-button-69e64ef6b1d2b.dfd-button-module-wrap .dfd-button-module.style_6 .dfd-button-link .dfd-button-inner-cover .dfd-button-text-main {background: #ffffff;border-style:solid;border-width:1px;border-radius:0px;border-color:#d3d3d3;}#dfd-button-69e64ef6b1d2b.dfd-button-module-wrap .dfd-button-module:not(.style_6) .dfd-button-link:hover .dfd-button-inner-cover .dfd-button-text-main,#dfd-button-69e64ef6b1d2b.dfd-button-module-wrap .dfd-button-module .dfd-button-link .dfd-button-inner-cover .dfd-button-text-hover,.dfd-button-69e64ef6b1d2b.dfd-button-module-wrap .dfd-button-module:not(.style_6) .dfd-button-link:hover .dfd-button-inner-cover .dfd-button-text-main,.dfd-button-69e64ef6b1d2b.dfd-button-module-wrap .dfd-button-module .dfd-button-link .dfd-button-inner-cover .dfd-button-text-hover {color: #000000;}#dfd-button-69e64ef6b1d2b.dfd-button-module-wrap .dfd-button-module .dfd-button-link:hover .dfd-button-inner-cover,.dfd-button-69e64ef6b1d2b.dfd-button-module-wrap .dfd-button-module .dfd-button-link:hover .dfd-button-border-decoration,.dfd-button-69e64ef6b1d2b.dfd-button-module-wrap .dfd-button-module .dfd-button-link:hover .dfd-button-inner-cover {border-radius:0px;}#dfd-button-69e64ef6b1d2b.dfd-button-module-wrap .dfd-button-module:not(.style_4) .dfd-button-link .dfd-button-inner-cover:after,#dfd-button-69e64ef6b1d2b.dfd-button-module-wrap .dfd-button-module.style_4 .dfd-button-link .dfd-button-inner-cover:before,#dfd-button-69e64ef6b1d2b.dfd-button-module-wrap .dfd-button-module .dfd-button-link .dfd-button-inner-cover .dfd-button-text-hover .dfd-button-69e64ef6b1d2b.dfd-button-module-wrap .dfd-button-module:not(.style_4) .dfd-button-link .dfd-button-inner-cover:after,.dfd-button-69e64ef6b1d2b.dfd-button-module-wrap .dfd-button-module.style_4 .dfd-button-link .dfd-button-inner-cover:before,.dfd-button-69e64ef6b1d2b.dfd-button-module-wrap .dfd-button-module .dfd-button-link .dfd-button-inner-cover .dfd-button-text-hover {background: #004693;border-style:solid;border-width:1px;border-radius:0px;border-color:#353535;}#dfd-button-69e64ef6b1d2b.dfd-button-module-wrap .dfd-button-module.style_3 .dfd-button-link:hover .dfd-button-inner-cover:before,#dfd-button-69e64ef6b1d2b.dfd-button-module-wrap .dfd-button-module.style_4 .dfd-button-link:hover .dfd-button-inner-cover:before,.dfd-button-69e64ef6b1d2b.dfd-button-module-wrap .dfd-button-module.style_3 .dfd-button-link:hover .dfd-button-inner-cover:before,.dfd-button-69e64ef6b1d2b.dfd-button-module-wrap .dfd-button-module.style_4 .dfd-button-link:hover .dfd-button-inner-cover:before {border-style:solid;border-width:1px;border-radius:0px;border-color:#353535;}<\/style>\")\r\n\t\t\t\t\t\t\t\t\t})(jQuery);\r\n\t\t\t\t\t\t\t\t<\/script><\/div>[\/vc_column][\/vc_row][vc_row force_equal_height_columns=&#8221;main_row&#8221; mobile_destroy_equal_heights_resolution=&#8221;799&#8243; dfd_row_config=&#8221;full_width_content&#8221; mobile_destroy_equal_heights=&#8221;yes&#8221;][vc_column width=&#8221;1\/2&#8243; css=&#8221;.vc_custom_1462027383592{padding-right: 8% !important;padding-left: 5% !important;}&#8221; el_class=&#8221;custom-change-padding20 dfd_col-tablet-12&#8243; offset=&#8221;vc_col-lg-6 vc_col-md-6 vc_col-xs-12&#8243;]<div class=\"dfd-heading-shortcode\"><div class=\"dfd-heading-module-wrap  text-left style_01 cr-animate-gen dfd-heading-69e64ef6b22d0 dfd-disable-resposive-headings\" id=\"dfd-heading-69e64ef6b22d0\" data-animate-type = \"transition.slideLeftIn\" ><div class=\"inline-block\"><div class=\"dfd-heading-module\"><h5 class=\"widget-title dfd-title \" style=\"font-size: 55px; line-height: 55px; letter-spacing: -3px; \">Directorio administrativo<\/h5><div class=\"dfd-heading-delimiter dfd-img-lazy-load\"><\/div><\/div><\/div><\/div><script type=\"text\/javascript\">\r\n\t\t\t\t\t\t\t\t\t(function($) {\r\n\t\t\t\t\t\t\t\t\t\t$(\"head\").append(\"<style>.dfd-heading-69e64ef6b22d0.dfd-heading-module-wrap .dfd-heading-module .dfd-heading-delimiter {border-bottom-style:solid;border-bottom-width:1px;width:100px;border-bottom-color:#dddddd;}.dfd-heading-69e64ef6b22d0 .dfd-heading-module .widget-title {margin-bottom:15px;}@media (max-width: 799px){.dfd-heading-69e64ef6b22d0 .dfd-title{font-size: 45px !important;letter-spacing: -2px !important;line-height: 45px !important;}}<\/style>\");\r\n\t\t\t\t\t\t\t\t\t})(jQuery);\r\n\t\t\t\t\t\t\t\t<\/script><\/div><div class=\"dfd-spacer-module\"  data-units=\"px\" data-wide_resolution=\"1280\" data-wide_size=\"20\" data-normal_resolution=\"1024\" data-normal_size=\"20\" data-tablet_resolution=\"800\" data-tablet_size=\"19\" data-mobile_resolution=\"480\" data-mobile_size=\"19\" style=\"height: 20px;\"><\/div>[vc_column_text item_animation=&#8221;transition.slideLeftIn&#8221;]<\/p>\n<table style=\"height: 711px;\" width=\"712\">\n<tbody>\n<tr>\n<td style=\"text-align: center;\"><strong>Cargo<\/strong><\/td>\n<td style=\"text-align: center;\"><strong>Nombre<\/strong><\/td>\n<td style=\"text-align: center;\"><strong>Correo<\/strong><\/td>\n<\/tr>\n<tr>\n<td>Rector<\/td>\n<td>Hugo de Jes\u00fas Botero Quiceno<\/td>\n<td>rectoria@colegiohispano.edu.co<\/td>\n<\/tr>\n<tr>\n<td>Director administrativo<\/td>\n<td>Carlos Andr\u00e9s C\u00f3rdoba Guti\u00e9rrez<\/td>\n<td>administracion@colegiohispano.edu.co<\/td>\n<\/tr>\n<tr>\n<td>Jefe de Tecnolog\u00eda<\/td>\n<td>\u00c1lvaro Juli\u00e1n Barco Ocampo<\/td>\n<td>abarco@colegiohispano.edu.co<\/td>\n<\/tr>\n<tr>\n<td>Director de Convivencia &#8211; Bachillerato<\/td>\n<td>Javier Antonio Meza Molano<\/td>\n<td>dirconvivencia@colegiohispano.edu.co<\/td>\n<\/tr>\n<tr>\n<td>Directora Secci\u00f3n Bachillerato<\/td>\n<td>Ana Isabel Henao Valencia<\/td>\n<td>dirbachillerato@colegiohispano.edu.co<\/td>\n<\/tr>\n<tr>\n<td>Director Secci\u00f3n Primaria<\/td>\n<td>Andr\u00e9s Felipe Ospina Beltr\u00e1n<\/td>\n<td>dirprimaria@colegiohispano.edu.co<\/td>\n<\/tr>\n<tr>\n<td>Directora Secci\u00f3n Preescolar<\/td>\n<td>Martha Lucia Montoya S\u00e1nchez<\/td>\n<td>dirpreescolar@colegiohispano.edu.co<\/td>\n<\/tr>\n<tr>\n<td>Coordinador de Art\u00edstica<\/td>\n<td>William Salazar R\u00edos<\/td>\n<td>artistica@colegiohispano.edu.co<\/td>\n<\/tr>\n<tr>\n<td>Coordinador de Tecnolog\u00eda<\/td>\n<td>Eguibar Aldebith Astaiza Montilla<\/td>\n<td>eastaiza@colegiohispano.edu.co<\/td>\n<\/tr>\n<tr>\n<td>Coordinadora de Ingl\u00e9s<\/td>\n<td>Claudia Patricia Cubillos Rodr\u00edguez<\/td>\n<td>ccubillos@colegiohispano.edu.co<\/td>\n<\/tr>\n<tr>\n<td>Coordinador de Deportes<\/td>\n<td>Cesar Augusto Mar\u00edn L\u00f3pez<\/td>\n<td>cmarin@colegiohispano.edu.co<\/td>\n<\/tr>\n<tr>\n<td>Coordinadora Jornada Tarde<\/td>\n<td>Mayra Alejandra Londo\u00f1o Quintero<\/td>\n<td>mlondono@colegiohispano.edu.co<\/td>\n<\/tr>\n<tr>\n<td>Coordinadora SST<\/td>\n<td>Paola Andrea Olaya Villarreal<\/td>\n<td>sst@colegiohispano.edu.co<\/td>\n<\/tr>\n<tr>\n<td>Coordinadora de Sistemas de Gesti\u00f3n<\/td>\n<td>Lizeth Johana \u00c1lvarez Ruano<\/td>\n<td>sistemasdegestion@colegiohispano.edu.co<\/td>\n<\/tr>\n<tr>\n<td>Coordinadora de Comunicaci\u00f3n y Mercadeo<\/td>\n<td>Laura Mar\u00edn Delgado<\/td>\n<td>comunicaciones@colegiohispano.edu.co<\/td>\n<\/tr>\n<tr>\n<td>Contadora<\/td>\n<td>Adriana Forero Buitrago<\/td>\n<td>contabilidad@colegiohispano.edu.co<\/td>\n<\/tr>\n<tr>\n<td>Asistente contable<\/td>\n<td>Greisy Yuliza Villareal Caicedo<\/td>\n<td>asistente.contable@colegiohispano.edu.co<\/td>\n<\/tr>\n<tr>\n<td>Asistente administrativa<\/td>\n<td>Katherine Rivero Arias<\/td>\n<td>asistente.admin@colegiohispano.edu.co<\/td>\n<\/tr>\n<tr>\n<td>Secretaria Acad\u00e9mica<\/td>\n<td>Maira Alejandra Garc\u00eda Realpe<\/td>\n<td>magarcia@colegiohispano.edu.co<\/td>\n<\/tr>\n<tr>\n<td>Secretaria<\/td>\n<td>Nilsa Magali Reina L\u00f3pez<\/td>\n<td>nmreina@colegiohispano.edu.co<\/td>\n<\/tr>\n<tr>\n<td>Secretaria Sede Arroyohondo<\/td>\n<td>Jessica Nu\u00f1ez Lasso<\/td>\n<td>secretaria.arroyohondo@colegiohispano.edu.co<\/td>\n<\/tr>\n<tr>\n<td>Secretaria administrativa<\/td>\n<td>Maryury Torres Ort\u00edz<\/td>\n<td>secretaria.admin@colegiohispano.edu.co<\/td>\n<\/tr>\n<tr>\n<td>Coordinador de Transporte y Servicios Generales<\/td>\n<td>Oscar Fernando Gonz\u00e1lez Pimentel<\/td>\n<td>ogonzalez@colegiohispano.edu.co<\/td>\n<\/tr>\n<\/tbody>\n<\/table>\n<p>[\/vc_column_text][\/vc_column][vc_column width=&#8221;1\/2&#8243; el_class=&#8221;dfd_col-tablet-12&#8243; offset=&#8221;vc_col-lg-6 vc_col-md-6 vc_col-xs-12&#8243; col_shadow=&#8221;box_shadow_enable:disable|shadow_horizontal:0|shadow_vertical:15|shadow_blur:50|shadow_spread:0|box_shadow_color:rgba(0%2C0%2C0%2C0.35)&#8221; col_shadow_hover=&#8221;box_shadow_enable:disable|shadow_horizontal:0|shadow_vertical:15|shadow_blur:50|shadow_spread:0|box_shadow_color:rgba(0%2C0%2C0%2C0.35)&#8221;]<div id=\"dfd-single-image-module69e64ef6b34f7-8745\" class=\"dfd-single-image-module  image-center  dfd-img-lazy-load\" ><img src=\"data:image\/svg+xml;charset=utf-8,%3Csvg xmlns%3D'http%3A%2F%2Fwww.w3.org%2F2000%2Fsvg' viewBox%3D'0 0 2560 1920'%2F%3E\" data-src=\"https:\/\/www.colegiohispano.edu.co\/siteweb\/wordpress\/wp-content\/uploads\/2023\/03\/Arroyohondo-6-scaled.jpg\" width=\"2560\" height=\"1920\"  alt=\"Image module\" \/><\/div><div class=\"dfd-spacer-module\"  data-units=\"px\" data-wide_resolution=\"1280\" data-wide_size=\"0\" data-normal_resolution=\"1024\" data-normal_size=\"0\" data-tablet_resolution=\"800\" data-tablet_size=\"0\" data-mobile_resolution=\"480\" data-mobile_size=\"150\" style=\"height: 0px;\"><\/div>[\/vc_column][\/vc_row][vc_row css=&#8221;.vc_custom_1462027641009{border-top-width: 1px !important;padding-right: 20px !important;padding-left: 20px !important;border-top-color: #dddddd !important;border-top-style: solid !important;}&#8221;][vc_column column_responsive_mobile_classes=&#8221;dfd-remove-left-padding,dfd-remove-right-padding&#8221; column_responsive_mobile_resolutions=&#8221;dfd-apply-mobile&#8221;]<div class=\"dfd-spacer-module\"  data-units=\"px\" data-wide_resolution=\"1280\" data-wide_size=\"90\" data-normal_resolution=\"1024\" data-normal_size=\"80\" data-tablet_resolution=\"800\" data-tablet_size=\"70\" data-mobile_resolution=\"480\" data-mobile_size=\"80\" style=\"height: 90px;\"><\/div><div class=\"dfd-heading-shortcode\"><div class=\"dfd-heading-module-wrap  text-center style_01 dfd-heading-69e64ef6b3b67 dfd-disable-resposive-headings\" id=\"dfd-heading-69e64ef6b3b67\" ><div class=\"inline-block\"><div class=\"dfd-heading-module\"><h5 class=\"widget-title dfd-title \" style=\"font-family:Playfair Display; font-size: 45px; line-height: 45px; \"><strong>Somos Hispanos <\/strong><\/p>\n<p><strong>en <\/strong><span style=\"color: #004693;\"><b><i>CercanIA<\/i><\/b><\/span><\/h5><\/div><\/div><\/div><script type=\"text\/javascript\">\r\n\t\t\t\t\t\t\t\t\t(function($) {\r\n\t\t\t\t\t\t\t\t\t\t$(\"head\").append(\"<style>.dfd-heading-69e64ef6b3b67 .dfd-heading-module .widget-title {margin-bottom:25px;}.dfd-heading-69e64ef6b3b67.dfd-heading-module-wrap .dfd-heading-module .dfd-heading-delimiter {margin-top:10px;margin-bottom:10px;}@media (max-width: 799px){.dfd-heading-69e64ef6b3b67 .dfd-title{font-size: 32px !important;letter-spacing: 0px !important;line-height: 38px !important;}}<\/style>\");\r\n\t\t\t\t\t\t\t\t\t})(jQuery);\r\n\t\t\t\t\t\t\t\t<\/script><\/div>[\/vc_column][\/vc_row]<\/p>\n","protected":false},"excerpt":{"rendered":"<p>[vc_row dfd_row_config=&#8221;full_width_content_paddings&#8221; css=&#8221;.vc_custom_1461833292024{border-bottom-width: 1px !important;border-bottom-color: #e2e2e2 !important;border-bottom-style: solid !important;}&#8221;][vc_column][\/vc_column][\/vc_row][vc_row force_equal_height_columns=&#8221;main_row&#8221; mobile_destroy_equal_heights_resolution=&#8221;799&#8243; dfd_row_config=&#8221;full_width_content&#8221; mobile_destroy_equal_heights=&#8221;yes&#8221;][vc_column width=&#8221;1\/2&#8243; el_class=&#8221;dfd_col-tablet-12&#8243; offset=&#8221;vc_col-lg-6 vc_col-md-6 vc_col-xs-12&#8243; col_shadow=&#8221;box_shadow_enable:disable|shadow_horizontal:0|shadow_vertical:15|shadow_blur:50|shadow_spread:0|box_shadow_color:rgba(0%2C0%2C0%2C0.35)&#8221; col_shadow_hover=&#8221;box_shadow_enable:disable|shadow_horizontal:0|shadow_vertical:15|shadow_blur:50|shadow_spread:0|box_shadow_color:rgba(0%2C0%2C0%2C0.35)&#8221;][\/vc_column][vc_column width=&#8221;1\/2&#8243; css=&#8221;.vc_custom_1462025533627{padding-right: 8% !important;padding-left: 5% !important;}&#8221; el_class=&#8221;custom-change-padding20 dfd_col-tablet-12&#8243; offset=&#8221;vc_col-lg-6 vc_col-md-6<\/p>\n","protected":false},"author":1,"featured_media":20353,"parent":0,"menu_order":0,"comment_status":"closed","ping_status":"closed","template":"page-custom-with-header.php","meta":[],"_links":{"self":[{"href":"https:\/\/www.colegiohispano.edu.co\/siteweb\/wp-json\/wp\/v2\/pages\/18936"}],"collection":[{"href":"https:\/\/www.colegiohispano.edu.co\/siteweb\/wp-json\/wp\/v2\/pages"}],"about":[{"href":"https:\/\/www.colegiohispano.edu.co\/siteweb\/wp-json\/wp\/v2\/types\/page"}],"author":[{"embeddable":true,"href":"https:\/\/www.colegiohispano.edu.co\/siteweb\/wp-json\/wp\/v2\/users\/1"}],"replies":[{"embeddable":true,"href":"https:\/\/www.colegiohispano.edu.co\/siteweb\/wp-json\/wp\/v2\/comments?post=18936"}],"version-history":[{"count":23,"href":"https:\/\/www.colegiohispano.edu.co\/siteweb\/wp-json\/wp\/v2\/pages\/18936\/revisions"}],"predecessor-version":[{"id":21202,"href":"https:\/\/www.colegiohispano.edu.co\/siteweb\/wp-json\/wp\/v2\/pages\/18936\/revisions\/21202"}],"wp:featuredmedia":[{"embeddable":true,"href":"https:\/\/www.colegiohispano.edu.co\/siteweb\/wp-json\/wp\/v2\/media\/20353"}],"wp:attachment":[{"href":"https:\/\/www.colegiohispano.edu.co\/siteweb\/wp-json\/wp\/v2\/media?parent=18936"}],"curies":[{"name":"wp","href":"https:\/\/api.w.org\/{rel}","templated":true}]}}