{"id":19420,"date":"2022-02-10T19:10:26","date_gmt":"2022-02-11T00:10:26","guid":{"rendered":"https:\/\/www.colegiohispano.edu.co\/siteweb\/?page_id=19420"},"modified":"2022-02-11T12:19:20","modified_gmt":"2022-02-11T17:19:20","slug":"feria-de-las-ciencias","status":"publish","type":"page","link":"https:\/\/www.colegiohispano.edu.co\/siteweb\/feria-de-las-ciencias\/","title":{"rendered":"Feria de las Ciencias"},"content":{"rendered":"<p>[vc_row force_equal_height_columns=&#8221;main_row&#8221; mobile_destroy_equal_heights_resolution=&#8221;799&#8243; dfd_row_config=&#8221;full_width_content&#8221; mobile_destroy_equal_heights=&#8221;yes&#8221;][vc_column width=&#8221;1\/2&#8243; css=&#8221;.vc_custom_1462025533627{padding-right: 8% !important;padding-left: 5% !important;}&#8221; el_class=&#8221;custom-change-padding20 dfd_col-tablet-12&#8243; offset=&#8221;vc_col-lg-6 vc_col-md-6 vc_col-xs-12&#8243;]<div class=\"dfd-heading-shortcode\"><div class=\"dfd-heading-module-wrap  text-left style_01 cr-animate-gen dfd-heading-69f6374f38e3f dfd-disable-resposive-headings\" id=\"dfd-heading-69f6374f38e3f\" data-animate-type = \"transition.slideRightIn\" ><div class=\"inline-block\"><div class=\"dfd-heading-module\"><h5 class=\"widget-title dfd-title \" style=\"font-size: 55px; line-height: 55px; letter-spacing: -3px; \">Feria de las Ciencias<\/h5><h3 class=\"widget-sub-title dfd-sub-title \" style=\"\">Los cuatro elementos<\/h3><div class=\"dfd-heading-delimiter dfd-img-lazy-load\"><\/div><\/div><\/div><\/div><script type=\"text\/javascript\">\r\n\t\t\t\t\t\t\t\t\t(function($) {\r\n\t\t\t\t\t\t\t\t\t\t$(\"head\").append(\"<style>.dfd-heading-69f6374f38e3f.dfd-heading-module-wrap .dfd-heading-module .dfd-heading-delimiter {border-bottom-style:solid;border-bottom-width:1px;width:100px;border-bottom-color:#dddddd;}.dfd-heading-69f6374f38e3f .dfd-heading-module .widget-title {margin-bottom:15px;}@media (max-width: 799px){.dfd-heading-69f6374f38e3f .dfd-title{font-size: 45px !important;letter-spacing: -2px !important;line-height: 45px !important;}}<\/style>\");\r\n\t\t\t\t\t\t\t\t\t})(jQuery);\r\n\t\t\t\t\t\t\t\t<\/script><\/div><div class=\"dfd-spacer-module\"  data-units=\"px\" data-wide_resolution=\"1280\" data-wide_size=\"19\" data-normal_resolution=\"1024\" data-normal_size=\"19\" data-tablet_resolution=\"800\" data-tablet_size=\"20\" data-mobile_resolution=\"480\" data-mobile_size=\"20\" style=\"height: 19px;\"><\/div>[vc_column_text item_animation=&#8221;transition.slideRightIn&#8221;]<strong>Fuego<\/strong>: Cambios energ\u00e9ticos: Temperatura, calor y luz. Producci\u00f3n de energ\u00eda. Bioqu\u00edmicos (Fermentaci\u00f3n, tipos de alimentos etc.)<\/p>\n<p><strong>Tierra<\/strong>: Cuidado del medio ambiente. Seres vivos.<\/p>\n<p><strong>Aire<\/strong>: Ondas en cuerdas, gases, transformaciones de la energ\u00eda e\u00f3lica, sonido<\/p>\n<p><strong>Agua<\/strong>: Todo lo relacionado con fluidos acuosos. Transformaciones de energ\u00eda (Hidroel\u00e9ctrica) Disoluciones qu\u00edmicas.[\/vc_column_text]<div class=\"dfd-spacer-module\"  data-units=\"px\" data-wide_resolution=\"1280\" data-wide_size=\"120\" data-normal_resolution=\"1024\" data-normal_size=\"100\" data-tablet_resolution=\"800\" data-tablet_size=\"0\" data-mobile_resolution=\"480\" data-mobile_size=\"0\" style=\"height: 120px;\"><\/div><div id=\"dfd-button-69f6374f39965\" class=\"dfd-button-module-wrap dfd-button-69f6374f39965\"><div class=\"dfd-button-module  style_1 text-center dfd-horizontal dfd-top-to-bottom dfd-button-icon-left dfd-button-icon-hover-simple\" ><a href=\"https:\/\/accounts.google.com\/signin\/v2\/identifier?service=mail&#038;passive=true&#038;rm=false&#038;continue=https%3A%2F%2Fmail.google.com%2Fmail%2F&#038;ss=1&#038;scc=1&#038;ltmpl=default&#038;ltmplcache=2&#038;emr=1&#038;osid=1&#038;flowName=GlifWebSignIn&#038;flowEntry=ServiceLogin\" title=\"Ingresa tu correo electr\u00f3nico\" target=\"_blank\" class=\"dfd-button-link\"><span class=\"dfd-button-inner-cover\"><span class=\"dfd-button-text-main\">\u201cEn alg\u00fan lugar, algo incre\u00edble est\u00e1 esperando a ser descubierto\u201d<\/span><\/span><span class=\"dfd-button-tooltip dfd-button-tooltip-right\">Carl Sagan<\/span><\/a><\/div><script type=\"text\/javascript\">\r\n\t\t\t\t\t\t\t\t\t(function($) {$(\"head\").append(\"<style>#dfd-button-69f6374f39965.dfd-button-module-wrap .dfd-button-module .dfd-button-link .dfd-button-inner-cover .dfd-button-text-main,.dfd-button-69f6374f39965.dfd-button-module-wrap .dfd-button-module .dfd-button-link .dfd-button-inner-cover .dfd-button-text-main {color: #ffffff}#dfd-button-69f6374f39965.dfd-button-module-wrap .dfd-button-module .dfd-button-link .dfd-button-inner-cover,.dfd-button-69f6374f39965.dfd-button-module-wrap .dfd-button-module .dfd-button-link .dfd-button-border-decoration,.dfd-button-69f6374f39965.dfd-button-module-wrap .dfd-button-module .dfd-button-link .dfd-button-inner-cover {border-radius:2px;}#dfd-button-69f6374f39965.dfd-button-module-wrap .dfd-button-module:not(.style_4) .dfd-button-link .dfd-button-inner-cover:before,#dfd-button-69f6374f39965.dfd-button-module-wrap .dfd-button-module.style_4 .dfd-button-link .dfd-button-inner-cover:after,#dfd-button-69f6374f39965.dfd-button-module-wrap .dfd-button-module.style_6 .dfd-button-link .dfd-button-inner-cover .dfd-button-text-main,.dfd-button-69f6374f39965.dfd-button-module-wrap .dfd-button-module:not(.style_4) .dfd-button-link .dfd-button-inner-cover:before,.dfd-button-69f6374f39965.dfd-button-module-wrap .dfd-button-module.style_4 .dfd-button-link .dfd-button-inner-cover:after,.dfd-button-69f6374f39965.dfd-button-module-wrap .dfd-button-module.style_6 .dfd-button-link .dfd-button-inner-cover .dfd-button-text-main {background: #004693;border-style:solid;border-width:1px;border-radius:2px;border-color:#1b1b1b;}#dfd-button-69f6374f39965.dfd-button-module-wrap .dfd-button-module:not(.style_6) .dfd-button-link:hover .dfd-button-inner-cover .dfd-button-text-main,#dfd-button-69f6374f39965.dfd-button-module-wrap .dfd-button-module .dfd-button-link .dfd-button-inner-cover .dfd-button-text-hover,.dfd-button-69f6374f39965.dfd-button-module-wrap .dfd-button-module:not(.style_6) .dfd-button-link:hover .dfd-button-inner-cover .dfd-button-text-main,.dfd-button-69f6374f39965.dfd-button-module-wrap .dfd-button-module .dfd-button-link .dfd-button-inner-cover .dfd-button-text-hover {color: #ffffff;}#dfd-button-69f6374f39965.dfd-button-module-wrap .dfd-button-module .dfd-button-link:hover .dfd-button-inner-cover,.dfd-button-69f6374f39965.dfd-button-module-wrap .dfd-button-module .dfd-button-link:hover .dfd-button-border-decoration,.dfd-button-69f6374f39965.dfd-button-module-wrap .dfd-button-module .dfd-button-link:hover .dfd-button-inner-cover {border-radius:2px;}#dfd-button-69f6374f39965.dfd-button-module-wrap .dfd-button-module:not(.style_4) .dfd-button-link .dfd-button-inner-cover:after,#dfd-button-69f6374f39965.dfd-button-module-wrap .dfd-button-module.style_4 .dfd-button-link .dfd-button-inner-cover:before,#dfd-button-69f6374f39965.dfd-button-module-wrap .dfd-button-module .dfd-button-link .dfd-button-inner-cover .dfd-button-text-hover .dfd-button-69f6374f39965.dfd-button-module-wrap .dfd-button-module:not(.style_4) .dfd-button-link .dfd-button-inner-cover:after,.dfd-button-69f6374f39965.dfd-button-module-wrap .dfd-button-module.style_4 .dfd-button-link .dfd-button-inner-cover:before,.dfd-button-69f6374f39965.dfd-button-module-wrap .dfd-button-module .dfd-button-link .dfd-button-inner-cover .dfd-button-text-hover {background: #ffa500;border-style:solid;border-width:1px;border-radius:2px;border-color:#c39f76;}#dfd-button-69f6374f39965.dfd-button-module-wrap .dfd-button-module.style_3 .dfd-button-link:hover .dfd-button-inner-cover:before,#dfd-button-69f6374f39965.dfd-button-module-wrap .dfd-button-module.style_4 .dfd-button-link:hover .dfd-button-inner-cover:before,.dfd-button-69f6374f39965.dfd-button-module-wrap .dfd-button-module.style_3 .dfd-button-link:hover .dfd-button-inner-cover:before,.dfd-button-69f6374f39965.dfd-button-module-wrap .dfd-button-module.style_4 .dfd-button-link:hover .dfd-button-inner-cover:before {border-style:solid;border-width:1px;border-radius:2px;border-color:#c39f76;}<\/style>\")\r\n\t\t\t\t\t\t\t\t\t})(jQuery);\r\n\t\t\t\t\t\t\t\t<\/script><\/div>[\/vc_column][vc_column width=&#8221;1\/2&#8243; el_class=&#8221;dfd_col-tablet-12&#8243; offset=&#8221;vc_col-lg-6 vc_col-md-6 vc_col-xs-12&#8243; col_shadow=&#8221;box_shadow_enable:disable|shadow_horizontal:0|shadow_vertical:15|shadow_blur:50|shadow_spread:0|box_shadow_color:rgba(0%2C0%2C0%2C0.35)&#8221; col_shadow_hover=&#8221;box_shadow_enable:disable|shadow_horizontal:0|shadow_vertical:15|shadow_blur:50|shadow_spread:0|box_shadow_color:rgba(0%2C0%2C0%2C0.35)&#8221;]<div class=\"dfd-spacer-module\"  data-units=\"px\" data-wide_resolution=\"1280\" data-wide_size=\"0\" data-normal_resolution=\"1024\" data-normal_size=\"0\" data-tablet_resolution=\"800\" data-tablet_size=\"0\" data-mobile_resolution=\"480\" data-mobile_size=\"150\" style=\"height: 0px;\"><\/div><div class=\"dfd-spacer-module\"  data-units=\"px\" data-wide_resolution=\"1280\" data-wide_size=\"0\" data-normal_resolution=\"1024\" data-normal_size=\"0\" data-tablet_resolution=\"800\" data-tablet_size=\"0\" data-mobile_resolution=\"480\" data-mobile_size=\"150\" style=\"height: 0px;\"><\/div><div id=\"dfd-single-image-module69f6374f3ac9c-1120\" class=\"dfd-single-image-module  image-center  dfd-img-lazy-load\" ><img src=\"data:image\/svg+xml;charset=utf-8,%3Csvg xmlns%3D'http%3A%2F%2Fwww.w3.org%2F2000%2Fsvg' viewBox%3D'0 0 1587 2245'%2F%3E\" data-src=\"https:\/\/www.colegiohispano.edu.co\/siteweb\/wordpress\/wp-content\/uploads\/2022\/02\/Feria-de-Ciencias-naturales-2022-v-1.png\" width=\"1587\" height=\"2245\"  alt=\"Image module\" \/><\/div>[\/vc_column][\/vc_row]<\/p>\n","protected":false},"excerpt":{"rendered":"<p>[vc_row force_equal_height_columns=&#8221;main_row&#8221; mobile_destroy_equal_heights_resolution=&#8221;799&#8243; dfd_row_config=&#8221;full_width_content&#8221; mobile_destroy_equal_heights=&#8221;yes&#8221;][vc_column width=&#8221;1\/2&#8243; css=&#8221;.vc_custom_1462025533627{padding-right: 8% !important;padding-left: 5% !important;}&#8221; el_class=&#8221;custom-change-padding20 dfd_col-tablet-12&#8243; offset=&#8221;vc_col-lg-6 vc_col-md-6 vc_col-xs-12&#8243;][vc_column_text item_animation=&#8221;transition.slideRightIn&#8221;]Fuego: Cambios energ\u00e9ticos: Temperatura, calor y luz. Producci\u00f3n de energ\u00eda. Bioqu\u00edmicos (Fermentaci\u00f3n, tipos de<\/p>\n","protected":false},"author":1,"featured_media":0,"parent":0,"menu_order":0,"comment_status":"closed","ping_status":"closed","template":"page-custom-with-header.php","meta":[],"_links":{"self":[{"href":"https:\/\/www.colegiohispano.edu.co\/siteweb\/wp-json\/wp\/v2\/pages\/19420"}],"collection":[{"href":"https:\/\/www.colegiohispano.edu.co\/siteweb\/wp-json\/wp\/v2\/pages"}],"about":[{"href":"https:\/\/www.colegiohispano.edu.co\/siteweb\/wp-json\/wp\/v2\/types\/page"}],"author":[{"embeddable":true,"href":"https:\/\/www.colegiohispano.edu.co\/siteweb\/wp-json\/wp\/v2\/users\/1"}],"replies":[{"embeddable":true,"href":"https:\/\/www.colegiohispano.edu.co\/siteweb\/wp-json\/wp\/v2\/comments?post=19420"}],"version-history":[{"count":9,"href":"https:\/\/www.colegiohispano.edu.co\/siteweb\/wp-json\/wp\/v2\/pages\/19420\/revisions"}],"predecessor-version":[{"id":19438,"href":"https:\/\/www.colegiohispano.edu.co\/siteweb\/wp-json\/wp\/v2\/pages\/19420\/revisions\/19438"}],"wp:attachment":[{"href":"https:\/\/www.colegiohispano.edu.co\/siteweb\/wp-json\/wp\/v2\/media?parent=19420"}],"curies":[{"name":"wp","href":"https:\/\/api.w.org\/{rel}","templated":true}]}}