{"id":19911,"date":"2022-06-22T10:07:48","date_gmt":"2022-06-22T15:07:48","guid":{"rendered":"https:\/\/www.colegiohispano.edu.co\/siteweb\/?page_id=19911"},"modified":"2025-08-25T18:37:29","modified_gmt":"2025-08-25T23:37:29","slug":"simbolos","status":"publish","type":"page","link":"https:\/\/www.colegiohispano.edu.co\/siteweb\/simbolos\/","title":{"rendered":"S\u00edmbolos Institucionales"},"content":{"rendered":"<p>[vc_row force_equal_height_columns=&#8221;main_row&#8221; mobile_destroy_equal_heights_resolution=&#8221;799&#8243; dfd_row_config=&#8221;full_width_content&#8221; mobile_destroy_equal_heights=&#8221;yes&#8221;][vc_column width=&#8221;1\/2&#8243; css=&#8221;.vc_custom_1462025533627{padding-right: 8% !important;padding-left: 5% !important;}&#8221; el_class=&#8221;custom-change-padding20 dfd_col-tablet-12&#8243; offset=&#8221;vc_col-lg-6 vc_col-md-6 vc_col-xs-12&#8243;]<div class=\"dfd-spacer-module\"  data-units=\"px\" data-wide_resolution=\"1280\" data-wide_size=\"120\" data-normal_resolution=\"1024\" data-normal_size=\"100\" data-tablet_resolution=\"800\" data-tablet_size=\"90\" data-mobile_resolution=\"480\" data-mobile_size=\"80\" style=\"height: 120px;\"><\/div><div class=\"dfd-heading-shortcode\"><div class=\"dfd-heading-module-wrap  text-left style_01 cr-animate-gen dfd-heading-69e64e8f19410 dfd-disable-resposive-headings\" id=\"dfd-heading-69e64e8f19410\" data-animate-type = \"transition.slideRightIn\" ><div class=\"inline-block\"><div class=\"dfd-heading-module\"><h5 class=\"widget-title dfd-title \" style=\"font-size: 55px; line-height: 55px; letter-spacing: -3px; \">Himno Colegio Hispanoamericano<\/h5><div class=\"dfd-heading-delimiter dfd-img-lazy-load\"><\/div><\/div><\/div><\/div><script type=\"text\/javascript\">\r\n\t\t\t\t\t\t\t\t\t(function($) {\r\n\t\t\t\t\t\t\t\t\t\t$(\"head\").append(\"<style>.dfd-heading-69e64e8f19410.dfd-heading-module-wrap .dfd-heading-module .dfd-heading-delimiter {border-bottom-style:solid;border-bottom-width:1px;width:100px;border-bottom-color:#dddddd;}.dfd-heading-69e64e8f19410 .dfd-heading-module .widget-title {margin-bottom:15px;}@media (max-width: 799px){.dfd-heading-69e64e8f19410 .dfd-title{font-size: 45px !important;letter-spacing: -2px !important;line-height: 45px !important;}}<\/style>\");\r\n\t\t\t\t\t\t\t\t\t})(jQuery);\r\n\t\t\t\t\t\t\t\t<\/script><\/div><div class=\"dfd-spacer-module\"  data-units=\"px\" data-wide_resolution=\"1280\" data-wide_size=\"19\" data-normal_resolution=\"1024\" data-normal_size=\"19\" data-tablet_resolution=\"800\" data-tablet_size=\"20\" data-mobile_resolution=\"480\" data-mobile_size=\"20\" style=\"height: 19px;\"><\/div>[vc_column_text item_animation=&#8221;transition.slideRightIn&#8221;]<\/p>\n<p style=\"text-align: center;\"><iframe loading=\"lazy\" src=\"https:\/\/w.soundcloud.com\/player\/?url=https%3A\/\/api.soundcloud.com\/tracks\/450398931&amp;color=%23ff5500&amp;auto_play=false&amp;hide_related=false&amp;show_comments=true&amp;show_user=true&amp;show_reposts=false&amp;show_teaser=true\" width=\"100%\" height=\"166\" frameborder=\"no\" scrolling=\"no\"><\/iframe><\/p>\n<div style=\"font-size: 10px; color: #cccccc; line-break: anywhere; word-break: normal; overflow: hidden; white-space: nowrap; text-overflow: ellipsis; font-family: Interstate,Lucida Grande,Lucida Sans Unicode,Lucida Sans,Garuda,Verdana,Tahoma,sans-serif; font-weight: 100;\"><a style=\"color: #cccccc; text-decoration: none;\" title=\"Colegio Hispanoamericano\" href=\"https:\/\/soundcloud.com\/eguibar-aldebith-astaiza-montilla\" target=\"_blank\" rel=\"noopener\">Colegio Hispanoamericano<\/a> \u00b7 <a style=\"color: #cccccc; text-decoration: none;\" title=\"HIMNO HISPANOAMERICANO (Cantado)\" href=\"https:\/\/soundcloud.com\/eguibar-aldebith-astaiza-montilla\/himno-hispanoamericano-cantado\" target=\"_blank\" rel=\"noopener\">HIMNO HISPANOAMERICANO (Cantado)<\/a><\/div>\n<p>[\/vc_column_text][\/vc_column][vc_column width=&#8221;1\/2&#8243; el_class=&#8221;dfd_col-tablet-12&#8243; offset=&#8221;vc_col-lg-6 vc_col-md-6 vc_col-xs-12&#8243; col_shadow=&#8221;box_shadow_enable:disable|shadow_horizontal:0|shadow_vertical:15|shadow_blur:50|shadow_spread:0|box_shadow_color:rgba(0%2C0%2C0%2C0.35)&#8221; col_shadow_hover=&#8221;box_shadow_enable:disable|shadow_horizontal:0|shadow_vertical:15|shadow_blur:50|shadow_spread:0|box_shadow_color:rgba(0%2C0%2C0%2C0.35)&#8221;]<div class=\"dfd-spacer-module\"  data-units=\"px\" data-wide_resolution=\"1280\" data-wide_size=\"0\" data-normal_resolution=\"1024\" data-normal_size=\"0\" data-tablet_resolution=\"800\" data-tablet_size=\"0\" data-mobile_resolution=\"480\" data-mobile_size=\"150\" style=\"height: 0px;\"><\/div><div class=\"dfd-spacer-module\"  data-units=\"px\" data-wide_resolution=\"1280\" data-wide_size=\"0\" data-normal_resolution=\"1024\" data-normal_size=\"0\" data-tablet_resolution=\"800\" data-tablet_size=\"0\" data-mobile_resolution=\"480\" data-mobile_size=\"150\" style=\"height: 0px;\"><\/div><div class=\"dfd-spacer-module\"  data-units=\"px\" data-wide_resolution=\"1280\" data-wide_size=\"0\" data-normal_resolution=\"1024\" data-normal_size=\"0\" data-tablet_resolution=\"800\" data-tablet_size=\"0\" data-mobile_resolution=\"480\" data-mobile_size=\"150\" style=\"height: 0px;\"><\/div><div id=\"dfd-single-image-module69e64e8f1b6af-6919\" class=\"dfd-single-image-module  image-center  dfd-img-lazy-load\" ><img src=\"data:image\/svg+xml;charset=utf-8,%3Csvg xmlns%3D'http%3A%2F%2Fwww.w3.org%2F2000%2Fsvg' viewBox%3D'0 0 1500 2100'%2F%3E\" data-src=\"https:\/\/www.colegiohispano.edu.co\/siteweb\/wordpress\/wp-content\/uploads\/2022\/06\/Himno-Colegio.png\" width=\"1500\" height=\"2100\"  alt=\"Image module\" \/><\/div>[\/vc_column][\/vc_row][vc_row force_equal_height_columns=&#8221;main_row&#8221; mobile_destroy_equal_heights_resolution=&#8221;799&#8243; dfd_row_config=&#8221;full_width_content&#8221; mobile_destroy_equal_heights=&#8221;yes&#8221;][vc_column width=&#8221;1\/2&#8243; el_class=&#8221;dfd_col-tablet-12&#8243; offset=&#8221;vc_col-lg-6 vc_col-md-6 vc_col-xs-12&#8243; col_shadow=&#8221;box_shadow_enable:disable|shadow_horizontal:0|shadow_vertical:15|shadow_blur:50|shadow_spread:0|box_shadow_color:rgba(0%2C0%2C0%2C0.35)&#8221; col_shadow_hover=&#8221;box_shadow_enable:disable|shadow_horizontal:0|shadow_vertical:15|shadow_blur:50|shadow_spread:0|box_shadow_color:rgba(0%2C0%2C0%2C0.35)&#8221;]<div class=\"dfd-spacer-module\"  data-units=\"px\" data-wide_resolution=\"1280\" data-wide_size=\"0\" data-normal_resolution=\"1024\" data-normal_size=\"0\" data-tablet_resolution=\"800\" data-tablet_size=\"0\" data-mobile_resolution=\"480\" data-mobile_size=\"150\" style=\"height: 0px;\"><\/div><div id=\"dfd-single-image-module69e64e8f1c538-8158\" class=\"dfd-single-image-module  image-center  dfd-img-lazy-load\" ><img src=\"data:image\/svg+xml;charset=utf-8,%3Csvg xmlns%3D'http%3A%2F%2Fwww.w3.org%2F2000%2Fsvg' viewBox%3D'0 0 2000 2000'%2F%3E\" data-src=\"https:\/\/www.colegiohispano.edu.co\/siteweb\/wordpress\/wp-content\/uploads\/2021\/06\/ColegioHispanoamericano.png\" width=\"2000\" height=\"2000\"  alt=\"Image module\" \/><\/div>[\/vc_column][vc_column width=&#8221;1\/2&#8243; css=&#8221;.vc_custom_1462027383592{padding-right: 8% !important;padding-left: 5% !important;}&#8221; el_class=&#8221;custom-change-padding20 dfd_col-tablet-12&#8243; offset=&#8221;vc_col-lg-6 vc_col-md-6 vc_col-xs-12&#8243;]<div class=\"dfd-spacer-module\"  data-units=\"px\" data-wide_resolution=\"1280\" data-wide_size=\"120\" data-normal_resolution=\"1024\" data-normal_size=\"100\" data-tablet_resolution=\"800\" data-tablet_size=\"0\" data-mobile_resolution=\"480\" data-mobile_size=\"0\" style=\"height: 120px;\"><\/div><div class=\"dfd-heading-shortcode\"><div class=\"dfd-heading-module-wrap  text-left style_01 cr-animate-gen dfd-heading-69e64e8f1ca38 dfd-disable-resposive-headings\" id=\"dfd-heading-69e64e8f1ca38\" data-animate-type = \"transition.slideLeftIn\" ><div class=\"inline-block\"><div class=\"dfd-heading-module\"><h5 class=\"widget-title dfd-title \" style=\"font-size: 55px; line-height: 55px; letter-spacing: -3px; \">Escudo<\/h5><div class=\"dfd-heading-delimiter dfd-img-lazy-load\"><\/div><\/div><\/div><\/div><script type=\"text\/javascript\">\r\n\t\t\t\t\t\t\t\t\t(function($) {\r\n\t\t\t\t\t\t\t\t\t\t$(\"head\").append(\"<style>.dfd-heading-69e64e8f1ca38.dfd-heading-module-wrap .dfd-heading-module .dfd-heading-delimiter {border-bottom-style:solid;border-bottom-width:1px;width:100px;border-bottom-color:#dddddd;}.dfd-heading-69e64e8f1ca38 .dfd-heading-module .widget-title {margin-bottom:15px;}@media (max-width: 799px){.dfd-heading-69e64e8f1ca38 .dfd-title{font-size: 45px !important;letter-spacing: -2px !important;line-height: 45px !important;}}<\/style>\");\r\n\t\t\t\t\t\t\t\t\t})(jQuery);\r\n\t\t\t\t\t\t\t\t<\/script><\/div><div class=\"dfd-spacer-module\"  data-units=\"px\" data-wide_resolution=\"1280\" data-wide_size=\"20\" data-normal_resolution=\"1024\" data-normal_size=\"20\" data-tablet_resolution=\"800\" data-tablet_size=\"19\" data-mobile_resolution=\"480\" data-mobile_size=\"19\" style=\"height: 20px;\"><\/div>[vc_column_text item_animation=&#8221;transition.slideLeftIn&#8221;]<strong>Nuestro escudo significa la uni\u00f3n de dos fuerzas: de dos voluntades, de dos ideales, el espa\u00f1ol y el colombiano, en la b\u00fasqueda y logros en forma excelente de los prop\u00f3sitos educacionales, formadores de hombres nuevos, creativos, pensantes, inteligentes y decisivos en sus propias vidas y en la de su pa\u00eds.<\/strong>[\/vc_column_text]<div class=\"dfd-spacer-module\"  data-units=\"px\" data-wide_resolution=\"1280\" data-wide_size=\"20\" data-normal_resolution=\"1024\" data-normal_size=\"20\" data-tablet_resolution=\"800\" data-tablet_size=\"19\" data-mobile_resolution=\"480\" data-mobile_size=\"19\" style=\"height: 20px;\"><\/div><div class=\"dfd-spacer-module\"  data-units=\"px\" data-wide_resolution=\"1280\" data-wide_size=\"20\" data-normal_resolution=\"1024\" data-normal_size=\"20\" data-tablet_resolution=\"800\" data-tablet_size=\"19\" data-mobile_resolution=\"480\" data-mobile_size=\"19\" style=\"height: 20px;\"><\/div>[vc_column_text item_animation=&#8221;transition.slideLeftIn&#8221;]Para m\u00e1s informaci\u00f3n\u00a0 de nuestra instituci\u00f3n puedes comunicarte con nuestra \u00e1rea de admisiones:<\/p>\n<p><img decoding=\"async\" loading=\"lazy\" class=\"wp-image-19827 aligncenter\" src=\"https:\/\/www.colegiohispano.edu.co\/siteweb\/wordpress\/wp-content\/uploads\/2022\/06\/Wa.link_Admisiones.png\" alt=\"\" width=\"124\" height=\"132\" srcset=\"https:\/\/www.colegiohispano.edu.co\/siteweb\/wordpress\/wp-content\/uploads\/2022\/06\/Wa.link_Admisiones.png 300w, https:\/\/www.colegiohispano.edu.co\/siteweb\/wordpress\/wp-content\/uploads\/2022\/06\/Wa.link_Admisiones-281x300.png 281w\" sizes=\"(max-width: 124px) 100vw, 124px\" \/><\/p>\n<p>Correo:\u00a0<span id=\"cloak50073\"><a href=\"mailto:admisiones@colegiohispano.edu.co\">admisiones@colegiohispano.edu.co<\/a><\/span><br \/>\nPBX 602-4896888 \u2013 3104682958 3104682959 \u2013\u00a0<img decoding=\"async\" loading=\"lazy\" class=\"alignnone wp-image-20423\" src=\"https:\/\/www.colegiohispano.edu.co\/siteweb\/wordpress\/wp-content\/uploads\/2023\/11\/whatsapp.png\" sizes=\"(max-width: 20px) 100vw, 20px\" srcset=\"https:\/\/www.colegiohispano.edu.co\/siteweb\/wordpress\/wp-content\/uploads\/2023\/11\/whatsapp.png 512w, https:\/\/www.colegiohispano.edu.co\/siteweb\/wordpress\/wp-content\/uploads\/2023\/11\/whatsapp-300x300.png 300w, https:\/\/www.colegiohispano.edu.co\/siteweb\/wordpress\/wp-content\/uploads\/2023\/11\/whatsapp-150x150.png 150w\" alt=\"\" width=\"20\" height=\"20\" \/>\u00a03116348291[\/vc_column_text]<div id=\"dfd-button-69e64e8f1d619\" class=\"dfd-button-module-wrap dfd-button-69e64e8f1d619\"><div class=\"dfd-button-module  style_1 text-center dfd-horizontal dfd-top-to-bottom dfd-button-icon-left dfd-button-icon-hover-simple\" ><a href=\"https:\/\/wa.me\/message\/QF5NYV4J76W6L1\" title=\"WhatsApp Admisiones\" target=\"_blank\" class=\"dfd-button-link\"><span class=\"dfd-button-inner-cover\"><span class=\"dfd-button-text-main\">WhatsApp Admisiones: 311 6348291<\/span><\/span><\/a><\/div><script type=\"text\/javascript\">\r\n\t\t\t\t\t\t\t\t\t(function($) {$(\"head\").append(\"<style>#dfd-button-69e64e8f1d619.dfd-button-module-wrap .dfd-button-module .dfd-button-link .dfd-button-inner-cover .dfd-button-text-main,.dfd-button-69e64e8f1d619.dfd-button-module-wrap .dfd-button-module .dfd-button-link .dfd-button-inner-cover .dfd-button-text-main {color: #ffffff}#dfd-button-69e64e8f1d619.dfd-button-module-wrap .dfd-button-module .dfd-button-link .dfd-button-inner-cover,.dfd-button-69e64e8f1d619.dfd-button-module-wrap .dfd-button-module .dfd-button-link .dfd-button-border-decoration,.dfd-button-69e64e8f1d619.dfd-button-module-wrap .dfd-button-module .dfd-button-link .dfd-button-inner-cover {border-radius:2px;}#dfd-button-69e64e8f1d619.dfd-button-module-wrap .dfd-button-module:not(.style_4) .dfd-button-link .dfd-button-inner-cover:before,#dfd-button-69e64e8f1d619.dfd-button-module-wrap .dfd-button-module.style_4 .dfd-button-link .dfd-button-inner-cover:after,#dfd-button-69e64e8f1d619.dfd-button-module-wrap .dfd-button-module.style_6 .dfd-button-link .dfd-button-inner-cover .dfd-button-text-main,.dfd-button-69e64e8f1d619.dfd-button-module-wrap .dfd-button-module:not(.style_4) .dfd-button-link .dfd-button-inner-cover:before,.dfd-button-69e64e8f1d619.dfd-button-module-wrap .dfd-button-module.style_4 .dfd-button-link .dfd-button-inner-cover:after,.dfd-button-69e64e8f1d619.dfd-button-module-wrap .dfd-button-module.style_6 .dfd-button-link .dfd-button-inner-cover .dfd-button-text-main {background: #fffffff;border-style:solid;border-width:1px;border-radius:2px;border-color:#1b1b1b;}#dfd-button-69e64e8f1d619.dfd-button-module-wrap .dfd-button-module:not(.style_6) .dfd-button-link:hover .dfd-button-inner-cover .dfd-button-text-main,#dfd-button-69e64e8f1d619.dfd-button-module-wrap .dfd-button-module .dfd-button-link .dfd-button-inner-cover .dfd-button-text-hover,.dfd-button-69e64e8f1d619.dfd-button-module-wrap .dfd-button-module:not(.style_6) .dfd-button-link:hover .dfd-button-inner-cover .dfd-button-text-main,.dfd-button-69e64e8f1d619.dfd-button-module-wrap .dfd-button-module .dfd-button-link .dfd-button-inner-cover .dfd-button-text-hover {color: #ffffff;}#dfd-button-69e64e8f1d619.dfd-button-module-wrap .dfd-button-module .dfd-button-link:hover .dfd-button-inner-cover,.dfd-button-69e64e8f1d619.dfd-button-module-wrap .dfd-button-module .dfd-button-link:hover .dfd-button-border-decoration,.dfd-button-69e64e8f1d619.dfd-button-module-wrap .dfd-button-module .dfd-button-link:hover .dfd-button-inner-cover {border-radius:2px;}#dfd-button-69e64e8f1d619.dfd-button-module-wrap .dfd-button-module:not(.style_4) .dfd-button-link .dfd-button-inner-cover:after,#dfd-button-69e64e8f1d619.dfd-button-module-wrap .dfd-button-module.style_4 .dfd-button-link .dfd-button-inner-cover:before,#dfd-button-69e64e8f1d619.dfd-button-module-wrap .dfd-button-module .dfd-button-link .dfd-button-inner-cover .dfd-button-text-hover .dfd-button-69e64e8f1d619.dfd-button-module-wrap .dfd-button-module:not(.style_4) .dfd-button-link .dfd-button-inner-cover:after,.dfd-button-69e64e8f1d619.dfd-button-module-wrap .dfd-button-module.style_4 .dfd-button-link .dfd-button-inner-cover:before,.dfd-button-69e64e8f1d619.dfd-button-module-wrap .dfd-button-module .dfd-button-link .dfd-button-inner-cover .dfd-button-text-hover {background: #004693;border-style:solid;border-width:1px;border-radius:2px;border-color:#c39f76;}#dfd-button-69e64e8f1d619.dfd-button-module-wrap .dfd-button-module.style_3 .dfd-button-link:hover .dfd-button-inner-cover:before,#dfd-button-69e64e8f1d619.dfd-button-module-wrap .dfd-button-module.style_4 .dfd-button-link:hover .dfd-button-inner-cover:before,.dfd-button-69e64e8f1d619.dfd-button-module-wrap .dfd-button-module.style_3 .dfd-button-link:hover .dfd-button-inner-cover:before,.dfd-button-69e64e8f1d619.dfd-button-module-wrap .dfd-button-module.style_4 .dfd-button-link:hover .dfd-button-inner-cover:before {border-style:solid;border-width:1px;border-radius:2px;border-color:#c39f76;}<\/style>\")\r\n\t\t\t\t\t\t\t\t\t})(jQuery);\r\n\t\t\t\t\t\t\t\t<\/script><\/div>[\/vc_column][\/vc_row][vc_row][vc_column]<div class=\"dfd-heading-shortcode\"><div class=\"dfd-heading-module-wrap  text-left style_01 cr-animate-gen dfd-heading-69e64e8f1db6c dfd-disable-resposive-headings\" id=\"dfd-heading-69e64e8f1db6c\" data-animate-type = \"transition.slideLeftIn\" ><div class=\"inline-block\"><div class=\"dfd-heading-module\"><h5 class=\"widget-title dfd-title \" style=\"font-size: 55px; line-height: 55px; letter-spacing: -3px; \"><strong>Somos Hispanos <\/strong><\/p>\n<p><strong>en <\/strong><span style=\"color: #004693;\"><b><i>CercanIA<\/i><\/b><\/span><\/h5><div class=\"dfd-heading-delimiter dfd-img-lazy-load\"><\/div><\/div><\/div><\/div><script type=\"text\/javascript\">\r\n\t\t\t\t\t\t\t\t\t(function($) {\r\n\t\t\t\t\t\t\t\t\t\t$(\"head\").append(\"<style>.dfd-heading-69e64e8f1db6c.dfd-heading-module-wrap .dfd-heading-module .dfd-heading-delimiter {border-bottom-style:solid;border-bottom-width:1px;width:100px;border-bottom-color:#dddddd;}.dfd-heading-69e64e8f1db6c .dfd-heading-module .widget-title {margin-bottom:15px;}@media (max-width: 799px){.dfd-heading-69e64e8f1db6c .dfd-title{font-size: 45px !important;letter-spacing: -2px !important;line-height: 45px !important;}}<\/style>\");\r\n\t\t\t\t\t\t\t\t\t})(jQuery);\r\n\t\t\t\t\t\t\t\t<\/script><\/div><div class=\"dfd-spacer-module\"  data-units=\"px\" data-wide_resolution=\"1280\" data-wide_size=\"10\" data-normal_resolution=\"1024\" data-normal_size=\"\" data-tablet_resolution=\"800\" data-tablet_size=\"\" data-mobile_resolution=\"480\" data-mobile_size=\"\" style=\"height: 10px;\"><\/div>[\/vc_column][\/vc_row]<\/p>\n","protected":false},"excerpt":{"rendered":"<p>[vc_row force_equal_height_columns=&#8221;main_row&#8221; mobile_destroy_equal_heights_resolution=&#8221;799&#8243; dfd_row_config=&#8221;full_width_content&#8221; mobile_destroy_equal_heights=&#8221;yes&#8221;][vc_column width=&#8221;1\/2&#8243; css=&#8221;.vc_custom_1462025533627{padding-right: 8% !important;padding-left: 5% !important;}&#8221; el_class=&#8221;custom-change-padding20 dfd_col-tablet-12&#8243; offset=&#8221;vc_col-lg-6 vc_col-md-6 vc_col-xs-12&#8243;][vc_column_text item_animation=&#8221;transition.slideRightIn&#8221;] Colegio Hispanoamericano \u00b7 HIMNO HISPANOAMERICANO (Cantado) [\/vc_column_text][\/vc_column][vc_column width=&#8221;1\/2&#8243; el_class=&#8221;dfd_col-tablet-12&#8243; offset=&#8221;vc_col-lg-6 vc_col-md-6 vc_col-xs-12&#8243; col_shadow=&#8221;box_shadow_enable:disable|shadow_horizontal:0|shadow_vertical:15|shadow_blur:50|shadow_spread:0|box_shadow_color:rgba(0%2C0%2C0%2C0.35)&#8221;<\/p>\n","protected":false},"author":1,"featured_media":0,"parent":0,"menu_order":0,"comment_status":"closed","ping_status":"closed","template":"page-custom-with-header.php","meta":[],"_links":{"self":[{"href":"https:\/\/www.colegiohispano.edu.co\/siteweb\/wp-json\/wp\/v2\/pages\/19911"}],"collection":[{"href":"https:\/\/www.colegiohispano.edu.co\/siteweb\/wp-json\/wp\/v2\/pages"}],"about":[{"href":"https:\/\/www.colegiohispano.edu.co\/siteweb\/wp-json\/wp\/v2\/types\/page"}],"author":[{"embeddable":true,"href":"https:\/\/www.colegiohispano.edu.co\/siteweb\/wp-json\/wp\/v2\/users\/1"}],"replies":[{"embeddable":true,"href":"https:\/\/www.colegiohispano.edu.co\/siteweb\/wp-json\/wp\/v2\/comments?post=19911"}],"version-history":[{"count":9,"href":"https:\/\/www.colegiohispano.edu.co\/siteweb\/wp-json\/wp\/v2\/pages\/19911\/revisions"}],"predecessor-version":[{"id":21064,"href":"https:\/\/www.colegiohispano.edu.co\/siteweb\/wp-json\/wp\/v2\/pages\/19911\/revisions\/21064"}],"wp:attachment":[{"href":"https:\/\/www.colegiohispano.edu.co\/siteweb\/wp-json\/wp\/v2\/media?parent=19911"}],"curies":[{"name":"wp","href":"https:\/\/api.w.org\/{rel}","templated":true}]}}