{"id":20105,"date":"2023-03-23T08:07:37","date_gmt":"2023-03-23T13:07:37","guid":{"rendered":"https:\/\/www.colegiohispano.edu.co\/siteweb\/?page_id=20105"},"modified":"2023-03-23T16:18:42","modified_gmt":"2023-03-23T21:18:42","slug":"arte-deporte-e-ingles","status":"publish","type":"page","link":"https:\/\/www.colegiohispano.edu.co\/siteweb\/arte-deporte-e-ingles\/","title":{"rendered":"Arte, Deporte e Ingl\u00e9s"},"content":{"rendered":"<p>[vc_row force_equal_height_columns=&#8221;main_row&#8221; mobile_destroy_equal_heights_resolution=&#8221;799&#8243; dfd_row_config=&#8221;full_width_content&#8221; mobile_destroy_equal_heights=&#8221;yes&#8221;][vc_column width=&#8221;1\/2&#8243; el_class=&#8221;dfd_col-tablet-12&#8243; offset=&#8221;vc_col-lg-6 vc_col-md-6 vc_col-xs-12&#8243; col_shadow=&#8221;box_shadow_enable:disable|shadow_horizontal:0|shadow_vertical:15|shadow_blur:50|shadow_spread:0|box_shadow_color:rgba(0%2C0%2C0%2C0.35)&#8221; col_shadow_hover=&#8221;box_shadow_enable:disable|shadow_horizontal:0|shadow_vertical:15|shadow_blur:50|shadow_spread:0|box_shadow_color:rgba(0%2C0%2C0%2C0.35)&#8221;]<div class=\"dfd-spacer-module\"  data-units=\"px\" data-wide_resolution=\"1280\" data-wide_size=\"0\" data-normal_resolution=\"1024\" data-normal_size=\"0\" data-tablet_resolution=\"800\" data-tablet_size=\"0\" data-mobile_resolution=\"480\" data-mobile_size=\"150\" style=\"height: 0px;\"><\/div><div class=\"dfd-spacer-module\"  data-units=\"px\" data-wide_resolution=\"1280\" data-wide_size=\"0\" data-normal_resolution=\"1024\" data-normal_size=\"0\" data-tablet_resolution=\"800\" data-tablet_size=\"0\" data-mobile_resolution=\"480\" data-mobile_size=\"150\" style=\"height: 0px;\"><\/div><div class=\"dfd-spacer-module\"  data-units=\"px\" data-wide_resolution=\"1280\" data-wide_size=\"0\" data-normal_resolution=\"1024\" data-normal_size=\"0\" data-tablet_resolution=\"800\" data-tablet_size=\"0\" data-mobile_resolution=\"480\" data-mobile_size=\"150\" style=\"height: 0px;\"><\/div><div id=\"dfd-single-image-module69f682efe0217-3557\" class=\"dfd-single-image-module  image-center  dfd-img-lazy-load\" ><img src=\"data:image\/svg+xml;charset=utf-8,%3Csvg xmlns%3D'http%3A%2F%2Fwww.w3.org%2F2000%2Fsvg' viewBox%3D'0 0 1080 1080'%2F%3E\" data-src=\"https:\/\/www.colegiohispano.edu.co\/siteweb\/wordpress\/wp-content\/uploads\/2023\/03\/Mas-que-libros-2.png\" width=\"1080\" height=\"1080\"  alt=\"Image module\" \/><\/div>[vc_column_text]<\/p>\n<h5 class=\"widget-title dfd-title \" style=\"text-align: center;\"><em><span style=\"color: #003366;\">&#8220;La inclusi\u00f3n del arte, el deporte y el ingl\u00e9s en nuestra propuesta educativa, no solo enriquece la formaci\u00f3n de los estudiantes, sino que tambi\u00e9n les permite desarrollar habilidades y valores que ser\u00e1n \u00fatiles a lo largo de su vida&#8221;.<\/span><\/em><\/h5>\n<p>[\/vc_column_text][\/vc_column][vc_column width=&#8221;1\/2&#8243; css=&#8221;.vc_custom_1462025533627{padding-right: 8% !important;padding-left: 5% !important;}&#8221; el_class=&#8221;custom-change-padding20 dfd_col-tablet-12&#8243; offset=&#8221;vc_col-lg-6 vc_col-md-6 vc_col-xs-12&#8243;]<div class=\"dfd-spacer-module\"  data-units=\"px\" data-wide_resolution=\"1280\" data-wide_size=\"120\" data-normal_resolution=\"1024\" data-normal_size=\"100\" data-tablet_resolution=\"800\" data-tablet_size=\"90\" data-mobile_resolution=\"480\" data-mobile_size=\"80\" style=\"height: 120px;\"><\/div><div class=\"dfd-heading-shortcode\"><div class=\"dfd-heading-module-wrap  text-left style_01 cr-animate-gen dfd-heading-69f682efe04ee dfd-disable-resposive-headings\" id=\"dfd-heading-69f682efe04ee\" data-animate-type = \"transition.slideRightIn\" ><div class=\"inline-block\"><div class=\"dfd-heading-module\"><h5 class=\"widget-title dfd-title \" style=\"font-size: 55px; line-height: 55px; letter-spacing: -3px; \"><\/p>\n<p style=\"font-weight: 400;\"><strong>Arte, deporte e ingl\u00e9s como pilar para el desarrollo integral de los estudiantes del Colegio Hispanoamericano<\/strong><\/p>\n<p><\/h5><div class=\"dfd-heading-delimiter dfd-img-lazy-load\"><\/div><\/div><\/div><\/div><script type=\"text\/javascript\">\r\n\t\t\t\t\t\t\t\t\t(function($) {\r\n\t\t\t\t\t\t\t\t\t\t$(\"head\").append(\"<style>.dfd-heading-69f682efe04ee.dfd-heading-module-wrap .dfd-heading-module .dfd-heading-delimiter {border-bottom-style:solid;border-bottom-width:1px;width:100px;border-bottom-color:#dddddd;}.dfd-heading-69f682efe04ee .dfd-heading-module .widget-title {margin-bottom:15px;}@media (max-width: 799px){.dfd-heading-69f682efe04ee .dfd-title{font-size: 45px !important;letter-spacing: -2px !important;line-height: 45px !important;}}<\/style>\");\r\n\t\t\t\t\t\t\t\t\t})(jQuery);\r\n\t\t\t\t\t\t\t\t<\/script><\/div><div class=\"dfd-spacer-module\"  data-units=\"px\" data-wide_resolution=\"1280\" data-wide_size=\"19\" data-normal_resolution=\"1024\" data-normal_size=\"19\" data-tablet_resolution=\"800\" data-tablet_size=\"20\" data-mobile_resolution=\"480\" data-mobile_size=\"20\" style=\"height: 19px;\"><\/div>[vc_column_text item_animation=&#8221;transition.slideRightIn&#8221;]En el Colegio Hispanoamericano el <span style=\"color: #003366;\"><strong>arte, el deporte y el ingl\u00e9s<\/strong> <\/span>son elementos fundamentales en la educaci\u00f3n integral de todos sus estudiantes, pues contribuye a darle un enfoque m\u00e1s humano a la propuesta educativa.<\/p>\n<p style=\"text-align: left;\"><strong><span style=\"color: #003366;\">El arte es una forma de expresi\u00f3n y creatividad que estimula la imaginaci\u00f3n y el pensamiento cr\u00edtico de los estudiantes. Para los grados de preescolar, primero, segundo y tercero, se tiene una sensibilizaci\u00f3n art\u00edstica con la cual se ayuda a desarrollar habilidades como la curiosidad, la atenci\u00f3n y la memorizaci\u00f3n. En las clases art\u00edsticas como lo son teatro, danza, dibujo art\u00edstico, m\u00fasica, manualidades y artes pl\u00e1sticas, se permite el desarrollo de habilidades sociales y emocionales a los estudiantes de grados 4\u00b0 hasta 11\u00b0, donde se trabaja en equipo y se ense\u00f1a a comunicar ideas de forma efectiva.<\/span><\/strong><\/p>\n<p>&nbsp;<\/p>\n<p>[\/vc_column_text][\/vc_column][\/vc_row][vc_row force_equal_height_columns=&#8221;main_row&#8221; mobile_destroy_equal_heights_resolution=&#8221;799&#8243; dfd_row_config=&#8221;full_width_content&#8221; mobile_destroy_equal_heights=&#8221;yes&#8221;][vc_column width=&#8221;1\/2&#8243; css=&#8221;.vc_custom_1462027383592{padding-right: 8% !important;padding-left: 5% !important;}&#8221; el_class=&#8221;custom-change-padding20 dfd_col-tablet-12&#8243; offset=&#8221;vc_col-lg-6 vc_col-md-6 vc_col-xs-12&#8243;][vc_column_text item_animation=&#8221;transition.slideLeftIn&#8221;]<\/p>\n<h4 class=\"widget-title dfd-title \"><span style=\"color: #003366;\">\u00a1En nuestro enfoque educativo integral, el deporte es una herramienta para el desarrollo cognitivo y emocional de los estudiantes!<\/span><\/h4>\n<p>Por su parte, el deporte no solo contribuye a la salud f\u00edsica de los estudiantes, sino tambi\u00e9n a su desarrollo cognitivo y emocional. Desde la primera infancia hasta grado tercero de primaria los ni\u00f1os est\u00e1n en proceso de adaptaci\u00f3n y de reconocimiento de sus habilidades deportivas, donde el colegio brinda acompa\u00f1amiento de profesores que se adaptan al aprendizaje de los estudiantes y les ense\u00f1an bases para el deporte que el padre del menor haya escogido. Al igual que en las artes, los estudiantes de 4\u00b0 hasta 11\u00b0 toman la decisi\u00f3n de quedarse en uno de los deportes brindados por el colegio como f\u00fatbol, nataci\u00f3n, baloncesto, volleyball o patinaje; aqu\u00ed los j\u00f3venes aprenden valores como el respeto, el trabajo en equipo, la perseverancia y la disciplina, que son fundamentales para su formaci\u00f3n como personas \u00edntegras y comprometidas con su entorno.<\/p>\n<p>&nbsp;<\/p>\n<p>&nbsp;<\/p>\n<p>[\/vc_column_text][\/vc_column][vc_column width=&#8221;1\/2&#8243; el_class=&#8221;dfd_col-tablet-12&#8243; offset=&#8221;vc_col-lg-6 vc_col-md-6 vc_col-xs-12&#8243; col_shadow=&#8221;box_shadow_enable:disable|shadow_horizontal:0|shadow_vertical:15|shadow_blur:50|shadow_spread:0|box_shadow_color:rgba(0%2C0%2C0%2C0.35)&#8221; col_shadow_hover=&#8221;box_shadow_enable:disable|shadow_horizontal:0|shadow_vertical:15|shadow_blur:50|shadow_spread:0|box_shadow_color:rgba(0%2C0%2C0%2C0.35)&#8221;]<div id=\"dfd-single-image-module69f682efe1120-1777\" class=\"dfd-single-image-module  image-center  dfd-img-lazy-load\" ><img src=\"data:image\/svg+xml;charset=utf-8,%3Csvg xmlns%3D'http%3A%2F%2Fwww.w3.org%2F2000%2Fsvg' viewBox%3D'0 0 1080 1080'%2F%3E\" data-src=\"https:\/\/www.colegiohispano.edu.co\/siteweb\/wordpress\/wp-content\/uploads\/2023\/03\/Mas-que-libros-3.png\" width=\"1080\" height=\"1080\"  alt=\"Image module\" \/><\/div><div class=\"dfd-spacer-module\"  data-units=\"px\" data-wide_resolution=\"1280\" data-wide_size=\"0\" data-normal_resolution=\"1024\" data-normal_size=\"0\" data-tablet_resolution=\"800\" data-tablet_size=\"0\" data-mobile_resolution=\"480\" data-mobile_size=\"150\" style=\"height: 0px;\"><\/div>[vc_column_text]<\/p>\n<h5 class=\"widget-title dfd-title \" style=\"text-align: center;\"><em><span style=\"color: #003366;\"><span style=\"color: #003366;\">Los estudiantes aprenden valores como el respeto, el trabajo en equipo, la perseverancia y la disciplina, que son fundamentales para su formaci\u00f3n como personas \u00edntegras y comprometidas con su entorno.<\/span><\/span><\/em><\/h5>\n<p>[\/vc_column_text][\/vc_column][\/vc_row][vc_row force_equal_height_columns=&#8221;main_row&#8221; mobile_destroy_equal_heights_resolution=&#8221;799&#8243; dfd_row_config=&#8221;full_width_content&#8221; mobile_destroy_equal_heights=&#8221;yes&#8221;][vc_column width=&#8221;1\/2&#8243; el_class=&#8221;dfd_col-tablet-12&#8243; offset=&#8221;vc_col-lg-6 vc_col-md-6 vc_col-xs-12&#8243; col_shadow=&#8221;box_shadow_enable:disable|shadow_horizontal:0|shadow_vertical:15|shadow_blur:50|shadow_spread:0|box_shadow_color:rgba(0%2C0%2C0%2C0.35)&#8221; col_shadow_hover=&#8221;box_shadow_enable:disable|shadow_horizontal:0|shadow_vertical:15|shadow_blur:50|shadow_spread:0|box_shadow_color:rgba(0%2C0%2C0%2C0.35)&#8221;]<div id=\"dfd-single-image-module69f682efe1b87-7767\" class=\"dfd-single-image-module  image-center  dfd-img-lazy-load\" ><img src=\"data:image\/svg+xml;charset=utf-8,%3Csvg xmlns%3D'http%3A%2F%2Fwww.w3.org%2F2000%2Fsvg' viewBox%3D'0 0 1080 1080'%2F%3E\" data-src=\"https:\/\/www.colegiohispano.edu.co\/siteweb\/wordpress\/wp-content\/uploads\/2023\/03\/Mas-que-libros-4.png\" width=\"1080\" height=\"1080\"  alt=\"Image module\" \/><\/div>[\/vc_column][vc_column width=&#8221;1\/2&#8243; css=&#8221;.vc_custom_1462027383592{padding-right: 8% !important;padding-left: 5% !important;}&#8221; el_class=&#8221;custom-change-padding20 dfd_col-tablet-12&#8243; offset=&#8221;vc_col-lg-6 vc_col-md-6 vc_col-xs-12&#8243;][vc_column_text]Finalmente, el ingl\u00e9s es un idioma fundamental en el mundo globalizado en el que vivimos. Su dominio permite a los estudiantes comunicarse con personas de otros pa\u00edses, acceder a informaci\u00f3n y recursos en l\u00ednea, y tener mayores oportunidades laborales y acad\u00e9micas en el futuro. En el Colegio Hispanoamericano, contamos con profesores altamente capacitados para ofrecer clases de ingl\u00e9s de calidad. Para garantizar un aprendizaje efectivo, trabajamos en binas, dividiendo a cada grupo en dos para que el profesor pueda brindar un mayor acercamiento y acompa\u00f1amiento a cada estudiante.<\/p>\n<p style=\"text-align: center;\"><span style=\"color: #000080;\"><strong>En definitiva, la inclusi\u00f3n del arte, el deporte y el ingl\u00e9s en la propuesta educativa del Colegio Hispanoamericano no solo enriquece la formaci\u00f3n de los estudiantes, sino que tambi\u00e9n les permite desarrollar habilidades y valores que les ser\u00e1n \u00fatiles a lo largo de toda su vida.<\/strong><\/span><\/p>\n<p>[\/vc_column_text]<div class=\"dfd-spacer-module\"  data-units=\"px\" data-wide_resolution=\"1280\" data-wide_size=\"20\" data-normal_resolution=\"1024\" data-normal_size=\"20\" data-tablet_resolution=\"800\" data-tablet_size=\"19\" data-mobile_resolution=\"480\" data-mobile_size=\"19\" style=\"height: 20px;\"><\/div><div id=\"dfd-button-69f682efe1f86\" class=\"dfd-button-module-wrap dfd-button-69f682efe1f86\"><div class=\"dfd-button-module  style_1 text-center dfd-horizontal dfd-top-to-bottom dfd-button-icon-left dfd-button-icon-hover-simple\" ><a href=\"http:\/\/zeus.colegiohispano.edu.co\/OpenHouse\/\" title=\"Inscripci\u00f3n Open House\" target=\"_blank\" class=\"dfd-button-link\"><span class=\"dfd-button-inner-cover\"><span class=\"dfd-button-text-main\">Confirma tu participaci\u00f3n en el siguiente formulario<\/span><\/span><\/a><\/div><script type=\"text\/javascript\">\r\n\t\t\t\t\t\t\t\t\t(function($) {$(\"head\").append(\"<style>#dfd-button-69f682efe1f86.dfd-button-module-wrap .dfd-button-module .dfd-button-link .dfd-button-inner-cover .dfd-button-text-main,.dfd-button-69f682efe1f86.dfd-button-module-wrap .dfd-button-module .dfd-button-link .dfd-button-inner-cover .dfd-button-text-main {color: #ffffff}#dfd-button-69f682efe1f86.dfd-button-module-wrap .dfd-button-module .dfd-button-link .dfd-button-inner-cover,.dfd-button-69f682efe1f86.dfd-button-module-wrap .dfd-button-module .dfd-button-link .dfd-button-border-decoration,.dfd-button-69f682efe1f86.dfd-button-module-wrap .dfd-button-module .dfd-button-link .dfd-button-inner-cover {border-radius:2px;}#dfd-button-69f682efe1f86.dfd-button-module-wrap .dfd-button-module:not(.style_4) .dfd-button-link .dfd-button-inner-cover:before,#dfd-button-69f682efe1f86.dfd-button-module-wrap .dfd-button-module.style_4 .dfd-button-link .dfd-button-inner-cover:after,#dfd-button-69f682efe1f86.dfd-button-module-wrap .dfd-button-module.style_6 .dfd-button-link .dfd-button-inner-cover .dfd-button-text-main,.dfd-button-69f682efe1f86.dfd-button-module-wrap .dfd-button-module:not(.style_4) .dfd-button-link .dfd-button-inner-cover:before,.dfd-button-69f682efe1f86.dfd-button-module-wrap .dfd-button-module.style_4 .dfd-button-link .dfd-button-inner-cover:after,.dfd-button-69f682efe1f86.dfd-button-module-wrap .dfd-button-module.style_6 .dfd-button-link .dfd-button-inner-cover .dfd-button-text-main {background: #004693;border-style:solid;border-width:1px;border-radius:2px;border-color:#1b1b1b;}#dfd-button-69f682efe1f86.dfd-button-module-wrap .dfd-button-module:not(.style_6) .dfd-button-link:hover .dfd-button-inner-cover .dfd-button-text-main,#dfd-button-69f682efe1f86.dfd-button-module-wrap .dfd-button-module .dfd-button-link .dfd-button-inner-cover .dfd-button-text-hover,.dfd-button-69f682efe1f86.dfd-button-module-wrap .dfd-button-module:not(.style_6) .dfd-button-link:hover .dfd-button-inner-cover .dfd-button-text-main,.dfd-button-69f682efe1f86.dfd-button-module-wrap .dfd-button-module .dfd-button-link .dfd-button-inner-cover .dfd-button-text-hover {color: #ffffff;}#dfd-button-69f682efe1f86.dfd-button-module-wrap .dfd-button-module .dfd-button-link:hover .dfd-button-inner-cover,.dfd-button-69f682efe1f86.dfd-button-module-wrap .dfd-button-module .dfd-button-link:hover .dfd-button-border-decoration,.dfd-button-69f682efe1f86.dfd-button-module-wrap .dfd-button-module .dfd-button-link:hover .dfd-button-inner-cover {border-radius:2px;}#dfd-button-69f682efe1f86.dfd-button-module-wrap .dfd-button-module:not(.style_4) .dfd-button-link .dfd-button-inner-cover:after,#dfd-button-69f682efe1f86.dfd-button-module-wrap .dfd-button-module.style_4 .dfd-button-link .dfd-button-inner-cover:before,#dfd-button-69f682efe1f86.dfd-button-module-wrap .dfd-button-module .dfd-button-link .dfd-button-inner-cover .dfd-button-text-hover .dfd-button-69f682efe1f86.dfd-button-module-wrap .dfd-button-module:not(.style_4) .dfd-button-link .dfd-button-inner-cover:after,.dfd-button-69f682efe1f86.dfd-button-module-wrap .dfd-button-module.style_4 .dfd-button-link .dfd-button-inner-cover:before,.dfd-button-69f682efe1f86.dfd-button-module-wrap .dfd-button-module .dfd-button-link .dfd-button-inner-cover .dfd-button-text-hover {background: #ffa500;border-style:solid;border-width:1px;border-radius:2px;border-color:#c39f76;}#dfd-button-69f682efe1f86.dfd-button-module-wrap .dfd-button-module.style_3 .dfd-button-link:hover .dfd-button-inner-cover:before,#dfd-button-69f682efe1f86.dfd-button-module-wrap .dfd-button-module.style_4 .dfd-button-link:hover .dfd-button-inner-cover:before,.dfd-button-69f682efe1f86.dfd-button-module-wrap .dfd-button-module.style_3 .dfd-button-link:hover .dfd-button-inner-cover:before,.dfd-button-69f682efe1f86.dfd-button-module-wrap .dfd-button-module.style_4 .dfd-button-link:hover .dfd-button-inner-cover:before {border-style:solid;border-width:1px;border-radius:2px;border-color:#c39f76;}<\/style>\")\r\n\t\t\t\t\t\t\t\t\t})(jQuery);\r\n\t\t\t\t\t\t\t\t<\/script><\/div>[vc_column_text item_animation=&#8221;transition.slideLeftIn&#8221;]<\/p>\n<p style=\"text-align: center;\"><strong>Para m\u00e1s informaci\u00f3n puedes comunicarte con nuestra \u00e1rea de admisiones:<\/strong><\/p>\n<p><img decoding=\"async\" loading=\"lazy\" class=\"alignnone wp-image-20086 aligncenter\" src=\"https:\/\/www.colegiohispano.edu.co\/siteweb\/wordpress\/wp-content\/uploads\/2023\/03\/QR_EnrutaAWhatsAppDesdeNoticiaElPais.png\" alt=\"\" width=\"166\" height=\"166\" srcset=\"https:\/\/www.colegiohispano.edu.co\/siteweb\/wordpress\/wp-content\/uploads\/2023\/03\/QR_EnrutaAWhatsAppDesdeNoticiaElPais.png 378w, https:\/\/www.colegiohispano.edu.co\/siteweb\/wordpress\/wp-content\/uploads\/2023\/03\/QR_EnrutaAWhatsAppDesdeNoticiaElPais-300x300.png 300w, https:\/\/www.colegiohispano.edu.co\/siteweb\/wordpress\/wp-content\/uploads\/2023\/03\/QR_EnrutaAWhatsAppDesdeNoticiaElPais-150x150.png 150w\" sizes=\"(max-width: 166px) 100vw, 166px\" \/><\/p>\n<p style=\"text-align: center;\"><strong>Correo:\u00a0<span id=\"cloak50073\"><a href=\"mailto:admisiones@colegiohispano.edu.co\">admisiones@colegiohispano.edu.co<\/a><\/span><\/strong><br \/>\n<strong>PBX: \u00a0602-4896888 opci\u00f3n 1<\/strong><\/p>\n<p>[\/vc_column_text]<div id=\"dfd-button-69f682efe23c1\" class=\"dfd-button-module-wrap dfd-button-69f682efe23c1\"><div class=\"dfd-button-module  style_1 text-center dfd-horizontal dfd-top-to-bottom dfd-button-icon-left dfd-button-icon-hover-simple\" ><a href=\"https:\/\/wa.me\/message\/QF5NYV4J76W6L1\" title=\"WhatsApp Admisiones\" target=\"_blank\" class=\"dfd-button-link\"><span class=\"dfd-button-inner-cover\"><span class=\"dfd-button-text-main\">WhatsApp Admisiones: 311 6348291<\/span><\/span><\/a><\/div><script type=\"text\/javascript\">\r\n\t\t\t\t\t\t\t\t\t(function($) {$(\"head\").append(\"<style>#dfd-button-69f682efe23c1.dfd-button-module-wrap .dfd-button-module .dfd-button-link .dfd-button-inner-cover .dfd-button-text-main,.dfd-button-69f682efe23c1.dfd-button-module-wrap .dfd-button-module .dfd-button-link .dfd-button-inner-cover .dfd-button-text-main {color: #ffffff}#dfd-button-69f682efe23c1.dfd-button-module-wrap .dfd-button-module .dfd-button-link .dfd-button-inner-cover,.dfd-button-69f682efe23c1.dfd-button-module-wrap .dfd-button-module .dfd-button-link .dfd-button-border-decoration,.dfd-button-69f682efe23c1.dfd-button-module-wrap .dfd-button-module .dfd-button-link .dfd-button-inner-cover {border-radius:2px;}#dfd-button-69f682efe23c1.dfd-button-module-wrap .dfd-button-module:not(.style_4) .dfd-button-link .dfd-button-inner-cover:before,#dfd-button-69f682efe23c1.dfd-button-module-wrap .dfd-button-module.style_4 .dfd-button-link .dfd-button-inner-cover:after,#dfd-button-69f682efe23c1.dfd-button-module-wrap .dfd-button-module.style_6 .dfd-button-link .dfd-button-inner-cover .dfd-button-text-main,.dfd-button-69f682efe23c1.dfd-button-module-wrap .dfd-button-module:not(.style_4) .dfd-button-link .dfd-button-inner-cover:before,.dfd-button-69f682efe23c1.dfd-button-module-wrap .dfd-button-module.style_4 .dfd-button-link .dfd-button-inner-cover:after,.dfd-button-69f682efe23c1.dfd-button-module-wrap .dfd-button-module.style_6 .dfd-button-link .dfd-button-inner-cover .dfd-button-text-main {background: #fffffff;border-style:solid;border-width:1px;border-radius:2px;border-color:#1b1b1b;}#dfd-button-69f682efe23c1.dfd-button-module-wrap .dfd-button-module:not(.style_6) .dfd-button-link:hover .dfd-button-inner-cover .dfd-button-text-main,#dfd-button-69f682efe23c1.dfd-button-module-wrap .dfd-button-module .dfd-button-link .dfd-button-inner-cover .dfd-button-text-hover,.dfd-button-69f682efe23c1.dfd-button-module-wrap .dfd-button-module:not(.style_6) .dfd-button-link:hover .dfd-button-inner-cover .dfd-button-text-main,.dfd-button-69f682efe23c1.dfd-button-module-wrap .dfd-button-module .dfd-button-link .dfd-button-inner-cover .dfd-button-text-hover {color: #ffffff;}#dfd-button-69f682efe23c1.dfd-button-module-wrap .dfd-button-module .dfd-button-link:hover .dfd-button-inner-cover,.dfd-button-69f682efe23c1.dfd-button-module-wrap .dfd-button-module .dfd-button-link:hover .dfd-button-border-decoration,.dfd-button-69f682efe23c1.dfd-button-module-wrap .dfd-button-module .dfd-button-link:hover .dfd-button-inner-cover {border-radius:2px;}#dfd-button-69f682efe23c1.dfd-button-module-wrap .dfd-button-module:not(.style_4) .dfd-button-link .dfd-button-inner-cover:after,#dfd-button-69f682efe23c1.dfd-button-module-wrap .dfd-button-module.style_4 .dfd-button-link .dfd-button-inner-cover:before,#dfd-button-69f682efe23c1.dfd-button-module-wrap .dfd-button-module .dfd-button-link .dfd-button-inner-cover .dfd-button-text-hover .dfd-button-69f682efe23c1.dfd-button-module-wrap .dfd-button-module:not(.style_4) .dfd-button-link .dfd-button-inner-cover:after,.dfd-button-69f682efe23c1.dfd-button-module-wrap .dfd-button-module.style_4 .dfd-button-link .dfd-button-inner-cover:before,.dfd-button-69f682efe23c1.dfd-button-module-wrap .dfd-button-module .dfd-button-link .dfd-button-inner-cover .dfd-button-text-hover {background: #004693;border-style:solid;border-width:1px;border-radius:2px;border-color:#c39f76;}#dfd-button-69f682efe23c1.dfd-button-module-wrap .dfd-button-module.style_3 .dfd-button-link:hover .dfd-button-inner-cover:before,#dfd-button-69f682efe23c1.dfd-button-module-wrap .dfd-button-module.style_4 .dfd-button-link:hover .dfd-button-inner-cover:before,.dfd-button-69f682efe23c1.dfd-button-module-wrap .dfd-button-module.style_3 .dfd-button-link:hover .dfd-button-inner-cover:before,.dfd-button-69f682efe23c1.dfd-button-module-wrap .dfd-button-module.style_4 .dfd-button-link:hover .dfd-button-inner-cover:before {border-style:solid;border-width:1px;border-radius:2px;border-color:#c39f76;}<\/style>\")\r\n\t\t\t\t\t\t\t\t\t})(jQuery);\r\n\t\t\t\t\t\t\t\t<\/script><\/div>[\/vc_column][\/vc_row][vc_row][vc_column][\/vc_column][\/vc_row]<\/p>\n","protected":false},"excerpt":{"rendered":"<p>[vc_row force_equal_height_columns=&#8221;main_row&#8221; mobile_destroy_equal_heights_resolution=&#8221;799&#8243; dfd_row_config=&#8221;full_width_content&#8221; mobile_destroy_equal_heights=&#8221;yes&#8221;][vc_column width=&#8221;1\/2&#8243; el_class=&#8221;dfd_col-tablet-12&#8243; offset=&#8221;vc_col-lg-6 vc_col-md-6 vc_col-xs-12&#8243; col_shadow=&#8221;box_shadow_enable:disable|shadow_horizontal:0|shadow_vertical:15|shadow_blur:50|shadow_spread:0|box_shadow_color:rgba(0%2C0%2C0%2C0.35)&#8221; col_shadow_hover=&#8221;box_shadow_enable:disable|shadow_horizontal:0|shadow_vertical:15|shadow_blur:50|shadow_spread:0|box_shadow_color:rgba(0%2C0%2C0%2C0.35)&#8221;][vc_column_text] &#8220;La inclusi\u00f3n del arte, el deporte y el ingl\u00e9s en nuestra propuesta educativa, no solo enriquece la formaci\u00f3n<\/p>\n","protected":false},"author":1,"featured_media":0,"parent":0,"menu_order":0,"comment_status":"closed","ping_status":"closed","template":"page-custom-with-header.php","meta":[],"_links":{"self":[{"href":"https:\/\/www.colegiohispano.edu.co\/siteweb\/wp-json\/wp\/v2\/pages\/20105"}],"collection":[{"href":"https:\/\/www.colegiohispano.edu.co\/siteweb\/wp-json\/wp\/v2\/pages"}],"about":[{"href":"https:\/\/www.colegiohispano.edu.co\/siteweb\/wp-json\/wp\/v2\/types\/page"}],"author":[{"embeddable":true,"href":"https:\/\/www.colegiohispano.edu.co\/siteweb\/wp-json\/wp\/v2\/users\/1"}],"replies":[{"embeddable":true,"href":"https:\/\/www.colegiohispano.edu.co\/siteweb\/wp-json\/wp\/v2\/comments?post=20105"}],"version-history":[{"count":28,"href":"https:\/\/www.colegiohispano.edu.co\/siteweb\/wp-json\/wp\/v2\/pages\/20105\/revisions"}],"predecessor-version":[{"id":20143,"href":"https:\/\/www.colegiohispano.edu.co\/siteweb\/wp-json\/wp\/v2\/pages\/20105\/revisions\/20143"}],"wp:attachment":[{"href":"https:\/\/www.colegiohispano.edu.co\/siteweb\/wp-json\/wp\/v2\/media?parent=20105"}],"curies":[{"name":"wp","href":"https:\/\/api.w.org\/{rel}","templated":true}]}}